{"id":33003,"date":"2006-01-12T19:18:19","date_gmt":"2006-01-12T18:18:19","guid":{"rendered":"http:\/\/www.libraria-occitana.org\/?post_type=product&#038;p=33003\/"},"modified":"2026-04-20T05:41:59","modified_gmt":"2026-04-20T03:41:59","slug":"trobar-chansons-damour-de-la-vierge-a-la-dame","status":"publish","type":"product","link":"https:\/\/www.libraria-occitana.org\/en\/product\/trobar-chansons-damour-de-la-vierge-a-la-dame\/","title":{"rendered":"Trobar : Chansons d&#8217;amour, de la Vierge \u00e0 la Dame"},"content":{"rendered":"<p><strong>Olivier Marcaud :<\/strong> T\u00e9nor<br \/>\n<strong>Jean-Paul Rigaud :<\/strong> Baryton, direction<br \/>\n<strong>Emmanuel Bouquey :<\/strong> Baryton<br \/>\n<strong>Evelyne Moser :<\/strong> Vi\u00e8le<\/p>\n<p>Versus, Trope, Troubadour&#8230;<br \/>\nL&#8217;abbaye Saint Martial de Limoges poss\u00e8de une longue tradition musicale qui s&#8217;\u00e9tend du IXe au XIVe si\u00e8cle et dont l&#8217;apog\u00e9e se situe au XIIe si\u00e8cle. \u00c0 cette \u00e9poque la richesse de sa biblioth\u00e8que musicale est tout autant le r\u00e9sultat d&#8217;un immense travail de compilation et d&#8217;acquisition que de production originale. Cette production est particuli\u00e8rement prolifique dans un genre que l&#8217;on nomme versus.<br \/>\nLe versus est une cr\u00e9ation litt\u00e9raire mise en musique. Au XII\u00e8 si\u00e8cle on appelle versus \u00e0 peu pr\u00e8s tous les chants strophiques ne faisant pas partie de l&#8217;office, qu&#8217;ils soient profanes ou pieux.<br \/>\nC&#8217;est ce terme versus d\u00e9clin\u00e9 en \u00ab vers \u00bb que l&#8217;on retrouve dans la lyrique courtoise des troubadours pour d\u00e9signer une composition nouvelle. Le nom m\u00eame de troubadour (trobador) s&#8217;apparente \u00e0 tropator : faiseur de tropes.<br \/>\nCe genre &#8211; le trope &#8211; appartient au r\u00e9pertoire de la musique monastique, c&#8217;est un terme utilis\u00e9 depuis le VIe si\u00e8cle.<\/p>\n<p><strong>Titres :<\/strong><br \/>\n1. Prima mundi &#8211; Benedicamus versus de St Martial 2&#8217;43<br \/>\n2. Inviolata Maria &#8211; Prose de St Martial\u00a0 5&#8217;08<br \/>\n3. Estat ai &#8211; Bernard de Ventadour 5&#8217;18<br \/>\n4. Lilium floruit &#8211; Versus de St Martial 2&#8217;48<br \/>\n5. Per Letalis Pomi Pastum &#8211; Versus de St Martial 6&#8217;43<br \/>\n6. Lanquan Fuelhan &#8211; Bernard de Ventadour 5&#8217;14<br \/>\n7. Congaudet Hodie &#8211; Versus de St Martial 2&#8217;31<br \/>\n8. Non es meravelha &#8211; Bernard de Ventadour 4&#8217;05<br \/>\n9. Divinum stillant &#8211; Versus de St Martial 4&#8217;05<br \/>\n10. Resonemus &#8211; Versus de St Martial 3&#8217;03<br \/>\n11. Can vei la lauzeta &#8211; Bernard de Ventadour 6&#8217;57<br \/>\n12. Veri solis radius &#8211; Versus de St Martial 10&#8217;36<br \/>\n13. Ara non vei luzir solelh &#8211; Bernard de Ventadour 5&#8217;05<br \/>\n14. Can voi l&#8217;aloete 0&#8217;55<\/p>\n","protected":false},"excerpt":{"rendered":"<p>Olivier Marcaud : T\u00e9nor Jean-Paul Rigaud : Baryton, direction Emmanuel Bouquey : Baryton Evelyne Moser : Vi\u00e8le Versus, Trope, Troubadour&#8230; L&#8217;abbaye Saint Martial de Limoges poss\u00e8de une longue tradition musicale qui s&#8217;\u00e9tend du IXe au XIVe si\u00e8cle et dont l&#8217;apog\u00e9e se situe au XIIe si\u00e8cle. \u00c0 cette \u00e9poque la richesse de sa biblioth\u00e8que musicale est [&hellip;]<\/p>\n","protected":false},"featured_media":36992,"template":"","meta":{"_acf_changed":false,"_genesis_hide_title":false,"_genesis_hide_breadcrumbs":false,"_genesis_hide_singular_image":false,"_genesis_hide_footer_widgets":false,"_genesis_custom_body_class":"","_genesis_custom_post_class":"","_genesis_layout":""},"product_brand":[],"product_cat":[7226,7216],"product_tag":[],"class_list":{"0":"post-33003","1":"product","2":"type-product","3":"status-publish","4":"has-post-thumbnail","6":"product_cat-classical-troubadours-en","7":"product_cat-music-en","8":"pa_auteur-ensemble-beatus-en","9":"pa_editeur-alpha-en","10":"pa_langue-autras-lingas-en","11":"pa_langue-occitan-en","12":"pa_langue-occitan-medievau-en","13":"entry","15":"first","16":"outofstock","17":"shipping-taxable","18":"purchasable","19":"product-type-simple"},"acf":[],"_links":{"self":[{"href":"https:\/\/www.libraria-occitana.org\/en\/wp-json\/wp\/v2\/product\/33003","targetHints":{"allow":["GET"]}}],"collection":[{"href":"https:\/\/www.libraria-occitana.org\/en\/wp-json\/wp\/v2\/product"}],"about":[{"href":"https:\/\/www.libraria-occitana.org\/en\/wp-json\/wp\/v2\/types\/product"}],"wp:featuredmedia":[{"embeddable":true,"href":"https:\/\/www.libraria-occitana.org\/en\/wp-json\/wp\/v2\/media\/36992"}],"wp:attachment":[{"href":"https:\/\/www.libraria-occitana.org\/en\/wp-json\/wp\/v2\/media?parent=33003"}],"wp:term":[{"taxonomy":"product_brand","embeddable":true,"href":"https:\/\/www.libraria-occitana.org\/en\/wp-json\/wp\/v2\/product_brand?post=33003"},{"taxonomy":"product_cat","embeddable":true,"href":"https:\/\/www.libraria-occitana.org\/en\/wp-json\/wp\/v2\/product_cat?post=33003"},{"taxonomy":"product_tag","embeddable":true,"href":"https:\/\/www.libraria-occitana.org\/en\/wp-json\/wp\/v2\/product_tag?post=33003"}],"curies":[{"name":"wp","href":"https:\/\/api.w.org\/{rel}","templated":true}]}}