{"id":33023,"date":"2010-06-04T13:26:24","date_gmt":"2010-06-04T11:26:24","guid":{"rendered":"http:\/\/www.libraria-occitana.org\/?post_type=product&#038;p=33023\/"},"modified":"2026-04-14T00:07:00","modified_gmt":"2026-04-13T22:07:00","slug":"treus","status":"publish","type":"product","link":"https:\/\/www.libraria-occitana.org\/en\/product\/treus\/","title":{"rendered":"Tr\u00e8us"},"content":{"rendered":"<p>Des formes po\u00e9tiques br\u00e8ves, impressions forg\u00e9es de mots dans leur simplicit\u00e9 originelle. Des traces fugitives qui r\u00e9v\u00e8lent la beaut\u00e9 du monde.<\/p>\n","protected":false},"excerpt":{"rendered":"<p>Des formes po\u00e9tiques br\u00e8ves, impressions forg\u00e9es de mots dans leur simplicit\u00e9 originelle. Des traces fugitives qui r\u00e9v\u00e8lent la beaut\u00e9 du monde.<\/p>\n","protected":false},"featured_media":52364,"template":"","meta":{"_acf_changed":false,"_genesis_hide_title":false,"_genesis_hide_breadcrumbs":false,"_genesis_hide_singular_image":false,"_genesis_hide_footer_widgets":false,"_genesis_custom_body_class":"","_genesis_custom_post_class":"","_genesis_layout":""},"product_brand":[],"product_cat":[7132,7174,7180],"product_tag":[],"class_list":{"0":"post-33023","1":"product","2":"type-product","3":"status-publish","4":"has-post-thumbnail","6":"product_cat-books","7":"product_cat-literature-en","8":"product_cat-poetry-en","9":"pa_auteur-petit-joan-maria-en","10":"pa_editeur-letras-doc-en","11":"pa_langue-occitan-en","12":"pa_langue-occitan-lengadocian-en","13":"entry","15":"first","16":"instock","17":"shipping-taxable","18":"purchasable","19":"product-type-simple"},"acf":[],"_links":{"self":[{"href":"https:\/\/www.libraria-occitana.org\/en\/wp-json\/wp\/v2\/product\/33023","targetHints":{"allow":["GET"]}}],"collection":[{"href":"https:\/\/www.libraria-occitana.org\/en\/wp-json\/wp\/v2\/product"}],"about":[{"href":"https:\/\/www.libraria-occitana.org\/en\/wp-json\/wp\/v2\/types\/product"}],"wp:featuredmedia":[{"embeddable":true,"href":"https:\/\/www.libraria-occitana.org\/en\/wp-json\/wp\/v2\/media\/52364"}],"wp:attachment":[{"href":"https:\/\/www.libraria-occitana.org\/en\/wp-json\/wp\/v2\/media?parent=33023"}],"wp:term":[{"taxonomy":"product_brand","embeddable":true,"href":"https:\/\/www.libraria-occitana.org\/en\/wp-json\/wp\/v2\/product_brand?post=33023"},{"taxonomy":"product_cat","embeddable":true,"href":"https:\/\/www.libraria-occitana.org\/en\/wp-json\/wp\/v2\/product_cat?post=33023"},{"taxonomy":"product_tag","embeddable":true,"href":"https:\/\/www.libraria-occitana.org\/en\/wp-json\/wp\/v2\/product_tag?post=33023"}],"curies":[{"name":"wp","href":"https:\/\/api.w.org\/{rel}","templated":true}]}}