{"id":33029,"date":"2000-01-18T12:37:13","date_gmt":"2000-01-18T11:37:13","guid":{"rendered":"http:\/\/www.libraria-occitana.org\/?post_type=product&#038;p=33029\/"},"modified":"2026-04-29T05:31:57","modified_gmt":"2026-04-29T03:31:57","slug":"tresors-doccitanie-robert-lafont","status":"publish","type":"product","link":"https:\/\/www.libraria-occitana.org\/en\/product\/tresors-doccitanie-robert-lafont\/","title":{"rendered":"Tr\u00e9sors d&#8217;Occitanie : Robert Lafont, morceaux choisis dits par l&#8217;auteur"},"content":{"rendered":"<p>Robert Lafont est n\u00e9 \u00e0 N\u00eemes en 1923 et\u00a0mort \u00e0 Florence (Italie) en 2009. Po\u00e8te, romancier, dramaturge et essayiste, son \u0153uvre en occitan appara\u00eet d&#8217;abord comme une tentative d&#8217;exploration, \u00ab litt\u00e9ralement et dans tous les sens \u00bb, des possibilit\u00e9s esth\u00e9tiques d&#8217;une langue. \u00c0 rebours des \u00e9lans trop spontan\u00e9s et loin des modes esth\u00e9tiques, il cherche \u00e0 construire et \u00e0 comprendre. Sa po\u00e9sie, ses romans, ou encore son th\u00e9\u00e2tre, sont autant de pierres concourant \u00e0 l&#8217;\u00e9dification d&#8217;un univers qui place en son centre la pr\u00e9sence humaine et ses raisons d&#8217;exister.<\/p>\n<p>Disque-compact et livre 96 pages avec traductions \u00e0 l&#8217;int\u00e9rieur.<\/p>\n<p><strong>Extrachs de :<\/strong><br \/>\n&#8211; <em>Confidencia fantasiosa<\/em><br \/>\n&#8211; <em>Dire<\/em><br \/>\n&#8211; <em>Aire liure<\/em><br \/>\n&#8211; <em>La primiera persona<\/em><br \/>\n&#8211; <em>Cosmographia montepessulana<\/em><br \/>\n&#8211; <em>Lo decameronet<\/em><\/p>\n","protected":false},"excerpt":{"rendered":"<p>Robert Lafont est n\u00e9 \u00e0 N\u00eemes en 1923 et\u00a0mort \u00e0 Florence (Italie) en 2009. Po\u00e8te, romancier, dramaturge et essayiste, son \u0153uvre en occitan appara\u00eet d&#8217;abord comme une tentative d&#8217;exploration, \u00ab litt\u00e9ralement et dans tous les sens \u00bb, des possibilit\u00e9s esth\u00e9tiques d&#8217;une langue. \u00c0 rebours des \u00e9lans trop spontan\u00e9s et loin des modes esth\u00e9tiques, il cherche [&hellip;]<\/p>\n","protected":false},"featured_media":53005,"template":"","meta":{"_acf_changed":false,"_genesis_hide_title":false,"_genesis_hide_breadcrumbs":false,"_genesis_hide_singular_image":false,"_genesis_hide_footer_widgets":false,"_genesis_custom_body_class":"","_genesis_custom_post_class":"","_genesis_layout":""},"product_brand":[],"product_cat":[7224,7216],"product_tag":[],"class_list":{"0":"post-33029","1":"product","2":"type-product","3":"status-publish","4":"has-post-thumbnail","6":"product_cat-litterature-musique-en","7":"product_cat-music-en","8":"pa_editeur-occitania-produccions-en","9":"pa_illustrateur-lafont-robert-en","10":"pa_langue-occitan-provencau-en","11":"pa_langue-occitan-francais-en","12":"entry","14":"first","15":"outofstock","16":"shipping-taxable","17":"purchasable","18":"product-type-simple"},"acf":[],"_links":{"self":[{"href":"https:\/\/www.libraria-occitana.org\/en\/wp-json\/wp\/v2\/product\/33029","targetHints":{"allow":["GET"]}}],"collection":[{"href":"https:\/\/www.libraria-occitana.org\/en\/wp-json\/wp\/v2\/product"}],"about":[{"href":"https:\/\/www.libraria-occitana.org\/en\/wp-json\/wp\/v2\/types\/product"}],"wp:featuredmedia":[{"embeddable":true,"href":"https:\/\/www.libraria-occitana.org\/en\/wp-json\/wp\/v2\/media\/53005"}],"wp:attachment":[{"href":"https:\/\/www.libraria-occitana.org\/en\/wp-json\/wp\/v2\/media?parent=33029"}],"wp:term":[{"taxonomy":"product_brand","embeddable":true,"href":"https:\/\/www.libraria-occitana.org\/en\/wp-json\/wp\/v2\/product_brand?post=33029"},{"taxonomy":"product_cat","embeddable":true,"href":"https:\/\/www.libraria-occitana.org\/en\/wp-json\/wp\/v2\/product_cat?post=33029"},{"taxonomy":"product_tag","embeddable":true,"href":"https:\/\/www.libraria-occitana.org\/en\/wp-json\/wp\/v2\/product_tag?post=33029"}],"curies":[{"name":"wp","href":"https:\/\/api.w.org\/{rel}","templated":true}]}}