{"id":33031,"date":"1997-06-03T11:32:30","date_gmt":"1997-06-03T09:32:30","guid":{"rendered":"http:\/\/www.libraria-occitana.org\/?post_type=product&#038;p=33031\/"},"modified":"2026-04-26T02:51:30","modified_gmt":"2026-04-26T00:51:30","slug":"tresors-doccitanie-bernard-manciet-morceaux-choisis-dits-par-lauteur","status":"publish","type":"product","link":"https:\/\/www.libraria-occitana.org\/en\/product\/tresors-doccitanie-bernard-manciet-morceaux-choisis-dits-par-lauteur\/","title":{"rendered":"Tr\u00e9sors d&#8217;Occitanie : Bernard Manciet, morceaux choisis dits par l&#8217;auteur"},"content":{"rendered":"<p>N\u00e9 en Sabres (Landes), Bernard Manciet (1923-2005) b\u00e2tit, \u00e0 partir d&#8217;une Lande hauss\u00e9e au rang de lieu universel, une \u0153uvre dont on mesure aujourd&#8217;hui l&#8217;importance. Du souffle \u00e9pique de <em>L&#8217;Enterrament a Sabres<\/em> au lyrisme secret des <em>Sonets<\/em>, Manciet d\u00e9ploie, dans un gascon \u00e2pre, qu&#8217;on dit \u00ab noir \u00bb, une po\u00e9sie faite pour \u00eatre dite \u00e0 haute voix \u2013 ce qu&#8217;il a souvent fait avec des musiciens comme Bernard Lubat. Mais il excelle aussi dans l&#8217;art du r\u00e9cit court, comme on pourra s&#8217;en rendre compte ici.<\/p>\n<p>Disque-compact et livre 96 pages avec traductions \u00e0 l&#8217;int\u00e9rieur.<\/p>\n<p><strong>Extrachs de :<\/strong><\/p>\n<p>&#8211; <em>Odas<\/em><br \/>\n&#8211; <em>Accidents<\/em><br \/>\n&#8211; <em>Compressor<\/em><br \/>\n&#8211; <em>Gesta<\/em><br \/>\n&#8211; <a href=\"http:\/\/www.libraria-occitana.org\/produit\/lo-gojat-de-noveme-le-jeune-homme-de-novembre\/\"><em>Lo gojat de Noveme<\/em><\/a><br \/>\n&#8211; <a href=\"http:\/\/www.libraria-occitana.org\/produit\/la-pluja-lo-camin-de-terra\/\"><em>La pluja<\/em><\/a><br \/>\n&#8211; <a href=\"http:\/\/www.libraria-occitana.org\/produit\/casaus-perduts\/\"><em>Casau perdut<\/em><\/a><br \/>\n&#8211; <a href=\"http:\/\/www.libraria-occitana.org\/produit\/lenterrament-a-sabres\/\"><em>L&#8217;enterrament a Sabres<\/em><\/a><br \/>\n&#8211; <a href=\"http:\/\/www.libraria-occitana.org\/produit\/un-hiver-un-ivern\/\"><em>Un iv\u00e8rn<\/em><\/a><br \/>\n&#8211; <em>Sonets<\/em><br \/>\n&#8211; <em>Impromptu<\/em> (in\u00e9dit)<\/p>\n","protected":false},"excerpt":{"rendered":"<p>N\u00e9 en Sabres (Landes), Bernard Manciet (1923-2005) b\u00e2tit, \u00e0 partir d&#8217;une Lande hauss\u00e9e au rang de lieu universel, une \u0153uvre dont on mesure aujourd&#8217;hui l&#8217;importance. Du souffle \u00e9pique de L&#8217;Enterrament a Sabres au lyrisme secret des Sonets, Manciet d\u00e9ploie, dans un gascon \u00e2pre, qu&#8217;on dit \u00ab noir \u00bb, une po\u00e9sie faite pour \u00eatre dite \u00e0 [&hellip;]<\/p>\n","protected":false},"featured_media":51617,"template":"","meta":{"_acf_changed":false,"_genesis_hide_title":false,"_genesis_hide_breadcrumbs":false,"_genesis_hide_singular_image":false,"_genesis_hide_footer_widgets":false,"_genesis_custom_body_class":"","_genesis_custom_post_class":"","_genesis_layout":""},"product_brand":[],"product_cat":[7132,7224,7216],"product_tag":[],"class_list":{"0":"post-33031","1":"product","2":"type-product","3":"status-publish","4":"has-post-thumbnail","6":"product_cat-books","7":"product_cat-litterature-musique-en","8":"product_cat-music-en","9":"pa_auteur-manciet-bernat-manciet-bernard-en","10":"pa_editeur-occitania-produccions-en","11":"pa_langue-occitan-gascon-en","12":"pa_langue-occitan-francais-en","13":"entry","15":"first","16":"outofstock","17":"shipping-taxable","18":"purchasable","19":"product-type-simple"},"acf":[],"_links":{"self":[{"href":"https:\/\/www.libraria-occitana.org\/en\/wp-json\/wp\/v2\/product\/33031","targetHints":{"allow":["GET"]}}],"collection":[{"href":"https:\/\/www.libraria-occitana.org\/en\/wp-json\/wp\/v2\/product"}],"about":[{"href":"https:\/\/www.libraria-occitana.org\/en\/wp-json\/wp\/v2\/types\/product"}],"wp:featuredmedia":[{"embeddable":true,"href":"https:\/\/www.libraria-occitana.org\/en\/wp-json\/wp\/v2\/media\/51617"}],"wp:attachment":[{"href":"https:\/\/www.libraria-occitana.org\/en\/wp-json\/wp\/v2\/media?parent=33031"}],"wp:term":[{"taxonomy":"product_brand","embeddable":true,"href":"https:\/\/www.libraria-occitana.org\/en\/wp-json\/wp\/v2\/product_brand?post=33031"},{"taxonomy":"product_cat","embeddable":true,"href":"https:\/\/www.libraria-occitana.org\/en\/wp-json\/wp\/v2\/product_cat?post=33031"},{"taxonomy":"product_tag","embeddable":true,"href":"https:\/\/www.libraria-occitana.org\/en\/wp-json\/wp\/v2\/product_tag?post=33031"}],"curies":[{"name":"wp","href":"https:\/\/api.w.org\/{rel}","templated":true}]}}