{"id":33033,"date":"1996-01-18T16:16:22","date_gmt":"1996-01-18T15:16:22","guid":{"rendered":"http:\/\/www.libraria-occitana.org\/?post_type=product&#038;p=33033\/"},"modified":"2026-04-25T06:12:02","modified_gmt":"2026-04-25T04:12:02","slug":"tresors-doccitanie-max-rouquette-morceaux-choisis-dits-par-lauteur","status":"publish","type":"product","link":"https:\/\/www.libraria-occitana.org\/en\/product\/tresors-doccitanie-max-rouquette-morceaux-choisis-dits-par-lauteur\/","title":{"rendered":"Tr\u00e9sors d&#8217;Occitanie : Max Rouquette, morceaux choisis dits par l&#8217;auteur"},"content":{"rendered":"<p>N\u00e9 en 1908 \u00e0 Argelliers (34) et mort en 2005 \u00e0 Montpellier, Max Rouquette s&#8217;est fait conna\u00eetre par <em>Verd Parad\u00eds<\/em> traduit dans le monde entier. Po\u00e8te de la nature, il a modernis\u00e9 la litt\u00e9rature occitane en lui donnant ses lettres de noblesse. Avec des mots droits et fiers, des phrases belles et br\u00fblantes comme la garrigue languedocienne, il d\u00e9poussi\u00e8re, dans la langue des troubadours, les images d&#8217;un Midi enfin d\u00e9livr\u00e9 de ses clich\u00e9s folkloriques. Il dit ici, avec beaucoup de sensibilit\u00e9, les plus beaux extraits de son oeuvre.<\/p>\n<p>Disque-compact et livre 96 pages avec traductions \u00e0 l&#8217;int\u00e9rieur.<\/p>\n<p><strong>Extrachs de :<br \/>\n<\/strong>&#8211; <em><a href=\"http:\/\/www.libraria-occitana.org\/produit\/verd-paradis-i\/\">Verd Parad\u00eds<\/a> (<a href=\"http:\/\/www.libraria-occitana.org\/produit\/vert-paradis-livres-i-et-ii\/\">Vert Paradis<\/a>)<br \/>\n<\/em>&#8211; <a href=\"http:\/\/www.libraria-occitana.org\/produit\/daici-mil-ans-de-lutz-a-mille-annees-lumiere\/\"><em>D&#8217;aic\u00ed mil ans de lutz<\/em><\/a><br \/>\n&#8211; <a href=\"http:\/\/www.libraria-occitana.org\/produit\/los-saumes-de-la-nuoch-les-psaumes-de-la-nuit\/\"><em>Los saumes de la nu\u00f2ch<\/em><\/a><br \/>\n&#8211; <a href=\"http:\/\/www.libraria-occitana.org\/produit\/lo-maucor-de-lunicorn-le-tourment-de-la-licorne\/\"><em>Lo mauc\u00f2r de l&#8217;unic\u00f2rn<\/em><\/a><br \/>\n&#8211; <em>Inedits<\/em><\/p>\n","protected":false},"excerpt":{"rendered":"<p>N\u00e9 en 1908 \u00e0 Argelliers (34) et mort en 2005 \u00e0 Montpellier, Max Rouquette s&#8217;est fait conna\u00eetre par Verd Parad\u00eds traduit dans le monde entier. Po\u00e8te de la nature, il a modernis\u00e9 la litt\u00e9rature occitane en lui donnant ses lettres de noblesse. Avec des mots droits et fiers, des phrases belles et br\u00fblantes comme la [&hellip;]<\/p>\n","protected":false},"featured_media":53008,"template":"","meta":{"_acf_changed":false,"_genesis_hide_title":false,"_genesis_hide_breadcrumbs":false,"_genesis_hide_singular_image":false,"_genesis_hide_footer_widgets":false,"_genesis_custom_body_class":"","_genesis_custom_post_class":"","_genesis_layout":""},"product_brand":[],"product_cat":[7224,7216],"product_tag":[],"class_list":{"0":"post-33033","1":"product","2":"type-product","3":"status-publish","4":"has-post-thumbnail","6":"product_cat-litterature-musique-en","7":"product_cat-music-en","8":"pa_auteur-roqueta-max-en","9":"pa_editeur-occitania-produccions-en","10":"pa_langue-occitan-lengadocian-en","11":"pa_langue-occitan-francais-en","12":"entry","14":"first","15":"outofstock","16":"shipping-taxable","17":"purchasable","18":"product-type-simple"},"acf":[],"_links":{"self":[{"href":"https:\/\/www.libraria-occitana.org\/en\/wp-json\/wp\/v2\/product\/33033","targetHints":{"allow":["GET"]}}],"collection":[{"href":"https:\/\/www.libraria-occitana.org\/en\/wp-json\/wp\/v2\/product"}],"about":[{"href":"https:\/\/www.libraria-occitana.org\/en\/wp-json\/wp\/v2\/types\/product"}],"wp:featuredmedia":[{"embeddable":true,"href":"https:\/\/www.libraria-occitana.org\/en\/wp-json\/wp\/v2\/media\/53008"}],"wp:attachment":[{"href":"https:\/\/www.libraria-occitana.org\/en\/wp-json\/wp\/v2\/media?parent=33033"}],"wp:term":[{"taxonomy":"product_brand","embeddable":true,"href":"https:\/\/www.libraria-occitana.org\/en\/wp-json\/wp\/v2\/product_brand?post=33033"},{"taxonomy":"product_cat","embeddable":true,"href":"https:\/\/www.libraria-occitana.org\/en\/wp-json\/wp\/v2\/product_cat?post=33033"},{"taxonomy":"product_tag","embeddable":true,"href":"https:\/\/www.libraria-occitana.org\/en\/wp-json\/wp\/v2\/product_tag?post=33033"}],"curies":[{"name":"wp","href":"https:\/\/api.w.org\/{rel}","templated":true}]}}