{"id":33041,"date":"2002-11-12T19:44:57","date_gmt":"2002-11-12T18:44:57","guid":{"rendered":"http:\/\/www.libraria-occitana.org\/?post_type=product&#038;p=33041\/"},"modified":"2026-04-29T10:39:47","modified_gmt":"2026-04-29T08:39:47","slug":"tot-en-oc-diccionari-elementari-illustrat-lengadocian","status":"publish","type":"product","link":"https:\/\/www.libraria-occitana.org\/en\/product\/tot-en-oc-diccionari-elementari-illustrat-lengadocian\/","title":{"rendered":"Tot en \u00f2c, diccionari elementari illustrat : Lengadocian"},"content":{"rendered":"<p>Un dictionnaire pratique et moderne tout en occitan de 20 000 entr\u00e9es destin\u00e9 tant aux \u00e9coliers qu\u2019aux utilisateurs quotidiens amoureux de l\u2019occitan.<\/p>\n<p>16 pages illustr\u00e9es en couleur par Patrick Goulesque.<\/p>\n","protected":false},"excerpt":{"rendered":"<p>Un dictionnaire pratique et moderne tout en occitan de 20 000 entr\u00e9es destin\u00e9 tant aux \u00e9coliers qu\u2019aux utilisateurs quotidiens amoureux de l\u2019occitan. 16 pages illustr\u00e9es en couleur par Patrick Goulesque.<\/p>\n","protected":false},"featured_media":54202,"template":"","meta":{"_acf_changed":false,"_genesis_hide_title":false,"_genesis_hide_breadcrumbs":false,"_genesis_hide_singular_image":false,"_genesis_hide_footer_widgets":false,"_genesis_custom_body_class":"","_genesis_custom_post_class":"","_genesis_layout":""},"product_brand":[],"product_cat":[7132,7138,7136],"product_tag":[],"class_list":{"0":"post-33041","1":"product","2":"type-product","3":"status-publish","4":"has-post-thumbnail","6":"product_cat-books","7":"product_cat-dictionaries-grammars-en","8":"product_cat-dictionaries-language-educational-en","9":"pa_auteur-brac-mirelha-en","10":"pa_auteur-marti-robert-en","11":"pa_auteur-roch-a-en","12":"pa_auteur-serras-joan-claudi-en","13":"pa_editeur-ieo-fr-en","14":"pa_langue-occitan-en","15":"pa_langue-occitan-lengadocian-en","16":"entry","18":"first","19":"instock","20":"sold-individually","21":"shipping-taxable","22":"purchasable","23":"product-type-simple"},"acf":[],"_links":{"self":[{"href":"https:\/\/www.libraria-occitana.org\/en\/wp-json\/wp\/v2\/product\/33041","targetHints":{"allow":["GET"]}}],"collection":[{"href":"https:\/\/www.libraria-occitana.org\/en\/wp-json\/wp\/v2\/product"}],"about":[{"href":"https:\/\/www.libraria-occitana.org\/en\/wp-json\/wp\/v2\/types\/product"}],"wp:featuredmedia":[{"embeddable":true,"href":"https:\/\/www.libraria-occitana.org\/en\/wp-json\/wp\/v2\/media\/54202"}],"wp:attachment":[{"href":"https:\/\/www.libraria-occitana.org\/en\/wp-json\/wp\/v2\/media?parent=33041"}],"wp:term":[{"taxonomy":"product_brand","embeddable":true,"href":"https:\/\/www.libraria-occitana.org\/en\/wp-json\/wp\/v2\/product_brand?post=33041"},{"taxonomy":"product_cat","embeddable":true,"href":"https:\/\/www.libraria-occitana.org\/en\/wp-json\/wp\/v2\/product_cat?post=33041"},{"taxonomy":"product_tag","embeddable":true,"href":"https:\/\/www.libraria-occitana.org\/en\/wp-json\/wp\/v2\/product_tag?post=33041"}],"curies":[{"name":"wp","href":"https:\/\/api.w.org\/{rel}","templated":true}]}}