{"id":33046,"date":"2007-11-29T09:39:17","date_gmt":"2007-11-29T08:39:17","guid":{"rendered":"http:\/\/www.libraria-occitana.org\/?post_type=product&#038;p=33046\/"},"modified":"2026-04-29T10:52:44","modified_gmt":"2026-04-29T08:52:44","slug":"toponymie-des-pays-occitans","status":"publish","type":"product","link":"https:\/\/www.libraria-occitana.org\/en\/product\/toponymie-des-pays-occitans\/","title":{"rendered":"Toponymie des pays occitans"},"content":{"rendered":"<p>Quelle est l&#8217;origine des noms de lieux ? Pays, provinces, communes, lieux-dits, rivi\u00e8res et mar\u00e9cages, montagnes et plaines, chaque nom trouve ici son explication.<\/p>\n<p>Les lecteurs passionn\u00e9s d&#8217;histoire locale ou de g\u00e9n\u00e9alogie trouveront aussi la cl\u00e9 de nombreux noms de famille. Les collectivit\u00e9s locales ou territoriales et bien d&#8217;autres institutions d\u00e9couvriront d&#8217;utiles renseignements permettant de mettre en valeur leur patrimoine toponymique.<\/p>\n","protected":false},"excerpt":{"rendered":"<p>Quelle est l&#8217;origine des noms de lieux ? Pays, provinces, communes, lieux-dits, rivi\u00e8res et mar\u00e9cages, montagnes et plaines, chaque nom trouve ici son explication. Les lecteurs passionn\u00e9s d&#8217;histoire locale ou de g\u00e9n\u00e9alogie trouveront aussi la cl\u00e9 de nombreux noms de famille. Les collectivit\u00e9s locales ou territoriales et bien d&#8217;autres institutions d\u00e9couvriront d&#8217;utiles renseignements permettant de [&hellip;]<\/p>\n","protected":false},"featured_media":37859,"template":"","meta":{"_acf_changed":false,"_genesis_hide_title":false,"_genesis_hide_breadcrumbs":false,"_genesis_hide_singular_image":false,"_genesis_hide_footer_widgets":false,"_genesis_custom_body_class":"","_genesis_custom_post_class":"","_genesis_layout":""},"product_brand":[],"product_cat":[7132,7148,7162],"product_tag":[],"class_list":{"0":"post-33046","1":"product","2":"type-product","3":"status-publish","4":"has-post-thumbnail","6":"product_cat-books","7":"product_cat-history-geography-en","8":"product_cat-place-names-peoples-names-en","9":"pa_auteur-boyrie-fenie-benedicte-en","10":"pa_auteur-fenie-jean-jacques-en","11":"pa_editeur-sud-ouest-en","12":"pa_langue-francais-en","13":"entry","15":"first","16":"outofstock","17":"shipping-taxable","18":"purchasable","19":"product-type-simple"},"acf":[],"_links":{"self":[{"href":"https:\/\/www.libraria-occitana.org\/en\/wp-json\/wp\/v2\/product\/33046","targetHints":{"allow":["GET"]}}],"collection":[{"href":"https:\/\/www.libraria-occitana.org\/en\/wp-json\/wp\/v2\/product"}],"about":[{"href":"https:\/\/www.libraria-occitana.org\/en\/wp-json\/wp\/v2\/types\/product"}],"wp:featuredmedia":[{"embeddable":true,"href":"https:\/\/www.libraria-occitana.org\/en\/wp-json\/wp\/v2\/media\/37859"}],"wp:attachment":[{"href":"https:\/\/www.libraria-occitana.org\/en\/wp-json\/wp\/v2\/media?parent=33046"}],"wp:term":[{"taxonomy":"product_brand","embeddable":true,"href":"https:\/\/www.libraria-occitana.org\/en\/wp-json\/wp\/v2\/product_brand?post=33046"},{"taxonomy":"product_cat","embeddable":true,"href":"https:\/\/www.libraria-occitana.org\/en\/wp-json\/wp\/v2\/product_cat?post=33046"},{"taxonomy":"product_tag","embeddable":true,"href":"https:\/\/www.libraria-occitana.org\/en\/wp-json\/wp\/v2\/product_tag?post=33046"}],"curies":[{"name":"wp","href":"https:\/\/api.w.org\/{rel}","templated":true}]}}