{"id":33049,"date":"1997-04-29T09:43:15","date_gmt":"1997-04-29T07:43:15","guid":{"rendered":"http:\/\/www.libraria-occitana.org\/?post_type=product&#038;p=33049\/"},"modified":"2026-04-29T10:52:31","modified_gmt":"2026-04-29T08:52:31","slug":"toponymie-occitane","status":"publish","type":"product","link":"https:\/\/www.libraria-occitana.org\/en\/product\/toponymie-occitane\/","title":{"rendered":"Toponymie occitane"},"content":{"rendered":"<p>L&#8217;Argendouble, Bouygues, Bouzigues, Les Cloupiers, Cocur\u00e8s, Cucugnan et Cirq-Toulza, Lacaune, La Couillade des Bourriques, Fr\u00e9jorques, Garouillasses, Grau de Maury, Pardailhan, Puycelci, Piquepoule et Cantegaline, Viols-Le-Fort ou La Vitarelle, P\u00e9rigord, Quercy ou Rouergue&#8230; Autant de communes, de lieux-dits, de rivi\u00e8res ou de provinces au nom souvent \u00e9tonnant, parfois \u00e9nigmatique.<\/p>\n<p>La toponymie \u2013 au carrefour de la linguistique, de la g\u00e9ographie et de l&#8217;histoire \u2013 est une discipline d\u00e9licate. Les racines de nos villages et de nos hameaux plongent si loin dans le pass\u00e9 !<\/p>\n<p>Au c\u0153ur du domaine occitan, les pays de dialecte languedocien couvrent un large espace qui s&#8217;\u00e9tend de la Dordogne aux \u00e9tangs du Languedoc, et va de l&#8217;Aubrac aux Corbi\u00e8res.<\/p>\n<p>T\u00e9moins de l&#8217;occupation ancienne des hommes, reflets des for\u00eats ou des landes qui couvraient le territoire avant les grands d\u00e9frichements, les noms de lieux sont autant de jalons pour l&#8217;histoire de l&#8217;Occitanie.<\/p>\n","protected":false},"excerpt":{"rendered":"<p>L&#8217;Argendouble, Bouygues, Bouzigues, Les Cloupiers, Cocur\u00e8s, Cucugnan et Cirq-Toulza, Lacaune, La Couillade des Bourriques, Fr\u00e9jorques, Garouillasses, Grau de Maury, Pardailhan, Puycelci, Piquepoule et Cantegaline, Viols-Le-Fort ou La Vitarelle, P\u00e9rigord, Quercy ou Rouergue&#8230; Autant de communes, de lieux-dits, de rivi\u00e8res ou de provinces au nom souvent \u00e9tonnant, parfois \u00e9nigmatique. La toponymie \u2013 au carrefour de la [&hellip;]<\/p>\n","protected":false},"featured_media":37863,"template":"","meta":{"_acf_changed":false,"_genesis_hide_title":false,"_genesis_hide_breadcrumbs":false,"_genesis_hide_singular_image":false,"_genesis_hide_footer_widgets":false,"_genesis_custom_body_class":"","_genesis_custom_post_class":"","_genesis_layout":""},"product_brand":[],"product_cat":[7132,7148,7162],"product_tag":[],"class_list":{"0":"post-33049","1":"product","2":"type-product","3":"status-publish","4":"has-post-thumbnail","6":"product_cat-books","7":"product_cat-history-geography-en","8":"product_cat-place-names-peoples-names-en","9":"pa_auteur-fenie-benedicte-en","10":"pa_auteur-fenie-jean-jacques-en","11":"pa_editeur-sud-ouest-en","12":"pa_langue-francais-en","13":"entry","15":"first","16":"outofstock","17":"shipping-taxable","18":"purchasable","19":"product-type-simple"},"acf":[],"_links":{"self":[{"href":"https:\/\/www.libraria-occitana.org\/en\/wp-json\/wp\/v2\/product\/33049","targetHints":{"allow":["GET"]}}],"collection":[{"href":"https:\/\/www.libraria-occitana.org\/en\/wp-json\/wp\/v2\/product"}],"about":[{"href":"https:\/\/www.libraria-occitana.org\/en\/wp-json\/wp\/v2\/types\/product"}],"wp:featuredmedia":[{"embeddable":true,"href":"https:\/\/www.libraria-occitana.org\/en\/wp-json\/wp\/v2\/media\/37863"}],"wp:attachment":[{"href":"https:\/\/www.libraria-occitana.org\/en\/wp-json\/wp\/v2\/media?parent=33049"}],"wp:term":[{"taxonomy":"product_brand","embeddable":true,"href":"https:\/\/www.libraria-occitana.org\/en\/wp-json\/wp\/v2\/product_brand?post=33049"},{"taxonomy":"product_cat","embeddable":true,"href":"https:\/\/www.libraria-occitana.org\/en\/wp-json\/wp\/v2\/product_cat?post=33049"},{"taxonomy":"product_tag","embeddable":true,"href":"https:\/\/www.libraria-occitana.org\/en\/wp-json\/wp\/v2\/product_tag?post=33049"}],"curies":[{"name":"wp","href":"https:\/\/api.w.org\/{rel}","templated":true}]}}