{"id":33269,"date":"2021-10-25T15:58:23","date_gmt":"2021-10-25T13:58:23","guid":{"rendered":"http:\/\/www.libraria-occitana.org\/?post_type=product&#038;p=33269\/"},"modified":"2026-04-29T01:37:03","modified_gmt":"2026-04-28T23:37:03","slug":"recettes-gourmandes-du-limousin","status":"publish","type":"product","link":"https:\/\/www.libraria-occitana.org\/en\/product\/recettes-gourmandes-du-limousin\/","title":{"rendered":"Recettes gourmandes du Limousin"},"content":{"rendered":"<p>Des recettes traditionnelles du Limousin \u00e0 r\u00e9aliser facilement, mises au go\u00fbt du jour. Pour se r\u00e9galer dans le Limousin et devenir un sp\u00e9cialiste de la cuisine locale.<br \/>\nUn tour d\u2019horizon gastronomique au c\u0153ur d&#8217;une r\u00e9gion, riche en saveurs et en odeurs !<\/p>\n","protected":false},"excerpt":{"rendered":"<p>Des recettes traditionnelles du Limousin \u00e0 r\u00e9aliser facilement, mises au go\u00fbt du jour. Pour se r\u00e9galer dans le Limousin et devenir un sp\u00e9cialiste de la cuisine locale. Un tour d\u2019horizon gastronomique au c\u0153ur d&#8217;une r\u00e9gion, riche en saveurs et en odeurs !<\/p>\n","protected":false},"featured_media":55102,"template":"","meta":{"_acf_changed":false,"_genesis_hide_title":false,"_genesis_hide_breadcrumbs":false,"_genesis_hide_singular_image":false,"_genesis_hide_footer_widgets":false,"_genesis_custom_body_class":"","_genesis_custom_post_class":"","_genesis_layout":""},"product_brand":[],"product_cat":[7132,7210,7206],"product_tag":[],"class_list":{"0":"post-33269","1":"product","2":"type-product","3":"status-publish","4":"has-post-thumbnail","6":"product_cat-books","7":"product_cat-cooking-cuisine-en","8":"product_cat-traditions-heritage-en","9":"pa_editeur-geste-en","10":"pa_langue-francais-en","11":"entry","13":"first","14":"instock","15":"shipping-taxable","16":"purchasable","17":"product-type-simple"},"acf":[],"_links":{"self":[{"href":"https:\/\/www.libraria-occitana.org\/en\/wp-json\/wp\/v2\/product\/33269","targetHints":{"allow":["GET"]}}],"collection":[{"href":"https:\/\/www.libraria-occitana.org\/en\/wp-json\/wp\/v2\/product"}],"about":[{"href":"https:\/\/www.libraria-occitana.org\/en\/wp-json\/wp\/v2\/types\/product"}],"wp:featuredmedia":[{"embeddable":true,"href":"https:\/\/www.libraria-occitana.org\/en\/wp-json\/wp\/v2\/media\/55102"}],"wp:attachment":[{"href":"https:\/\/www.libraria-occitana.org\/en\/wp-json\/wp\/v2\/media?parent=33269"}],"wp:term":[{"taxonomy":"product_brand","embeddable":true,"href":"https:\/\/www.libraria-occitana.org\/en\/wp-json\/wp\/v2\/product_brand?post=33269"},{"taxonomy":"product_cat","embeddable":true,"href":"https:\/\/www.libraria-occitana.org\/en\/wp-json\/wp\/v2\/product_cat?post=33269"},{"taxonomy":"product_tag","embeddable":true,"href":"https:\/\/www.libraria-occitana.org\/en\/wp-json\/wp\/v2\/product_tag?post=33269"}],"curies":[{"name":"wp","href":"https:\/\/api.w.org\/{rel}","templated":true}]}}