{"id":33273,"date":"2018-07-19T13:29:41","date_gmt":"2018-07-19T11:29:41","guid":{"rendered":"http:\/\/www.libraria-occitana.org\/?post_type=product&#038;p=33273\/"},"modified":"2026-04-17T21:51:35","modified_gmt":"2026-04-17T19:51:35","slug":"recettes-dauvergne","status":"publish","type":"product","link":"https:\/\/www.libraria-occitana.org\/en\/product\/recettes-dauvergne\/","title":{"rendered":"Recettes d&#8217;Auvergne"},"content":{"rendered":"<p>L&#8217;Auvergne gourmande nous livre ses tr\u00e9sors : simple, fid\u00e8le au pass\u00e9 et surtout authentique, comme les gens d&#8217;ici. Ce patrimoine go\u00fbteux est mis en mots et en images par deux amoureux de cette terre qui les a vus na\u00eetre.<\/p>\n<p>Avec Christiane Valat et Daniel Brug\u00e8s, laissez-vous donc prendre par les papilles&#8230; tout simplement.<\/p>\n","protected":false},"excerpt":{"rendered":"<p>L&#8217;Auvergne gourmande nous livre ses tr\u00e9sors : simple, fid\u00e8le au pass\u00e9 et surtout authentique, comme les gens d&#8217;ici. Ce patrimoine go\u00fbteux est mis en mots et en images par deux amoureux de cette terre qui les a vus na\u00eetre. Avec Christiane Valat et Daniel Brug\u00e8s, laissez-vous donc prendre par les papilles&#8230; tout simplement.<\/p>\n","protected":false},"featured_media":53798,"template":"","meta":{"_acf_changed":false,"_genesis_hide_title":false,"_genesis_hide_breadcrumbs":false,"_genesis_hide_singular_image":false,"_genesis_hide_footer_widgets":false,"_genesis_custom_body_class":"","_genesis_custom_post_class":"","_genesis_layout":""},"product_brand":[],"product_cat":[7132,7210,7206],"product_tag":[],"class_list":{"0":"post-33273","1":"product","2":"type-product","3":"status-publish","4":"has-post-thumbnail","6":"product_cat-books","7":"product_cat-cooking-cuisine-en","8":"product_cat-traditions-heritage-en","9":"pa_auteur-valat-christiane-en","10":"pa_editeur-de-boree-en","11":"pa_illustrateur-bruges-daniel-en","12":"pa_langue-francais-en","13":"entry","15":"first","16":"outofstock","17":"shipping-taxable","18":"purchasable","19":"product-type-simple"},"acf":[],"_links":{"self":[{"href":"https:\/\/www.libraria-occitana.org\/en\/wp-json\/wp\/v2\/product\/33273","targetHints":{"allow":["GET"]}}],"collection":[{"href":"https:\/\/www.libraria-occitana.org\/en\/wp-json\/wp\/v2\/product"}],"about":[{"href":"https:\/\/www.libraria-occitana.org\/en\/wp-json\/wp\/v2\/types\/product"}],"wp:featuredmedia":[{"embeddable":true,"href":"https:\/\/www.libraria-occitana.org\/en\/wp-json\/wp\/v2\/media\/53798"}],"wp:attachment":[{"href":"https:\/\/www.libraria-occitana.org\/en\/wp-json\/wp\/v2\/media?parent=33273"}],"wp:term":[{"taxonomy":"product_brand","embeddable":true,"href":"https:\/\/www.libraria-occitana.org\/en\/wp-json\/wp\/v2\/product_brand?post=33273"},{"taxonomy":"product_cat","embeddable":true,"href":"https:\/\/www.libraria-occitana.org\/en\/wp-json\/wp\/v2\/product_cat?post=33273"},{"taxonomy":"product_tag","embeddable":true,"href":"https:\/\/www.libraria-occitana.org\/en\/wp-json\/wp\/v2\/product_tag?post=33273"}],"curies":[{"name":"wp","href":"https:\/\/api.w.org\/{rel}","templated":true}]}}