{"id":33283,"date":"2006-08-26T15:17:23","date_gmt":"2006-08-26T13:17:23","guid":{"rendered":"http:\/\/www.libraria-occitana.org\/?post_type=product&#038;p=33283\/"},"modified":"2026-04-29T02:16:11","modified_gmt":"2026-04-29T00:16:11","slug":"refrac-terre-doc","status":"publish","type":"product","link":"https:\/\/www.libraria-occitana.org\/en\/product\/refrac-terre-doc\/","title":{"rendered":"R\u00e9frac&#8230; Terre d&#8217;Oc"},"content":{"rendered":"<p><strong>Jean Alambre :<\/strong> Chant, paroles et musiques<br \/>\nSauf D&#8217;ente ses : paroles Jean Alambre, musiques Gilles Puyfag\u00e8s, Jean-Michel Ponty et Philippe Destrem et Girofl\u00e9 Girofla : folklore<\/p>\n<p><strong>Gilles Puyfag\u00e8s :<\/strong> Accord\u00e9on<br \/>\n<strong>J\u00e9r\u00e9mie Astor :<\/strong> Contrebasse et guitare<br \/>\n<strong>S\u00e9bastien Brival :<\/strong> Batterie<br \/>\n<strong>Jean-Michel Ponty :<\/strong> Vielle \u00e0 roue, cornemuse<br \/>\n<strong>Philippe Destrem :<\/strong> Vielle \u00e0 roue, cornemuse<\/p>\n<p>\u00ab Entre styles \u00ab chanson Rive Gauche \u00bb et influences \u00ab Jazzy-trad \u00bb, on retrouve un Jean Alambre qui n\u2019a rien perdu de sa verve des ann\u00e9es 70-80. Il ne se contente pas d\u2019inscrire ses engagements dans ses textes. Ses rep\u00e8res ne sont pas ceux des chanteurs militants ordinaires. Il essaie d\u2019aller au-del\u00e0 en empruntant les itin\u00e9raires caress\u00e9s par les vents, baign\u00e9s par le soleil et l\u2019eau. \u00bb<\/p>\n<p><strong>Titres :<\/strong><br \/>\n1. D&#8217;ente ses&#8230;<br \/>\n2. &#8230;De Romecs e d&#8217;espinassos 8&#8217;03<br \/>\n3. L&#8217;Temps du \u00ab Trois Temps \u00bb 3&#8217;42<br \/>\n4. L&#8217;Arbre 4&#8217;47<br \/>\n5. L&#8217;oiseau bless\u00e9 de St Martin 4&#8217;06<br \/>\n6. Le March\u00e9 aux Fleurs 3&#8217;56<br \/>\n7. De Ch\u00e2lusset \u00e0 Ventadour 3&#8217;26<br \/>\n8. Li aur\u00e1 pus res 3&#8217;02<br \/>\n9. L&#8217;innocent 2&#8217;38<br \/>\n10. La Jacquerie 5&#8217;13<br \/>\n11. Girofl\u00e9 Girofla 3&#8217;24<br \/>\n12. Ma Villa 4&#8217;03<\/p>\n","protected":false},"excerpt":{"rendered":"<p>Jean Alambre : Chant, paroles et musiques Sauf D&#8217;ente ses : paroles Jean Alambre, musiques Gilles Puyfag\u00e8s, Jean-Michel Ponty et Philippe Destrem et Girofl\u00e9 Girofla : folklore Gilles Puyfag\u00e8s : Accord\u00e9on J\u00e9r\u00e9mie Astor : Contrebasse et guitare S\u00e9bastien Brival : Batterie Jean-Michel Ponty : Vielle \u00e0 roue, cornemuse Philippe Destrem : Vielle \u00e0 roue, cornemuse [&hellip;]<\/p>\n","protected":false},"featured_media":46057,"template":"","meta":{"_acf_changed":false,"_genesis_hide_title":false,"_genesis_hide_breadcrumbs":false,"_genesis_hide_singular_image":false,"_genesis_hide_footer_widgets":false,"_genesis_custom_body_class":"","_genesis_custom_post_class":"","_genesis_layout":""},"product_brand":[],"product_cat":[7216,7218],"product_tag":[],"class_list":{"0":"post-33283","1":"product","2":"type-product","3":"status-publish","4":"has-post-thumbnail","6":"product_cat-music-en","7":"product_cat-voice-en","8":"pa_auteur-alambre-jean-en","9":"pa_editeur-jean-alambre-en","10":"pa_langue-francais-en","11":"pa_langue-occitan-en","12":"pa_langue-occitan-lemosin-en","13":"entry","15":"first","16":"instock","17":"shipping-taxable","18":"purchasable","19":"product-type-simple"},"acf":[],"_links":{"self":[{"href":"https:\/\/www.libraria-occitana.org\/en\/wp-json\/wp\/v2\/product\/33283","targetHints":{"allow":["GET"]}}],"collection":[{"href":"https:\/\/www.libraria-occitana.org\/en\/wp-json\/wp\/v2\/product"}],"about":[{"href":"https:\/\/www.libraria-occitana.org\/en\/wp-json\/wp\/v2\/types\/product"}],"wp:featuredmedia":[{"embeddable":true,"href":"https:\/\/www.libraria-occitana.org\/en\/wp-json\/wp\/v2\/media\/46057"}],"wp:attachment":[{"href":"https:\/\/www.libraria-occitana.org\/en\/wp-json\/wp\/v2\/media?parent=33283"}],"wp:term":[{"taxonomy":"product_brand","embeddable":true,"href":"https:\/\/www.libraria-occitana.org\/en\/wp-json\/wp\/v2\/product_brand?post=33283"},{"taxonomy":"product_cat","embeddable":true,"href":"https:\/\/www.libraria-occitana.org\/en\/wp-json\/wp\/v2\/product_cat?post=33283"},{"taxonomy":"product_tag","embeddable":true,"href":"https:\/\/www.libraria-occitana.org\/en\/wp-json\/wp\/v2\/product_tag?post=33283"}],"curies":[{"name":"wp","href":"https:\/\/api.w.org\/{rel}","templated":true}]}}