{"id":33286,"date":"2013-05-24T16:35:53","date_gmt":"2013-05-24T14:35:53","guid":{"rendered":"http:\/\/www.libraria-occitana.org\/?post_type=product&#038;p=33286\/"},"modified":"2026-04-29T07:01:11","modified_gmt":"2026-04-29T05:01:11","slug":"quora-despareisseron-lu-colombs","status":"publish","type":"product","link":"https:\/\/www.libraria-occitana.org\/en\/product\/quora-despareisseron-lu-colombs\/","title":{"rendered":"Quora despareiss\u00e8ron lu colombs"},"content":{"rendered":"<p>L\u2019\u0153uvre de Sofi Oksanen nous parle au plus profond de nous m\u00eame parce qu\u2019elle est intrins\u00e8quement humaine, et parce qu\u2019\u00e0 partir de l\u2019exp\u00e9rience de ses personnages, nous partageons ce qu\u2019ont pu vivre nos anciens et que nous abordons \u00e9galement une r\u00e9flexion sur la force de notre conscience, de nos convictions. Pour autant, elle ne nous donne aucune le\u00e7on ; Sofi Oksanen ne prend pas part au choix du bien ou du mal, mais son \u0153uvre permet de faire ressentir l\u2019\u00e2me humaine face \u00e0 son destin.<\/p>\n","protected":false},"excerpt":{"rendered":"<p>L\u2019\u0153uvre de Sofi Oksanen nous parle au plus profond de nous m\u00eame parce qu\u2019elle est intrins\u00e8quement humaine, et parce qu\u2019\u00e0 partir de l\u2019exp\u00e9rience de ses personnages, nous partageons ce qu\u2019ont pu vivre nos anciens et que nous abordons \u00e9galement une r\u00e9flexion sur la force de notre conscience, de nos convictions. Pour autant, elle ne nous [&hellip;]<\/p>\n","protected":false},"featured_media":37199,"template":"","meta":{"_acf_changed":false,"_genesis_hide_title":false,"_genesis_hide_breadcrumbs":false,"_genesis_hide_singular_image":false,"_genesis_hide_footer_widgets":false,"_genesis_custom_body_class":"","_genesis_custom_post_class":"","_genesis_layout":""},"product_brand":[],"product_cat":[7132,7174,7182],"product_tag":[],"class_list":{"0":"post-33286","1":"product","2":"type-product","3":"status-publish","4":"has-post-thumbnail","6":"product_cat-books","7":"product_cat-literature-en","8":"product_cat-novels-short-stories-en","9":"pa_auteur-oksanen-sofi-en","10":"pa_editeur-creo-provenca-en","11":"pa_editeur-ieo-paca-en","12":"pa_illustrateur-cagnoli-sebastien-en","13":"pa_illustrateur-carabatta-miquel-de-en","14":"pa_langue-occitan-en","15":"pa_langue-occitan-provencau-en","16":"entry","18":"first","19":"instock","20":"shipping-taxable","21":"purchasable","22":"product-type-simple"},"acf":[],"_links":{"self":[{"href":"https:\/\/www.libraria-occitana.org\/en\/wp-json\/wp\/v2\/product\/33286","targetHints":{"allow":["GET"]}}],"collection":[{"href":"https:\/\/www.libraria-occitana.org\/en\/wp-json\/wp\/v2\/product"}],"about":[{"href":"https:\/\/www.libraria-occitana.org\/en\/wp-json\/wp\/v2\/types\/product"}],"wp:featuredmedia":[{"embeddable":true,"href":"https:\/\/www.libraria-occitana.org\/en\/wp-json\/wp\/v2\/media\/37199"}],"wp:attachment":[{"href":"https:\/\/www.libraria-occitana.org\/en\/wp-json\/wp\/v2\/media?parent=33286"}],"wp:term":[{"taxonomy":"product_brand","embeddable":true,"href":"https:\/\/www.libraria-occitana.org\/en\/wp-json\/wp\/v2\/product_brand?post=33286"},{"taxonomy":"product_cat","embeddable":true,"href":"https:\/\/www.libraria-occitana.org\/en\/wp-json\/wp\/v2\/product_cat?post=33286"},{"taxonomy":"product_tag","embeddable":true,"href":"https:\/\/www.libraria-occitana.org\/en\/wp-json\/wp\/v2\/product_tag?post=33286"}],"curies":[{"name":"wp","href":"https:\/\/api.w.org\/{rel}","templated":true}]}}