{"id":33311,"date":"2005-07-16T13:41:11","date_gmt":"2005-07-16T11:41:11","guid":{"rendered":"http:\/\/www.libraria-occitana.org\/?post_type=product&#038;p=33311\/"},"modified":"2026-04-29T10:36:29","modified_gmt":"2026-04-29T08:36:29","slug":"pour-une-image-veridique-dalienor-daquitaine","status":"publish","type":"product","link":"https:\/\/www.libraria-occitana.org\/en\/product\/pour-une-image-veridique-dalienor-daquitaine\/","title":{"rendered":"Pour une image v\u00e9ridique d&#8217;Ali\u00e9nor d&#8217;Aquitaine"},"content":{"rendered":"<p>La pr\u00e9sente biographie d&#8217;Ali\u00e9nor d&#8217;Aquitaine a fait date et demeure un mod\u00e8le de rigueur scientifique. L&#8217;existence agit\u00e9e de la \u00ab deux fois reine \u00bb avait d\u00e9j\u00e0 fait couler beaucoup d&#8217;encre depuis le XVIIIe si\u00e8cle. Mais quand certains auteurs s&#8217;\u00e9taient plus attach\u00e9s \u00e0 raconter l&#8217;histoire de son si\u00e8cle que la vie m\u00eame de la petite-fille de Guillaume le Troubadour, la plupart des autres, fascin\u00e9s \u00e0 l&#8217;exc\u00e8s par son exceptionnelle destin\u00e9e, ne s&#8217;\u00e9taient pas priv\u00e9s d&#8217;en romancer \u00e0 loisir les \u00e9pisodes les plus attrayants. Avec prudence et modestie, Edmond-Ren\u00e9 Labande est retourn\u00e9 aux sources les plus s\u00fbres, qu&#8217;il a su analyser et interpr\u00e9ter avec une rare finesse. Il en r\u00e9sulte un portrait d&#8217;Ali\u00e9nor d\u00e9barrass\u00e9e des encombrantes l\u00e9gendes dont on l&#8217;avait affubl\u00e9e, une \u00ab image v\u00e9ridique \u00bb qui prouve, s&#8217;il en \u00e9tait besoin, que la r\u00e9alit\u00e9 historique d\u00e9passe de beaucoup en int\u00e9r\u00eat la fiction.<\/p>\n<p style=\"text-align: right;\">Edmond-Ren\u00e9 Labande<\/p>\n<p>Parue dans le <em>Bulletin de la Soci\u00e9t\u00e9 des Antiquaires de l&#8217;Ouest<\/em> en 1952, cette biographie d&#8217;Ali\u00e9nor d&#8217;Aquitaine a \u00e9t\u00e9 longtemps lue, cit\u00e9e et plagi\u00e9e. La qualit\u00e9 de son \u00e9rudition est, en effet, remarquable. Il s&#8217;agit m\u00eame de la premi\u00e8re \u00e9tude de la reine fond\u00e9e sur une analyse scientifique des documents m\u00e9di\u00e9vaux. Tout pr\u00e9disposait Edmond-Ren\u00e9 Labande (mort en 1992) \u00e0 la r\u00e9diger. Archiviste-pal\u00e9ographe, repr\u00e9sentant de l&#8217;\u00e9cole m\u00e9thodique accordant une place primordiale \u00e0 la source historique, il \u00e9tait aussi professeur \u00e0 l&#8217;Universit\u00e9 de Poitiers, la ville par excellence d&#8217;Ali\u00e9nor d&#8217;Aquitaine.<\/p>\n","protected":false},"excerpt":{"rendered":"<p>La pr\u00e9sente biographie d&#8217;Ali\u00e9nor d&#8217;Aquitaine a fait date et demeure un mod\u00e8le de rigueur scientifique. L&#8217;existence agit\u00e9e de la \u00ab deux fois reine \u00bb avait d\u00e9j\u00e0 fait couler beaucoup d&#8217;encre depuis le XVIIIe si\u00e8cle. Mais quand certains auteurs s&#8217;\u00e9taient plus attach\u00e9s \u00e0 raconter l&#8217;histoire de son si\u00e8cle que la vie m\u00eame de la petite-fille de [&hellip;]<\/p>\n","protected":false},"featured_media":44802,"template":"","meta":{"_acf_changed":false,"_genesis_hide_title":false,"_genesis_hide_breadcrumbs":false,"_genesis_hide_singular_image":false,"_genesis_hide_footer_widgets":false,"_genesis_custom_body_class":"","_genesis_custom_post_class":"","_genesis_layout":""},"product_brand":[],"product_cat":[7132,7148,7160],"product_tag":[],"class_list":{"0":"post-33311","1":"product","2":"type-product","3":"status-publish","4":"has-post-thumbnail","6":"product_cat-books","7":"product_cat-history-geography-en","8":"product_cat-medieval-history-en","9":"pa_auteur-labande-edmond-rene-en","10":"pa_editeur-geste-en","11":"pa_langue-francais-en","12":"entry","14":"first","15":"outofstock","16":"shipping-taxable","17":"purchasable","18":"product-type-simple"},"acf":[],"_links":{"self":[{"href":"https:\/\/www.libraria-occitana.org\/en\/wp-json\/wp\/v2\/product\/33311","targetHints":{"allow":["GET"]}}],"collection":[{"href":"https:\/\/www.libraria-occitana.org\/en\/wp-json\/wp\/v2\/product"}],"about":[{"href":"https:\/\/www.libraria-occitana.org\/en\/wp-json\/wp\/v2\/types\/product"}],"wp:featuredmedia":[{"embeddable":true,"href":"https:\/\/www.libraria-occitana.org\/en\/wp-json\/wp\/v2\/media\/44802"}],"wp:attachment":[{"href":"https:\/\/www.libraria-occitana.org\/en\/wp-json\/wp\/v2\/media?parent=33311"}],"wp:term":[{"taxonomy":"product_brand","embeddable":true,"href":"https:\/\/www.libraria-occitana.org\/en\/wp-json\/wp\/v2\/product_brand?post=33311"},{"taxonomy":"product_cat","embeddable":true,"href":"https:\/\/www.libraria-occitana.org\/en\/wp-json\/wp\/v2\/product_cat?post=33311"},{"taxonomy":"product_tag","embeddable":true,"href":"https:\/\/www.libraria-occitana.org\/en\/wp-json\/wp\/v2\/product_tag?post=33311"}],"curies":[{"name":"wp","href":"https:\/\/api.w.org\/{rel}","templated":true}]}}