{"id":33338,"date":"2006-03-31T19:12:29","date_gmt":"2006-03-31T17:12:29","guid":{"rendered":"http:\/\/www.libraria-occitana.org\/?post_type=product&#038;p=33338\/"},"modified":"2026-04-25T04:11:20","modified_gmt":"2026-04-25T02:11:20","slug":"portraits-de-troubadours-initiales-des-chansonniers-provencaux-i-k-2","status":"publish","type":"product","link":"https:\/\/www.libraria-occitana.org\/en\/product\/portraits-de-troubadours-initiales-des-chansonniers-provencaux-i-k-2\/","title":{"rendered":"Portraits de troubadours : Initiales des chansonniers proven\u00e7aux I &#038; K"},"content":{"rendered":"<p>Parmi les cinq chansonniers proven\u00e7aux qui ont \u00e9t\u00e9 agr\u00e9ment\u00e9s de lettres histori\u00e9es, \u00e0 l&#8217;initiale de la premi\u00e8re pi\u00e8ce, faisant suite \u00e0 la <em>vida<\/em>, repr\u00e9sentant l&#8217;auteur suppos\u00e9, trois manuscrits \u00e9mergent : les chansonniers A, I et K, probablement issus d&#8217;un m\u00eame atelier d&#8217;Italie du Nord (V\u00e9n\u00e9tie) A (BAV vat. lat. 5232) I (BNF, fr. 854), K (BNF, fr. 12473), les lettrines du chansonnier C (BNF, fr. 856) ayant \u00e9t\u00e9 pour la plupart d\u00e9coup\u00e9es et celles de M (BNF, fr. 12474), n&#8217;offrant gu\u00e8re d&#8217;int\u00e9r\u00eat car figurant pratiquement toutes un cavalier arm\u00e9 identique.<\/p>\n<p>Le pr\u00e9sent volume rassemble en vis \u00e0 vis l&#8217;ensemble des lettrines histori\u00e9es des chansonniers I et K, r\u00e9parties selon l&#8217;ordre des <em>vidas<\/em> dans l&#8217;\u00e9dition Bouti\u00e8re, soit cent soixante-dix miniatures, agrandies pr\u00e8s de quatre fois. Les lettrines du chansonnier A feront l&#8217;objet d&#8217;un autre volume (en pr\u00e9paration pour les <em>Studi e Testi<\/em>). Si certaines de ces lettrines sont bien connues, nombre d&#8217;autres sont publi\u00e9es ici pour la premi\u00e8re fois.<\/p>\n<p>L&#8217;album de \u00ab portraits \u00bb est pr\u00e9c\u00e9d\u00e9 d&#8217;une longue introduction consacr\u00e9e aux chansonniers proven\u00e7aux (Fr. Vielliard), aux ateliers dont proviennent les manuscrits (M.-Th. Gousset), \u00e0 la description des manuscrits (M.-P. Laffitte) et \u00e0 l&#8217;h\u00e9raldique des troubadours (Ph. Palasi). Diverses tables en font \u00e9galement un instrument de travail sur les troubadours.<\/p>\n<p>Cette publication a \u00e9t\u00e9 rendue possible gr\u00e2ce au concours du Conseil g\u00e9n\u00e9ral de la Corr\u00e8ze, du Conseil r\u00e9gional du Limousin, du minist\u00e8re de la Culture et de la Biblioth\u00e8que nationale de France qui a accept\u00e9 de proc\u00e9der \u00e0 la photographie int\u00e9grale de ces lettrines.<\/p>\n<p><a href=\"http:\/\/www.libraria-occitana.org\/produit\/portraits-de-troubadours-initiales-du-chansonnier-provencal-a\/\"><em>Portraits de troubadours : Initiales du chansonnier proven\u00e7al A<\/em><\/a><\/p>\n","protected":false},"excerpt":{"rendered":"<p>Parmi les cinq chansonniers proven\u00e7aux qui ont \u00e9t\u00e9 agr\u00e9ment\u00e9s de lettres histori\u00e9es, \u00e0 l&#8217;initiale de la premi\u00e8re pi\u00e8ce, faisant suite \u00e0 la vida, repr\u00e9sentant l&#8217;auteur suppos\u00e9, trois manuscrits \u00e9mergent : les chansonniers A, I et K, probablement issus d&#8217;un m\u00eame atelier d&#8217;Italie du Nord (V\u00e9n\u00e9tie) A (BAV vat. lat. 5232) I (BNF, fr. 854), K [&hellip;]<\/p>\n","protected":false},"featured_media":37402,"template":"","meta":{"_acf_changed":false,"_genesis_hide_title":false,"_genesis_hide_breadcrumbs":false,"_genesis_hide_singular_image":false,"_genesis_hide_footer_widgets":false,"_genesis_custom_body_class":"","_genesis_custom_post_class":"","_genesis_layout":""},"product_brand":[],"product_cat":[7188,7132,7174],"product_tag":[],"class_list":{"0":"post-33338","1":"product","2":"type-product","3":"status-publish","4":"has-post-thumbnail","6":"product_cat-arts-studies-en","7":"product_cat-books","8":"product_cat-literature-en","9":"pa_auteur-lemaitre-jean-loup-en","10":"pa_auteur-vieilliard-francoise-en","11":"pa_editeur-centre-trobar-en","12":"pa_editeur-musee-du-pays-dussel-en","13":"pa_illustrateur-gousset-marie-therese-en","14":"pa_illustrateur-laffitte-marie-pierre-en","15":"pa_langue-francais-en","16":"entry","18":"first","19":"instock","20":"shipping-taxable","21":"purchasable","22":"product-type-simple"},"acf":[],"_links":{"self":[{"href":"https:\/\/www.libraria-occitana.org\/en\/wp-json\/wp\/v2\/product\/33338","targetHints":{"allow":["GET"]}}],"collection":[{"href":"https:\/\/www.libraria-occitana.org\/en\/wp-json\/wp\/v2\/product"}],"about":[{"href":"https:\/\/www.libraria-occitana.org\/en\/wp-json\/wp\/v2\/types\/product"}],"wp:featuredmedia":[{"embeddable":true,"href":"https:\/\/www.libraria-occitana.org\/en\/wp-json\/wp\/v2\/media\/37402"}],"wp:attachment":[{"href":"https:\/\/www.libraria-occitana.org\/en\/wp-json\/wp\/v2\/media?parent=33338"}],"wp:term":[{"taxonomy":"product_brand","embeddable":true,"href":"https:\/\/www.libraria-occitana.org\/en\/wp-json\/wp\/v2\/product_brand?post=33338"},{"taxonomy":"product_cat","embeddable":true,"href":"https:\/\/www.libraria-occitana.org\/en\/wp-json\/wp\/v2\/product_cat?post=33338"},{"taxonomy":"product_tag","embeddable":true,"href":"https:\/\/www.libraria-occitana.org\/en\/wp-json\/wp\/v2\/product_tag?post=33338"}],"curies":[{"name":"wp","href":"https:\/\/api.w.org\/{rel}","templated":true}]}}