{"id":33339,"date":"2008-01-31T19:29:42","date_gmt":"2008-01-31T18:29:42","guid":{"rendered":"http:\/\/www.libraria-occitana.org\/?post_type=product&#038;p=33339\/"},"modified":"2026-04-14T06:31:20","modified_gmt":"2026-04-14T04:31:20","slug":"portraits-de-troubadours-initiales-du-chansonnier-provencal-a","status":"publish","type":"product","link":"https:\/\/www.libraria-occitana.org\/en\/product\/portraits-de-troubadours-initiales-du-chansonnier-provencal-a\/","title":{"rendered":"Portraits de troubadours : Initiales du chansonnier proven\u00e7al A"},"content":{"rendered":"<p>Parmi les cinq chansonniers proven\u00e7aux qui ont \u00e9t\u00e9 agr\u00e9ment\u00e9s de lettres histori\u00e9es, \u00e0 l&#8217;initiale de la premi\u00e8re pi\u00e8ce, faisant suite \u00e0 la\u00a0<em>vida<\/em>, repr\u00e9sentant l&#8217;auteur suppos\u00e9, trois manuscrits \u00e9mergent : les chansonniers A, I et K, probablement issus d&#8217;un m\u00eame atelier d&#8217;Italie du Nord (V\u00e9n\u00e9tie) A (BAV vat. lat. 5232) I (BNF, fr. 854), K (BNF, fr. 12473), les lettrines du chansonnier C (BNF, fr. 856) ayant \u00e9t\u00e9 pour la plupart d\u00e9coup\u00e9es et celles de M (BNF, fr. 12474), n&#8217;offrant gu\u00e8re d&#8217;int\u00e9r\u00eat car figurant pratiquement toutes un cavalier arm\u00e9 identique.<\/p>\n<p>Le pr\u00e9sent volume rassemble en vis \u00e0 vis l&#8217;ensemble des lettrines histori\u00e9es du chansonnier A et le texte int\u00e9gral des <em>vidas<\/em> des troubadours repr\u00e9sent\u00e9s.<\/p>\n<p>L&#8217;album de \u00ab portraits \u00bb est pr\u00e9c\u00e9d\u00e9 d&#8217;une introduction consacr\u00e9e aux chansonniers proven\u00e7aux et \u00e0 la place du chansonnier A (Fr. Vielliard), ainsi qu&#8217;aux instructions donn\u00e9es aux miniaturistes pour repr\u00e9senter les troubadours. Diverses tables en font \u00e9galement un instrument de travail sur les troubadours.<\/p>\n<p>Cette publication a \u00e9t\u00e9 rendue possible gr\u00e2ce au concours du Conseil g\u00e9n\u00e9ral de la Corr\u00e8ze, du Conseil r\u00e9gional du Limousin, du minist\u00e8re de la Culture, de la Biblioth\u00e8que apostolique vaticane qui a accept\u00e9 de proc\u00e9der \u00e0 la reproduction des lettrines, du Centre Trobar qui a facilit\u00e9 mat\u00e9riellement la r\u00e9alisation de ce volume.<\/p>\n<p><a href=\"http:\/\/www.libraria-occitana.org\/produit\/portraits-de-troubadours-initiales-des-chansonniers-provencaux-i-k-2\/\"><em>Portraits de troubadours : Initiales des chansonniers proven\u00e7aux I &amp; K<\/em><\/a><\/p>\n","protected":false},"excerpt":{"rendered":"<p>Parmi les cinq chansonniers proven\u00e7aux qui ont \u00e9t\u00e9 agr\u00e9ment\u00e9s de lettres histori\u00e9es, \u00e0 l&#8217;initiale de la premi\u00e8re pi\u00e8ce, faisant suite \u00e0 la\u00a0vida, repr\u00e9sentant l&#8217;auteur suppos\u00e9, trois manuscrits \u00e9mergent : les chansonniers A, I et K, probablement issus d&#8217;un m\u00eame atelier d&#8217;Italie du Nord (V\u00e9n\u00e9tie) A (BAV vat. lat. 5232) I (BNF, fr. 854), K (BNF, [&hellip;]<\/p>\n","protected":false},"featured_media":37405,"template":"","meta":{"_acf_changed":false,"_genesis_hide_title":false,"_genesis_hide_breadcrumbs":false,"_genesis_hide_singular_image":false,"_genesis_hide_footer_widgets":false,"_genesis_custom_body_class":"","_genesis_custom_post_class":"","_genesis_layout":""},"product_brand":[],"product_cat":[7188,7132,7174],"product_tag":[],"class_list":{"0":"post-33339","1":"product","2":"type-product","3":"status-publish","4":"has-post-thumbnail","6":"product_cat-arts-studies-en","7":"product_cat-books","8":"product_cat-literature-en","9":"pa_auteur-lemaitre-jean-loup-en","10":"pa_auteur-vieilliard-francoise-en","11":"pa_editeur-citta-del-vaticano-en","12":"pa_illustrateur-duval-arnould-louis-en","13":"pa_langue-francais-en","14":"pa_langue-occitan-en","15":"pa_langue-occitan-medievau-en","16":"entry","18":"first","19":"instock","20":"shipping-taxable","21":"purchasable","22":"product-type-simple"},"acf":[],"_links":{"self":[{"href":"https:\/\/www.libraria-occitana.org\/en\/wp-json\/wp\/v2\/product\/33339","targetHints":{"allow":["GET"]}}],"collection":[{"href":"https:\/\/www.libraria-occitana.org\/en\/wp-json\/wp\/v2\/product"}],"about":[{"href":"https:\/\/www.libraria-occitana.org\/en\/wp-json\/wp\/v2\/types\/product"}],"wp:featuredmedia":[{"embeddable":true,"href":"https:\/\/www.libraria-occitana.org\/en\/wp-json\/wp\/v2\/media\/37405"}],"wp:attachment":[{"href":"https:\/\/www.libraria-occitana.org\/en\/wp-json\/wp\/v2\/media?parent=33339"}],"wp:term":[{"taxonomy":"product_brand","embeddable":true,"href":"https:\/\/www.libraria-occitana.org\/en\/wp-json\/wp\/v2\/product_brand?post=33339"},{"taxonomy":"product_cat","embeddable":true,"href":"https:\/\/www.libraria-occitana.org\/en\/wp-json\/wp\/v2\/product_cat?post=33339"},{"taxonomy":"product_tag","embeddable":true,"href":"https:\/\/www.libraria-occitana.org\/en\/wp-json\/wp\/v2\/product_tag?post=33339"}],"curies":[{"name":"wp","href":"https:\/\/api.w.org\/{rel}","templated":true}]}}