{"id":33343,"date":"2012-12-09T13:32:03","date_gmt":"2012-12-09T12:32:03","guid":{"rendered":"http:\/\/www.libraria-occitana.org\/?post_type=product&#038;p=33343\/"},"modified":"2026-04-09T04:26:17","modified_gmt":"2026-04-09T02:26:17","slug":"poesie-damour-et-de-guerre-du-moyen-age-occitan-2-dvd","status":"publish","type":"product","link":"https:\/\/www.libraria-occitana.org\/en\/product\/poesie-damour-et-de-guerre-du-moyen-age-occitan-2-dvd\/","title":{"rendered":"Po\u00e9sie d&#8217;amour et de guerre du Moyen-\u00c2ge occitan (2 DVD)"},"content":{"rendered":"<p>Ce coffret DVD contient quatre films et des bonus pr\u00e9sentant les \u0153uvres : entretiens avec Michel Gayraud, Alem Surre-Garcia, Yves Rouquette, Anne Brenon.<\/p>\n<ul>\n<li><em>Flamenca<\/em> (36 min, 1994) : Une histoire d&#8217;amour, un trait\u00e9 d&#8217;amour courtois<\/li>\n<\/ul>\n<p>Le th\u00e8me de pr\u00e9dilection des troubadours \u00e9tait l\u2019amour courtois qui exigeait de l\u2019amant une soumission \u00e0 une femme mari\u00e9e et id\u00e9alis\u00e9e accordant progressivement ses faveurs \u00e0 son soupirant, et les troubadours \u00e9taient convaincus que cette retenue, cette distillation du d\u00e9sir \u00e9taient productrice de qualit\u00e9s, de valeurs morales et de vertus\u2026 <em>Flamenca<\/em> est une adaptation d\u2019un roman occitan du XIIIe si\u00e8cle o\u00f9 se fondent une histoire d\u2019amour et un trait\u00e9 d\u2019amour courtois : enferm\u00e9e par son mari jaloux, Flamenca n\u2019a le droit de sortir que pour aller \u00e0 la messe. Guilhem qui est tomb\u00e9 amoureux d\u2019elle en en entendant parler se fait clerc pour pouvoir l\u2019approcher et chaque dimanche \u00e0 la messe il a juste le temps d\u2019\u00e9changer avec elle un seul mot.<br \/>\nFlamenca finit par \u00eatre amoureuse de Guilhem et chacun avec ses damoiselles et damoiseaux commente la progression de leur amour et analyse ses sentiments jusqu\u2019\u00e0 ce que les deux amants finissent par se retrouver\u2026<br \/>\nEn 1994, dans un th\u00e9\u00e2tre obscur, un conteur et deux com\u00e9diens jouent et disent (en occitan et en vers) <em>Flamenca<\/em> devant quatre adolescents d\u2019aujourd\u2019hui qui peu \u00e0 peu \u00ab entrent \u00bb dans la fiction et de spectateurs deviennent les confidents des amants\u2026<\/p>\n<ul>\n<li><em>Trobadors<\/em> (52 min, 1995) : Vies, amours et chansons de 7 troubadours<\/li>\n<\/ul>\n<p>\u00c0 partir des chansons des troubadours et de leurs biographies, br\u00e8ves et romanc\u00e9es, \u00e9crites en occitan au Moyen-\u00c2ge, <em>Trobadors<\/em> raconte en m\u00ealant leurs chants \u00e0 la fiction, les vies et les amours de sept d\u2019entre eux : Jaufre Rudel , Peire Vidal, Raimbaut de Vaqueiras, Bernard de Ventadorn, Guilhem de Cabestanh, Raimon de Miraval, Guiraud de Borneil\u2026 Alors qu\u2019en off une r\u00e9citante raconte la vie des po\u00e8tes, sept fois sur un grand \u00e9chiquier et s\u2019inscrivant devant un mur comme les personnages d\u2019une fresque, suivis par de longs travellings lat\u00e9raux, dans une atmosph\u00e8re onirique, comme des fant\u00f4mes du th\u00e9\u00e2tre \u00ab N\u00f4 \u00bb condamn\u00e9s \u00e0 revivre un moment de leur vie, la Dame, le Troubadour et le Seigneur (toujours les m\u00eames) jouent et rejouent les gestes de l\u2019amour courtois.<br \/>\nIls sont accompagn\u00e9s par un chanteur, \u00e0 chaque fois diff\u00e9rent, interpr\u00e9tant une chanson du troubadour concern\u00e9\u2026 pour le dernier, la r\u00e9citante off devient in sous forme d\u2019une chanteuse de rock qui donne \u00e0 cette po\u00e9sie des troubadours toute son actualit\u00e9 et un \u00e9pervier empaill\u00e9, pr\u00e9sent \u00e0 toutes les s\u00e9quences, devient vivant\u2026 Les costumes sont noir et blanc et la couleur, changeante pour chaque troubadour, est dans la lumi\u00e8re. Sept \u00ab clips m\u00e9di\u00e9vaux \u00bb color\u00e9s comme des enluminures.<\/p>\n<ul>\n<li><em>Crosada<\/em> (30 min, 1997) : Un mist\u00e8re (genre th\u00e9\u00e2tral) de la Croisade albigeoise<\/li>\n<\/ul>\n<p>En 1209, suite au d\u00e9veloppement de l\u2019h\u00e9r\u00e9sie cathare et \u00e0 l\u2019assassinat du l\u00e9gat du Pape, celui-ci appelle \u00e0 la croisade contre les h\u00e9r\u00e9tiques du Sud et ceux qui les tol\u00e8rent\u2026 Pillages, massacres, b\u00fbchers\u00a0: les guerriers du Nord d\u00e9truiront la civilisation des troubadours et les terres occitanes finiront par \u00eatre annex\u00e9es par la France\u2026 Troisi\u00e8me volet d\u2019un triptyque comprenant les films <em>Flamenca<\/em> et <em>Trobadors<\/em> et r\u00e9alis\u00e9 comme eux en studio avec les m\u00eames parti pris esth\u00e9tiques (minimalisme, frontalit\u00e9, th\u00e9\u00e2tralit\u00e9, image \u00e9pur\u00e9e, stylisation, abstraction, couleur exacerb\u00e9e, coexistence des \u00e9l\u00e9ments du film dans un espace et un temps manifestement spectaculaires et non r\u00e9alistes) <em>Crosada<\/em> est une adaptation de <em>La Chanson de la Croisade<\/em> \u00e9crite au moment des \u00e9v\u00e9nements, \u00e0 la fa\u00e7on d&#8217;un myst\u00e8re m\u00e9di\u00e9val\u2026<\/p>\n<ul>\n<li><em>Cathare<\/em> (28 min, 1999) : L&#8217;histoire de B\u00e9libaste, le dernier \u00ab parfait \u00bb, un trait\u00e9 de catharisme<\/li>\n<\/ul>\n<p>L\u2019histoire du dernier \u00ab parfait \u00bb et un trait\u00e9 de catharisme\u2026 En 1320, Arnaud Sicre part \u00e0 la recherche du dernier cathare Guilhem B\u00e9libaste r\u00e9fugi\u00e9 en Espagne. Il esp\u00e8re le livrer aux inquisiteurs et recouvrer ainsi les biens de sa m\u00e8re confisqu\u00e9s parce qu\u2019elle \u00e9tait h\u00e9r\u00e9tique. Il le retrouvera, gagnera sa confiance et le convaincra de revenir dans le Comt\u00e9 de Foix. Sur le chemin alors que s\u2019\u00e9tablit entre eux une relation o\u00f9 l\u2019amiti\u00e9 se m\u00eale \u00e0 la m\u00e9fiance, les deux hommes dialoguent et B\u00e9libaste expose la doctrine cathare \u00e0 Sicre. Au bout du voyage, celui-ci livrera le dernier \u00ab parfait \u00bb aux inquisiteurs qui le br\u00fbleront.<\/p>\n<p>Avec ces quatre films, Michel Gayraud met en images les grands textes du Moyen-\u00c2ge occitan, des fictions \u00e0 la forme \u00e9pur\u00e9e, des com\u00e9diens au service de textes magnifiques aujourd&#8217;hui accessibles.<\/p>\n<p>Films en occitan avec sous-titrage possible en fran\u00e7ais ou en occitan.<\/p>\n","protected":false},"excerpt":{"rendered":"<p>Ce coffret DVD contient quatre films et des bonus pr\u00e9sentant les \u0153uvres : entretiens avec Michel Gayraud, Alem Surre-Garcia, Yves Rouquette, Anne Brenon. Flamenca (36 min, 1994) : Une histoire d&#8217;amour, un trait\u00e9 d&#8217;amour courtois Le th\u00e8me de pr\u00e9dilection des troubadours \u00e9tait l\u2019amour courtois qui exigeait de l\u2019amant une soumission \u00e0 une femme mari\u00e9e et [&hellip;]<\/p>\n","protected":false},"featured_media":55471,"template":"","meta":{"_acf_changed":false,"_genesis_hide_title":false,"_genesis_hide_breadcrumbs":false,"_genesis_hide_singular_image":false,"_genesis_hide_footer_widgets":false,"_genesis_custom_body_class":"","_genesis_custom_post_class":"","_genesis_layout":""},"product_brand":[],"product_cat":[7241,7249],"product_tag":[],"class_list":{"0":"post-33343","1":"product","2":"type-product","3":"status-publish","4":"has-post-thumbnail","6":"product_cat-documentary-en","7":"product_cat-videos-3-en","8":"pa_auteur-gayraud-michel-en","9":"pa_editeur-ecran-sud-en","10":"pa_langue-occitan-francais-en","11":"entry","13":"first","14":"instock","15":"shipping-taxable","16":"purchasable","17":"product-type-simple"},"acf":[],"_links":{"self":[{"href":"https:\/\/www.libraria-occitana.org\/en\/wp-json\/wp\/v2\/product\/33343","targetHints":{"allow":["GET"]}}],"collection":[{"href":"https:\/\/www.libraria-occitana.org\/en\/wp-json\/wp\/v2\/product"}],"about":[{"href":"https:\/\/www.libraria-occitana.org\/en\/wp-json\/wp\/v2\/types\/product"}],"wp:featuredmedia":[{"embeddable":true,"href":"https:\/\/www.libraria-occitana.org\/en\/wp-json\/wp\/v2\/media\/55471"}],"wp:attachment":[{"href":"https:\/\/www.libraria-occitana.org\/en\/wp-json\/wp\/v2\/media?parent=33343"}],"wp:term":[{"taxonomy":"product_brand","embeddable":true,"href":"https:\/\/www.libraria-occitana.org\/en\/wp-json\/wp\/v2\/product_brand?post=33343"},{"taxonomy":"product_cat","embeddable":true,"href":"https:\/\/www.libraria-occitana.org\/en\/wp-json\/wp\/v2\/product_cat?post=33343"},{"taxonomy":"product_tag","embeddable":true,"href":"https:\/\/www.libraria-occitana.org\/en\/wp-json\/wp\/v2\/product_tag?post=33343"}],"curies":[{"name":"wp","href":"https:\/\/api.w.org\/{rel}","templated":true}]}}