{"id":33349,"date":"2009-09-17T17:47:29","date_gmt":"2009-09-17T15:47:29","guid":{"rendered":"http:\/\/www.libraria-occitana.org\/?post_type=product&#038;p=33349\/"},"modified":"2026-04-17T21:46:40","modified_gmt":"2026-04-17T19:46:40","slug":"poesie-des-troubadours-anthologie","status":"publish","type":"product","link":"https:\/\/www.libraria-occitana.org\/en\/product\/poesie-des-troubadours-anthologie\/","title":{"rendered":"Po\u00e9sie des troubadours : Anthologie"},"content":{"rendered":"<p>\u00ab <em>Je croyais tout savoir d&#8217;amour.<\/em><br \/>\n<em>H\u00e9las, quel ignorant je suis,<\/em><br \/>\n<em>Moi qui ne peux me d\u00e9tourner<\/em><br \/>\n<em>De celle-l\u00e0 qui me m\u00e9prise !<\/em> \u00bb<\/p>\n<p>Bernard de Ventadour<\/p>\n<p>La litt\u00e9rature de langue d&#8217;oc diffuse en Europe la <em>fin&#8217;amor<\/em>, appel\u00e9e plus tard \u00ab amour courtois \u00bb, et la po\u00e9sie des troubadours constitue un art lyrique majeur et fondateur. Issus de tous Les milieux, les troubadours louent la nature, chantent l&#8217;amour et la joie d&#8217;\u00eatre au monde, \u00e9voquent le n\u00e9ant, la fin des temps et la soci\u00e9t\u00e9 de leur \u00e9poque.<br \/>\nCette anthologie, dirig\u00e9e et pr\u00e9fac\u00e9e par Henri Gougaud, rassemble une quarantaine de po\u00e8tes occitans parmi les plus importants et les plus repr\u00e9sentatifs de cet art des troubadours, m\u00ealant chansons et po\u00e8mes \u00e0 la fois courtois et savants, populaires et inventifs.<\/p>\n<p>Pr\u00e9face et choix de Henri Gougaud.<br \/>\nTexte fran\u00e7ais de Ren\u00e9 Nelli et Ren\u00e9 Lavaud, revu et corrig\u00e9 par Henri Gougaud.<\/p>\n","protected":false},"excerpt":{"rendered":"<p>\u00ab Je croyais tout savoir d&#8217;amour. H\u00e9las, quel ignorant je suis, Moi qui ne peux me d\u00e9tourner De celle-l\u00e0 qui me m\u00e9prise ! \u00bb Bernard de Ventadour La litt\u00e9rature de langue d&#8217;oc diffuse en Europe la fin&#8217;amor, appel\u00e9e plus tard \u00ab amour courtois \u00bb, et la po\u00e9sie des troubadours constitue un art lyrique majeur et [&hellip;]<\/p>\n","protected":false},"featured_media":45348,"template":"","meta":{"_acf_changed":false,"_genesis_hide_title":false,"_genesis_hide_breadcrumbs":false,"_genesis_hide_singular_image":false,"_genesis_hide_footer_widgets":false,"_genesis_custom_body_class":"","_genesis_custom_post_class":"","_genesis_layout":""},"product_brand":[],"product_cat":[7132,7174,7180],"product_tag":[],"class_list":{"0":"post-33349","1":"product","2":"type-product","3":"status-publish","4":"has-post-thumbnail","6":"product_cat-books","7":"product_cat-literature-en","8":"product_cat-poetry-en","9":"pa_auteur-gougaud-henri-en","10":"pa_auteur-lavaud-rene-en","11":"pa_auteur-nelli-renat-en","12":"pa_editeur-points-en","13":"pa_langue-francais-en","14":"entry","16":"first","17":"instock","18":"shipping-taxable","19":"purchasable","20":"product-type-simple"},"acf":[],"_links":{"self":[{"href":"https:\/\/www.libraria-occitana.org\/en\/wp-json\/wp\/v2\/product\/33349","targetHints":{"allow":["GET"]}}],"collection":[{"href":"https:\/\/www.libraria-occitana.org\/en\/wp-json\/wp\/v2\/product"}],"about":[{"href":"https:\/\/www.libraria-occitana.org\/en\/wp-json\/wp\/v2\/types\/product"}],"wp:featuredmedia":[{"embeddable":true,"href":"https:\/\/www.libraria-occitana.org\/en\/wp-json\/wp\/v2\/media\/45348"}],"wp:attachment":[{"href":"https:\/\/www.libraria-occitana.org\/en\/wp-json\/wp\/v2\/media?parent=33349"}],"wp:term":[{"taxonomy":"product_brand","embeddable":true,"href":"https:\/\/www.libraria-occitana.org\/en\/wp-json\/wp\/v2\/product_brand?post=33349"},{"taxonomy":"product_cat","embeddable":true,"href":"https:\/\/www.libraria-occitana.org\/en\/wp-json\/wp\/v2\/product_cat?post=33349"},{"taxonomy":"product_tag","embeddable":true,"href":"https:\/\/www.libraria-occitana.org\/en\/wp-json\/wp\/v2\/product_tag?post=33349"}],"curies":[{"name":"wp","href":"https:\/\/api.w.org\/{rel}","templated":true}]}}