{"id":33356,"date":"2001-11-03T12:52:38","date_gmt":"2001-11-03T11:52:38","guid":{"rendered":"http:\/\/www.libraria-occitana.org\/?post_type=product&#038;p=33356\/"},"modified":"2026-04-16T01:07:06","modified_gmt":"2026-04-15T23:07:06","slug":"poiesiques-libreton-2-cd","status":"publish","type":"product","link":"https:\/\/www.libraria-occitana.org\/en\/product\/poiesiques-libreton-2-cd\/","title":{"rendered":"Po\u00ef\u00e9siques (libreton + 2 CD)"},"content":{"rendered":"<p><strong>Bernard Manciet :<\/strong> Textes et traductions<br \/>\n<strong>Bernard Lubat :<\/strong> Improvisations musicales<\/p>\n<p>\u00ab Dans l&#8217;ombre, je n&#8217;existais plus. J&#8217;\u00e9tais devenu une voix. Mais pas la mienne. \u00c0 mon \u00e9tonnement, j&#8217;avais retrouv\u00e9 l&#8217;accent le plus rude et le plus \u00e2pre de ma Grande-Lande. La respiration de l&#8217;auditoire, je la sentais, je la prenais, je la perdais aussi, avec l&#8217;envie de laisser tout en plan&#8230;. Mais j&#8217;avais pour moi, d&#8217;abord l&#8217;ascendant de Lubat et ensuite mon patois. J&#8217;avais reconnu ce souffle court et hach\u00e9, un peu autoritaire, des foules de chez moi. Nous \u00e9tions sur la m\u00eame longueur de respiration&#8230; \u00bb<\/p>\n<p style=\"text-align: right;\">Bernard Manciet<\/p>\n<p>Dans la po\u00e9sie occidentale contemporaine, il ne va pas de soi qu&#8217;un po\u00e8te dise ses textes sur sc\u00e8ne, encore moins s&#8217;il se trouve en compagnie de musiciens ou d&#8217;artificiers ! Un tel po\u00e8te existe, il s&#8217;appelle Bernard Manciet (1923-2005). N\u00e9 \u00e0 Sabres, dans les Landes, il a construit pendant plus d&#8217;un demi-si\u00e8cle une \u0153uvre po\u00e9tique majeure en langue occitane.<br \/>\nDepuis 1985, il partageait r\u00e9guli\u00e8rement la sc\u00e8ne avec le musicien Bernard Lubat, son voisin d&#8217;Uzeste.<br \/>\nT\u00e9moignage de cette aventure humaine et artistique unique, ce disque donne \u00e0 entendre huit de leurs performances publiques. Ces enregistrements r\u00e9alis\u00e9s entre 1985 et 2000, \u00e0 Eysines, Uzeste et Bordeaux, sont accompagn\u00e9s des textes en occitan, de leur traduction en fran\u00e7ais et d&#8217;une postface de Patrick Lavaud.<\/p>\n","protected":false},"excerpt":{"rendered":"<p>Bernard Manciet : Textes et traductions Bernard Lubat : Improvisations musicales \u00ab Dans l&#8217;ombre, je n&#8217;existais plus. J&#8217;\u00e9tais devenu une voix. Mais pas la mienne. \u00c0 mon \u00e9tonnement, j&#8217;avais retrouv\u00e9 l&#8217;accent le plus rude et le plus \u00e2pre de ma Grande-Lande. La respiration de l&#8217;auditoire, je la sentais, je la prenais, je la perdais aussi, [&hellip;]<\/p>\n","protected":false},"featured_media":51626,"template":"","meta":{"_acf_changed":false,"_genesis_hide_title":false,"_genesis_hide_breadcrumbs":false,"_genesis_hide_singular_image":false,"_genesis_hide_footer_widgets":false,"_genesis_custom_body_class":"","_genesis_custom_post_class":"","_genesis_layout":""},"product_brand":[],"product_cat":[13694,7224,7216],"product_tag":[],"class_list":{"0":"post-33356","1":"product","2":"type-product","3":"status-publish","4":"has-post-thumbnail","6":"product_cat-jazz","7":"product_cat-litterature-musique-en","8":"product_cat-music-en","9":"pa_auteur-lubat-bernard-en","10":"pa_auteur-manciet-bernat-manciet-bernard-en","11":"pa_editeur-labeluz-en","12":"pa_langue-occitan-gascon-en","13":"pa_langue-occitan-francais-en","14":"entry","16":"first","17":"outofstock","18":"shipping-taxable","19":"purchasable","20":"product-type-simple"},"acf":[],"_links":{"self":[{"href":"https:\/\/www.libraria-occitana.org\/en\/wp-json\/wp\/v2\/product\/33356","targetHints":{"allow":["GET"]}}],"collection":[{"href":"https:\/\/www.libraria-occitana.org\/en\/wp-json\/wp\/v2\/product"}],"about":[{"href":"https:\/\/www.libraria-occitana.org\/en\/wp-json\/wp\/v2\/types\/product"}],"wp:featuredmedia":[{"embeddable":true,"href":"https:\/\/www.libraria-occitana.org\/en\/wp-json\/wp\/v2\/media\/51626"}],"wp:attachment":[{"href":"https:\/\/www.libraria-occitana.org\/en\/wp-json\/wp\/v2\/media?parent=33356"}],"wp:term":[{"taxonomy":"product_brand","embeddable":true,"href":"https:\/\/www.libraria-occitana.org\/en\/wp-json\/wp\/v2\/product_brand?post=33356"},{"taxonomy":"product_cat","embeddable":true,"href":"https:\/\/www.libraria-occitana.org\/en\/wp-json\/wp\/v2\/product_cat?post=33356"},{"taxonomy":"product_tag","embeddable":true,"href":"https:\/\/www.libraria-occitana.org\/en\/wp-json\/wp\/v2\/product_tag?post=33356"}],"curies":[{"name":"wp","href":"https:\/\/api.w.org\/{rel}","templated":true}]}}