{"id":33358,"date":"2010-04-18T16:00:00","date_gmt":"2010-04-18T14:00:00","guid":{"rendered":"http:\/\/www.libraria-occitana.org\/?post_type=product&#038;p=33358\/"},"modified":"2026-04-13T22:21:34","modified_gmt":"2026-04-13T20:21:34","slug":"poemas","status":"publish","type":"product","link":"https:\/\/www.libraria-occitana.org\/en\/product\/poemas\/","title":{"rendered":"Po\u00e8mas"},"content":{"rendered":"<blockquote>\n<div>Es sus la talvera qu\u2019es la libertat<br \/>\nLa m\u00f2rt que t\u2019esp\u00e8ra garda la vertat.<br \/>\nCal s\u00e8gre l\u2019ori\u00e8ira, lo cr\u00f2s del valat,<br \/>\nGrana la mis\u00e8ria quand flor\u00eds lo blat.<br \/>\nEs sus la talvera qu\u2019es la libertat&#8230;<br \/>\n[&#8230;]<\/div>\n<\/blockquote>\n<div class=\"argu\">La premi\u00e8re \u00e9dition int\u00e9grale bilingue de l\u2019\u0153uvre po\u00e9tique de Joan Bodon. La traduction fran\u00e7aise a \u00e9t\u00e9 \u00e9tablie par l\u2019\u00e9crivain et po\u00e8te Roland P\u00e9cout.<\/div>\n<div><\/div>\n<div><strong>Jean Boudou<\/strong>\u00a0(Joan Bodon en occitan)(Crespin, 11\/12\/1920 &#8211; Alg\u00e9rie, 24\/02\/1975), est un des grands \u00e9crivains du monde moderne. Marqu\u00e9 par l\u2018imaginaire du conte, il aborde dans son \u0153uvre des th\u00e8mes universels ou bibliques pour parler de son intimit\u00e9 avec la langue occitane qu\u2019il voit d\u00e9cliner.<\/div>\n","protected":false},"excerpt":{"rendered":"<p>Es sus la talvera qu\u2019es la libertat La m\u00f2rt que t\u2019esp\u00e8ra garda la vertat. Cal s\u00e8gre l\u2019ori\u00e8ira, lo cr\u00f2s del valat, Grana la mis\u00e8ria quand flor\u00eds lo blat. Es sus la talvera qu\u2019es la libertat&#8230; [&#8230;] La premi\u00e8re \u00e9dition int\u00e9grale bilingue de l\u2019\u0153uvre po\u00e9tique de Joan Bodon. La traduction fran\u00e7aise a \u00e9t\u00e9 \u00e9tablie par l\u2019\u00e9crivain [&hellip;]<\/p>\n","protected":false},"featured_media":53032,"template":"","meta":{"_acf_changed":false,"_genesis_hide_title":false,"_genesis_hide_breadcrumbs":false,"_genesis_hide_singular_image":false,"_genesis_hide_footer_widgets":false,"_genesis_custom_body_class":"","_genesis_custom_post_class":"","_genesis_layout":""},"product_brand":[],"product_cat":[7132,7174,7180],"product_tag":[],"class_list":{"0":"post-33358","1":"product","2":"type-product","3":"status-publish","4":"has-post-thumbnail","6":"product_cat-books","7":"product_cat-literature-en","8":"product_cat-poetry-en","9":"pa_auteur-bodon-joan-en","10":"pa_editeur-ieo-fr-en","11":"pa_illustrateur-pecout-roland-1-en","12":"pa_langue-occitan-lengadocian-en","13":"pa_langue-occitan-francais-en","14":"entry","16":"first","17":"instock","18":"shipping-taxable","19":"purchasable","20":"product-type-simple"},"acf":[],"_links":{"self":[{"href":"https:\/\/www.libraria-occitana.org\/en\/wp-json\/wp\/v2\/product\/33358","targetHints":{"allow":["GET"]}}],"collection":[{"href":"https:\/\/www.libraria-occitana.org\/en\/wp-json\/wp\/v2\/product"}],"about":[{"href":"https:\/\/www.libraria-occitana.org\/en\/wp-json\/wp\/v2\/types\/product"}],"wp:featuredmedia":[{"embeddable":true,"href":"https:\/\/www.libraria-occitana.org\/en\/wp-json\/wp\/v2\/media\/53032"}],"wp:attachment":[{"href":"https:\/\/www.libraria-occitana.org\/en\/wp-json\/wp\/v2\/media?parent=33358"}],"wp:term":[{"taxonomy":"product_brand","embeddable":true,"href":"https:\/\/www.libraria-occitana.org\/en\/wp-json\/wp\/v2\/product_brand?post=33358"},{"taxonomy":"product_cat","embeddable":true,"href":"https:\/\/www.libraria-occitana.org\/en\/wp-json\/wp\/v2\/product_cat?post=33358"},{"taxonomy":"product_tag","embeddable":true,"href":"https:\/\/www.libraria-occitana.org\/en\/wp-json\/wp\/v2\/product_tag?post=33358"}],"curies":[{"name":"wp","href":"https:\/\/api.w.org\/{rel}","templated":true}]}}