{"id":33366,"date":"2025-05-01T13:46:02","date_gmt":"2025-05-01T11:46:02","guid":{"rendered":"http:\/\/www.libraria-occitana.org\/?post_type=product&#038;p=33366\/"},"modified":"2026-04-29T07:21:46","modified_gmt":"2026-04-29T05:21:46","slug":"petit-guide-insolent-des-mots-occitans-passagers-clandestins-du-francais","status":"publish","type":"product","link":"https:\/\/www.libraria-occitana.org\/en\/product\/petit-guide-insolent-des-mots-occitans-passagers-clandestins-du-francais\/","title":{"rendered":"Petit guide insolent des mots occitans, passagers (clandestins) du fran\u00e7ais"},"content":{"rendered":"<p>R\u00e9\u00e9dition 2025<\/p>\n<p><strong>&#8230; ou \u00ab Quand le fran\u00e7ais emprunte \u00e0 l&#8217;occitan&#8230; sans vouloir reconna\u00eetre ni son cr\u00e9ancier, ni ses dettes \u00bb.<\/strong><\/p>\n<p>Entre essai savant et pol\u00e9mique, ce petit guide interroge les ouvrages fran\u00e7ais d\u2019\u00e9tymologie, lesquels oublient syst\u00e9matiquement la possibilit\u00e9 m\u00eame que plusieurs mots fran\u00e7ais soit d\u2019origine occitane\u2026 ou qui enveloppent cette origine dans un nuage linguistique m\u00e9thodiquement entretenu.<\/p>\n","protected":false},"excerpt":{"rendered":"<p>R\u00e9\u00e9dition 2025 &#8230; ou \u00ab Quand le fran\u00e7ais emprunte \u00e0 l&#8217;occitan&#8230; sans vouloir reconna\u00eetre ni son cr\u00e9ancier, ni ses dettes \u00bb. Entre essai savant et pol\u00e9mique, ce petit guide interroge les ouvrages fran\u00e7ais d\u2019\u00e9tymologie, lesquels oublient syst\u00e9matiquement la possibilit\u00e9 m\u00eame que plusieurs mots fran\u00e7ais soit d\u2019origine occitane\u2026 ou qui enveloppent cette origine dans un nuage [&hellip;]<\/p>\n","protected":false},"featured_media":62167,"template":"","meta":{"_acf_changed":false,"_genesis_hide_title":false,"_genesis_hide_breadcrumbs":false,"_genesis_hide_singular_image":false,"_genesis_hide_footer_widgets":false,"_genesis_custom_body_class":"","_genesis_custom_post_class":"","_genesis_layout":""},"product_brand":[],"product_cat":[7132,7136,7146],"product_tag":[],"class_list":{"0":"post-33366","1":"product","2":"type-product","3":"status-publish","4":"has-post-thumbnail","6":"product_cat-books","7":"product_cat-dictionaries-language-educational-en","8":"product_cat-vocabulary-idioms-en","9":"pa_auteur-vernet-florian-en","10":"pa_editeur-e-rau-edicions-en","11":"pa_langue-francais-en","12":"entry","14":"first","15":"instock","16":"shipping-taxable","17":"purchasable","18":"product-type-simple"},"acf":[],"_links":{"self":[{"href":"https:\/\/www.libraria-occitana.org\/en\/wp-json\/wp\/v2\/product\/33366","targetHints":{"allow":["GET"]}}],"collection":[{"href":"https:\/\/www.libraria-occitana.org\/en\/wp-json\/wp\/v2\/product"}],"about":[{"href":"https:\/\/www.libraria-occitana.org\/en\/wp-json\/wp\/v2\/types\/product"}],"wp:featuredmedia":[{"embeddable":true,"href":"https:\/\/www.libraria-occitana.org\/en\/wp-json\/wp\/v2\/media\/62167"}],"wp:attachment":[{"href":"https:\/\/www.libraria-occitana.org\/en\/wp-json\/wp\/v2\/media?parent=33366"}],"wp:term":[{"taxonomy":"product_brand","embeddable":true,"href":"https:\/\/www.libraria-occitana.org\/en\/wp-json\/wp\/v2\/product_brand?post=33366"},{"taxonomy":"product_cat","embeddable":true,"href":"https:\/\/www.libraria-occitana.org\/en\/wp-json\/wp\/v2\/product_cat?post=33366"},{"taxonomy":"product_tag","embeddable":true,"href":"https:\/\/www.libraria-occitana.org\/en\/wp-json\/wp\/v2\/product_tag?post=33366"}],"curies":[{"name":"wp","href":"https:\/\/api.w.org\/{rel}","templated":true}]}}