{"id":33379,"date":"2008-03-27T16:20:58","date_gmt":"2008-03-27T15:20:58","guid":{"rendered":"http:\/\/www.libraria-occitana.org\/?post_type=product&#038;p=33379\/"},"modified":"2026-04-29T11:04:27","modified_gmt":"2026-04-29T09:04:27","slug":"petiot-diccionari-occitan-dauvernhe-frances-auvernhe-meijornal","status":"publish","type":"product","link":"https:\/\/www.libraria-occitana.org\/en\/product\/petiot-diccionari-occitan-dauvernhe-frances-auvernhe-meijornal\/","title":{"rendered":"Peti\u00f2t diccionari occitan d&#8217;Auvernhe-franc\u00e9s : Auvernhe meijornal"},"content":{"rendered":"<p>Ce <em>Petit dictionnaire<\/em> donne le vocabulaire de base de l&#8217;occitan d&#8217;Auvergne ainsi que de nombreux synonymes et leurs diff\u00e9rentes traductions fran\u00e7aises. En partant d&#8217;une prononciation locale, les indications phon\u00e9tiques et les renvois aident \u00e0 retrouver la forme commune.<\/p>\n<p>Les exemples de la langue parl\u00e9e ou \u00e9crite permettent \u00e0 tous les Occitans d&#8217;Auvergne et d&#8217;ailleurs de mieux conna\u00eetre et d&#8217;appr\u00e9cier toute la saveur de ce parler.<\/p>\n","protected":false},"excerpt":{"rendered":"<p>Ce Petit dictionnaire donne le vocabulaire de base de l&#8217;occitan d&#8217;Auvergne ainsi que de nombreux synonymes et leurs diff\u00e9rentes traductions fran\u00e7aises. En partant d&#8217;une prononciation locale, les indications phon\u00e9tiques et les renvois aident \u00e0 retrouver la forme commune. Les exemples de la langue parl\u00e9e ou \u00e9crite permettent \u00e0 tous les Occitans d&#8217;Auvergne et d&#8217;ailleurs de [&hellip;]<\/p>\n","protected":false},"featured_media":55151,"template":"","meta":{"_acf_changed":false,"_genesis_hide_title":false,"_genesis_hide_breadcrumbs":false,"_genesis_hide_singular_image":false,"_genesis_hide_footer_widgets":false,"_genesis_custom_body_class":"","_genesis_custom_post_class":"","_genesis_layout":""},"product_brand":[],"product_cat":[7132,7138,7136],"product_tag":[],"class_list":{"0":"post-33379","1":"product","2":"type-product","3":"status-publish","4":"has-post-thumbnail","6":"product_cat-books","7":"product_cat-dictionaries-grammars-en","8":"product_cat-dictionaries-language-educational-en","9":"pa_auteur-omelhier-cristian-en","10":"pa_editeur-lostal-del-libre-en","11":"pa_langue-occitan-auvernhat-en","12":"pa_langue-occitan-francais-en","13":"entry","15":"first","16":"instock","17":"shipping-taxable","18":"purchasable","19":"product-type-simple"},"acf":[],"_links":{"self":[{"href":"https:\/\/www.libraria-occitana.org\/en\/wp-json\/wp\/v2\/product\/33379","targetHints":{"allow":["GET"]}}],"collection":[{"href":"https:\/\/www.libraria-occitana.org\/en\/wp-json\/wp\/v2\/product"}],"about":[{"href":"https:\/\/www.libraria-occitana.org\/en\/wp-json\/wp\/v2\/types\/product"}],"wp:featuredmedia":[{"embeddable":true,"href":"https:\/\/www.libraria-occitana.org\/en\/wp-json\/wp\/v2\/media\/55151"}],"wp:attachment":[{"href":"https:\/\/www.libraria-occitana.org\/en\/wp-json\/wp\/v2\/media?parent=33379"}],"wp:term":[{"taxonomy":"product_brand","embeddable":true,"href":"https:\/\/www.libraria-occitana.org\/en\/wp-json\/wp\/v2\/product_brand?post=33379"},{"taxonomy":"product_cat","embeddable":true,"href":"https:\/\/www.libraria-occitana.org\/en\/wp-json\/wp\/v2\/product_cat?post=33379"},{"taxonomy":"product_tag","embeddable":true,"href":"https:\/\/www.libraria-occitana.org\/en\/wp-json\/wp\/v2\/product_tag?post=33379"}],"curies":[{"name":"wp","href":"https:\/\/api.w.org\/{rel}","templated":true}]}}