{"id":33386,"date":"2013-03-27T16:27:17","date_gmt":"2013-03-27T15:27:17","guid":{"rendered":"http:\/\/www.libraria-occitana.org\/?post_type=product&#038;p=33386\/"},"modified":"2026-04-02T23:21:25","modified_gmt":"2026-04-02T21:21:25","slug":"petit-dictionnaire-francais-occitan-dauvergne-auvergne-meridionale","status":"publish","type":"product","link":"https:\/\/www.libraria-occitana.org\/en\/product\/petit-dictionnaire-francais-occitan-dauvergne-auvergne-meridionale\/","title":{"rendered":"Petit dictionnaire fran\u00e7ais-occitan d&#8217;Auvergne : Auvergne m\u00e9ridionale"},"content":{"rendered":"<p>Ce <em>Petit dictionnaire<\/em> pr\u00e9sente l&#8217;occitan de l&#8217;Auvergne m\u00e9ridionale, tel qu&#8217;il est parl\u00e9 quotidiennement dans les pays de Massiac et du C\u00e9zallier, au carrefour du Cantal, du Puy-de-D\u00f4me et de la Haute-Loire.<\/p>\n<p>Les exemples, les indications grammaticales et les suppl\u00e9ments (noms de lieux, proverbes et dictons, comparaisons traditionnelles) en font un outil de base pour tous ceux qui souhaitent apprendre ou retrouver leur langue.<\/p>\n","protected":false},"excerpt":{"rendered":"<p>Ce Petit dictionnaire pr\u00e9sente l&#8217;occitan de l&#8217;Auvergne m\u00e9ridionale, tel qu&#8217;il est parl\u00e9 quotidiennement dans les pays de Massiac et du C\u00e9zallier, au carrefour du Cantal, du Puy-de-D\u00f4me et de la Haute-Loire. Les exemples, les indications grammaticales et les suppl\u00e9ments (noms de lieux, proverbes et dictons, comparaisons traditionnelles) en font un outil de base pour tous [&hellip;]<\/p>\n","protected":false},"featured_media":55148,"template":"","meta":{"_acf_changed":false,"_genesis_hide_title":false,"_genesis_hide_breadcrumbs":false,"_genesis_hide_singular_image":false,"_genesis_hide_footer_widgets":false,"_genesis_custom_body_class":"","_genesis_custom_post_class":"","_genesis_layout":""},"product_brand":[],"product_cat":[7132,7136,7138],"product_tag":[],"class_list":{"0":"post-33386","1":"product","2":"type-product","3":"status-publish","4":"has-post-thumbnail","6":"product_cat-books","7":"product_cat-dictionaries-language-educational-en","8":"product_cat-dictionaries-grammars-en","9":"pa_auteur-omelhier-cristian-en","10":"pa_editeur-lostal-del-libre-en","11":"pa_langue-occitan-auvernhat-en","12":"pa_langue-occitan-francais-en","13":"entry","15":"first","16":"outofstock","17":"shipping-taxable","18":"purchasable","19":"product-type-simple"},"acf":[],"_links":{"self":[{"href":"https:\/\/www.libraria-occitana.org\/en\/wp-json\/wp\/v2\/product\/33386","targetHints":{"allow":["GET"]}}],"collection":[{"href":"https:\/\/www.libraria-occitana.org\/en\/wp-json\/wp\/v2\/product"}],"about":[{"href":"https:\/\/www.libraria-occitana.org\/en\/wp-json\/wp\/v2\/types\/product"}],"wp:featuredmedia":[{"embeddable":true,"href":"https:\/\/www.libraria-occitana.org\/en\/wp-json\/wp\/v2\/media\/55148"}],"wp:attachment":[{"href":"https:\/\/www.libraria-occitana.org\/en\/wp-json\/wp\/v2\/media?parent=33386"}],"wp:term":[{"taxonomy":"product_brand","embeddable":true,"href":"https:\/\/www.libraria-occitana.org\/en\/wp-json\/wp\/v2\/product_brand?post=33386"},{"taxonomy":"product_cat","embeddable":true,"href":"https:\/\/www.libraria-occitana.org\/en\/wp-json\/wp\/v2\/product_cat?post=33386"},{"taxonomy":"product_tag","embeddable":true,"href":"https:\/\/www.libraria-occitana.org\/en\/wp-json\/wp\/v2\/product_tag?post=33386"}],"curies":[{"name":"wp","href":"https:\/\/api.w.org\/{rel}","templated":true}]}}