{"id":33433,"date":"2001-09-27T17:59:46","date_gmt":"2001-09-27T15:59:46","guid":{"rendered":"http:\/\/www.libraria-occitana.org\/?post_type=product&#038;p=33433\/"},"modified":"2026-04-13T23:46:23","modified_gmt":"2026-04-13T21:46:23","slug":"parlar-occitan-auvergne-velay-libre-2-cd","status":"publish","type":"product","link":"https:\/\/www.libraria-occitana.org\/en\/product\/parlar-occitan-auvergne-velay-libre-2-cd\/","title":{"rendered":"Parlar occitan : Auvergne &#8211; Velay (libre + 2 CD)"},"content":{"rendered":"<p>La petite m\u00e9thode d&#8217;occitan auvergnat dont voici la troisi\u00e8me \u00e9dition est certainement moins ambitieuse que d&#8217;autres qui existent actuellement. Mais dans sa modestie, elle r\u00e9pond cependant \u00e0 une demande pr\u00e9cise, souvent manifest\u00e9e lors de nos rencontres : celle d&#8217;un outil simple, classique et progressif d&#8217;apprentissage de notre langue. On nous pardonnera donc ce qu&#8217;elle peut avoir d&#8217;aspect scolaire, dans sa forme comme dans son contenu. Elle est en effet destin\u00e9e surtout aux \u00e9coles primaires, secteur trop n\u00e9glig\u00e9 jusqu&#8217;ici de l&#8217;enseignement de l&#8217;occitan, et pourtant essentiel, et aussi aux d\u00e9butants du premier cycle du secondaire d\u00e8s lors que l&#8217;occitan n&#8217;a pas encore \u00e9t\u00e9 abord\u00e9 \u00e0 l&#8217;\u00e9cole primaire.<br \/>\nElle est destin\u00e9e aussi aux isol\u00e9s, aux \u00ab faidits\u00a0\u00bb qui ont souvent tout \u00e0 r\u00e9apprendre ; nous esp\u00e9rons que leur enthousiasme leur permettra de faire de rapides progr\u00e8s dans cet \u00ab auvergnat\u00a0\u00bb de base et, par la suite, ouvrira la voie \u00e0 l&#8217;intercompr\u00e9hension d&#8217;un dialecte \u00e0 l&#8217;autre, si n\u00e9cessaire en Auvergne m\u00eame, et base de la reconqu\u00eate de la langue.<br \/>\n[&#8230;]<\/p>\n<p style=\"text-align: right;\">\u00c9tienne Coudert<\/p>\n<p>Pour accompagner le livre, un double CD (148 minutes) : les le\u00e7ons et les lectures du livre, faisant alterner diff\u00e9rents parlers occitans d\u2019Auvergne et du Velay.<\/p>\n","protected":false},"excerpt":{"rendered":"<p>La petite m\u00e9thode d&#8217;occitan auvergnat dont voici la troisi\u00e8me \u00e9dition est certainement moins ambitieuse que d&#8217;autres qui existent actuellement. Mais dans sa modestie, elle r\u00e9pond cependant \u00e0 une demande pr\u00e9cise, souvent manifest\u00e9e lors de nos rencontres : celle d&#8217;un outil simple, classique et progressif d&#8217;apprentissage de notre langue. On nous pardonnera donc ce qu&#8217;elle peut [&hellip;]<\/p>\n","protected":false},"featured_media":43036,"template":"","meta":{"_acf_changed":false,"_genesis_hide_title":false,"_genesis_hide_breadcrumbs":false,"_genesis_hide_singular_image":false,"_genesis_hide_footer_widgets":false,"_genesis_custom_body_class":"","_genesis_custom_post_class":"","_genesis_layout":""},"product_brand":[],"product_cat":[7132,7142,7136],"product_tag":[],"class_list":{"0":"post-33433","1":"product","2":"type-product","3":"status-publish","4":"has-post-thumbnail","6":"product_cat-books","7":"product_cat-course-books-en","8":"product_cat-dictionaries-language-educational-en","9":"pa_auteur-coudert-etienne-en","10":"pa_editeur-lostal-del-libre-en","11":"pa_illustrateur-challand-ives-en","12":"pa_langue-occitan-auvernhat-en","13":"pa_langue-occitan-francais-en","14":"entry","16":"first","17":"instock","18":"shipping-taxable","19":"purchasable","20":"product-type-simple"},"acf":[],"_links":{"self":[{"href":"https:\/\/www.libraria-occitana.org\/en\/wp-json\/wp\/v2\/product\/33433","targetHints":{"allow":["GET"]}}],"collection":[{"href":"https:\/\/www.libraria-occitana.org\/en\/wp-json\/wp\/v2\/product"}],"about":[{"href":"https:\/\/www.libraria-occitana.org\/en\/wp-json\/wp\/v2\/types\/product"}],"wp:featuredmedia":[{"embeddable":true,"href":"https:\/\/www.libraria-occitana.org\/en\/wp-json\/wp\/v2\/media\/43036"}],"wp:attachment":[{"href":"https:\/\/www.libraria-occitana.org\/en\/wp-json\/wp\/v2\/media?parent=33433"}],"wp:term":[{"taxonomy":"product_brand","embeddable":true,"href":"https:\/\/www.libraria-occitana.org\/en\/wp-json\/wp\/v2\/product_brand?post=33433"},{"taxonomy":"product_cat","embeddable":true,"href":"https:\/\/www.libraria-occitana.org\/en\/wp-json\/wp\/v2\/product_cat?post=33433"},{"taxonomy":"product_tag","embeddable":true,"href":"https:\/\/www.libraria-occitana.org\/en\/wp-json\/wp\/v2\/product_tag?post=33433"}],"curies":[{"name":"wp","href":"https:\/\/api.w.org\/{rel}","templated":true}]}}