{"id":33441,"date":"2009-12-11T14:31:29","date_gmt":"2009-12-11T13:31:29","guid":{"rendered":"http:\/\/www.libraria-occitana.org\/?post_type=product&#038;p=33441\/"},"modified":"2026-04-16T22:01:49","modified_gmt":"2026-04-16T20:01:49","slug":"paraulas-e-musicas-repertoire-de-chansons-et-de-musiques-recueillies-dans-les-landes-de-1960-a-nos-jours","status":"publish","type":"product","link":"https:\/\/www.libraria-occitana.org\/en\/product\/paraulas-e-musicas-repertoire-de-chansons-et-de-musiques-recueillies-dans-les-landes-de-1960-a-nos-jours\/","title":{"rendered":"Paraulas e Musicas : R\u00e9pertoire de chansons et de musiques recueillies dans les Landes de 1960 \u00e0 nos jours"},"content":{"rendered":"<p>Nous connaissons tous le remarquable travail d&#8217;enqu\u00eate effectu\u00e9 par F\u00e9lix Arnaudin \u00e0 la fin du XIXe si\u00e8cle. Il y a quelques ann\u00e9es, ses travaux ont \u00e9t\u00e9 r\u00e9\u00e9dit\u00e9s ce qui atteste de tout l&#8217;int\u00e9r\u00eat que le public peut porter \u00e0 ce type d&#8217;ouvrage.<\/p>\n<p>Depuis cette \u0153uvre de collecte qui s&#8217;est termin\u00e9e en 1910, il n&#8217;y a pas eu de nouvelles publications de m\u00e9lodies populaires interpr\u00e9t\u00e9es dans notre d\u00e9partement. Pourtant il en est de nombreuses et in\u00e9dites qui ont \u00e9t\u00e9 recueillies notamment entre les ann\u00e9es 1975 et 1995.<\/p>\n<p>\u00c0 pr\u00e9sent, les informateurs ont disparu et les jeunes collecteurs de l&#8217;\u00e9poque ont maintenant entre 55 et 65 ans. Jusqu&#8217;\u00e0 ce jour, ces collectages, n&#8217;avaient pas \u00e9t\u00e9 retranscrits.<\/p>\n<p>Il a sembl\u00e9 primordial \u00e0 l&#8217;auteur de donner \u00e0 chacun la possibilit\u00e9 de pouvoir acc\u00e9der \u00e0 la richesse de notre patrimoine musical, et de le transmettre aux g\u00e9n\u00e9rations futures. C&#8217;est aujourd&#8217;hui chose faite au travers de ce livre qui r\u00e9uni plus de 200 m\u00e9lodies, chansons ou danses qui n&#8217;avaient pas \u00e9t\u00e9 not\u00e9e au d\u00e9but du XXe si\u00e8cle par F\u00e9lix Arnaudin. Cet ouvrage int\u00e9ressera tout naturellement les musiciens traditionnels de Gascogne et d&#8217;ailleurs mais \u00e9galement tous les amoureux de la culture et de la langue gasconnes.<\/p>\n<p>Pr\u00e9sentation bilingue des contextes culturels et musicaux. 220 partitions avec les paroles en gascon (lorsqu&#8217;elles ont \u00e9t\u00e9 collect\u00e9es) et leur traduction en fran\u00e7ais.<\/p>\n","protected":false},"excerpt":{"rendered":"<p>Nous connaissons tous le remarquable travail d&#8217;enqu\u00eate effectu\u00e9 par F\u00e9lix Arnaudin \u00e0 la fin du XIXe si\u00e8cle. Il y a quelques ann\u00e9es, ses travaux ont \u00e9t\u00e9 r\u00e9\u00e9dit\u00e9s ce qui atteste de tout l&#8217;int\u00e9r\u00eat que le public peut porter \u00e0 ce type d&#8217;ouvrage. Depuis cette \u0153uvre de collecte qui s&#8217;est termin\u00e9e en 1910, il n&#8217;y a [&hellip;]<\/p>\n","protected":false},"featured_media":56090,"template":"","meta":{"_acf_changed":false,"_genesis_hide_title":false,"_genesis_hide_breadcrumbs":false,"_genesis_hide_singular_image":false,"_genesis_hide_footer_widgets":false,"_genesis_custom_body_class":"","_genesis_custom_post_class":"","_genesis_layout":""},"product_brand":[],"product_cat":[7132,7190,7192],"product_tag":[],"class_list":{"0":"post-33441","1":"product","2":"type-product","3":"status-publish","4":"has-post-thumbnail","6":"product_cat-books","7":"product_cat-music-dances-en","8":"product_cat-scores-lyrics-en","9":"pa_auteur-cozian-yan-en","10":"pa_editeur-en-companhia-en","11":"pa_editeur-latelier-des-brisants-en","12":"pa_langue-occitan-gascon-en","13":"pa_langue-occitan-francais-en","14":"entry","16":"first","17":"outofstock","18":"shipping-taxable","19":"purchasable","20":"product-type-simple"},"acf":[],"_links":{"self":[{"href":"https:\/\/www.libraria-occitana.org\/en\/wp-json\/wp\/v2\/product\/33441","targetHints":{"allow":["GET"]}}],"collection":[{"href":"https:\/\/www.libraria-occitana.org\/en\/wp-json\/wp\/v2\/product"}],"about":[{"href":"https:\/\/www.libraria-occitana.org\/en\/wp-json\/wp\/v2\/types\/product"}],"wp:featuredmedia":[{"embeddable":true,"href":"https:\/\/www.libraria-occitana.org\/en\/wp-json\/wp\/v2\/media\/56090"}],"wp:attachment":[{"href":"https:\/\/www.libraria-occitana.org\/en\/wp-json\/wp\/v2\/media?parent=33441"}],"wp:term":[{"taxonomy":"product_brand","embeddable":true,"href":"https:\/\/www.libraria-occitana.org\/en\/wp-json\/wp\/v2\/product_brand?post=33441"},{"taxonomy":"product_cat","embeddable":true,"href":"https:\/\/www.libraria-occitana.org\/en\/wp-json\/wp\/v2\/product_cat?post=33441"},{"taxonomy":"product_tag","embeddable":true,"href":"https:\/\/www.libraria-occitana.org\/en\/wp-json\/wp\/v2\/product_tag?post=33441"}],"curies":[{"name":"wp","href":"https:\/\/api.w.org\/{rel}","templated":true}]}}