{"id":33443,"date":"2013-10-28T12:39:24","date_gmt":"2013-10-28T11:39:24","guid":{"rendered":"http:\/\/www.libraria-occitana.org\/?post_type=product&#038;p=33443\/"},"modified":"2026-04-14T00:21:22","modified_gmt":"2026-04-13T22:21:22","slug":"parcs-et-jardins-secrets-en-limousin","status":"publish","type":"product","link":"https:\/\/www.libraria-occitana.org\/en\/product\/parcs-et-jardins-secrets-en-limousin\/","title":{"rendered":"Parcs et jardins secrets en Limousin : Corr\u00e8ze &#8211; Creuse &#8211; Haute-Vienne"},"content":{"rendered":"<p>Apr\u00e8s <a href=\"http:\/\/www.libraria-occitana.org\/produit\/interieurs-secrets-en-limousin-antiquites-decoration-design\/\"><em>Int\u00e9rieurs secrets en Limousin<\/em><\/a>, premier ouvrage consacr\u00e9 \u00e0 l&#8217;art de vivre d&#8217;une province m\u00e9connue, les portails des parcs et jardins du Limousin s&#8217;ouvrent aux lecteurs pour le plaisir de nouvelles d\u00e9couvertes.<\/p>\n<p>Les auteurs nous invitent \u00e0 la rencontre de celles et ceux qui ont fait le choix de vivre en Corr\u00e8ze, Creuse et Haute-Vienne, qu&#8217;ils soient acteurs de \u00ab paysages jardin\u00e9s \u00bb ou gardiens de la m\u00e9moire de parcs historiques, conciliant respect du patrimoine et innovation.<\/p>\n<p><em>Parcs et jardins secrets en Limousin<\/em>, nouvel ouvrage richement illustr\u00e9, r\u00e9v\u00e8le un Limousin magnifi\u00e9 \u00e0 travers la visite de parcs agricoles et paysagers, de jardins urbains ou de ch\u00e2teaux, en dialogue permanent avec une nature simple et g\u00e9n\u00e9reuse.<\/p>\n<p>22 parcs et jardins, plus de 270 images, des adresses de s\u00e9jours et de visites&#8230;<\/p>\n","protected":false},"excerpt":{"rendered":"<p>Apr\u00e8s Int\u00e9rieurs secrets en Limousin, premier ouvrage consacr\u00e9 \u00e0 l&#8217;art de vivre d&#8217;une province m\u00e9connue, les portails des parcs et jardins du Limousin s&#8217;ouvrent aux lecteurs pour le plaisir de nouvelles d\u00e9couvertes. Les auteurs nous invitent \u00e0 la rencontre de celles et ceux qui ont fait le choix de vivre en Corr\u00e8ze, Creuse et Haute-Vienne, [&hellip;]<\/p>\n","protected":false},"featured_media":37386,"template":"","meta":{"_acf_changed":false,"_genesis_hide_title":false,"_genesis_hide_breadcrumbs":false,"_genesis_hide_singular_image":false,"_genesis_hide_footer_widgets":false,"_genesis_custom_body_class":"","_genesis_custom_post_class":"","_genesis_layout":""},"product_brand":[],"product_cat":[7132,7198,7196],"product_tag":[],"class_list":{"0":"post-33443","1":"product","2":"type-product","3":"status-publish","4":"has-post-thumbnail","6":"product_cat-books","7":"product_cat-guides-tourism-en","8":"product_cat-nature-tourism-en","9":"pa_auteur-ferrer-jean-marc-en","10":"pa_auteur-restoin-evert-marie-helene-en","11":"pa_editeur-les-ardents-editeurs-en","12":"pa_illustrateur-chassary-amelie-en","13":"pa_langue-francais-en","14":"entry","16":"first","17":"outofstock","18":"shipping-taxable","19":"purchasable","20":"product-type-simple"},"acf":[],"_links":{"self":[{"href":"https:\/\/www.libraria-occitana.org\/en\/wp-json\/wp\/v2\/product\/33443","targetHints":{"allow":["GET"]}}],"collection":[{"href":"https:\/\/www.libraria-occitana.org\/en\/wp-json\/wp\/v2\/product"}],"about":[{"href":"https:\/\/www.libraria-occitana.org\/en\/wp-json\/wp\/v2\/types\/product"}],"wp:featuredmedia":[{"embeddable":true,"href":"https:\/\/www.libraria-occitana.org\/en\/wp-json\/wp\/v2\/media\/37386"}],"wp:attachment":[{"href":"https:\/\/www.libraria-occitana.org\/en\/wp-json\/wp\/v2\/media?parent=33443"}],"wp:term":[{"taxonomy":"product_brand","embeddable":true,"href":"https:\/\/www.libraria-occitana.org\/en\/wp-json\/wp\/v2\/product_brand?post=33443"},{"taxonomy":"product_cat","embeddable":true,"href":"https:\/\/www.libraria-occitana.org\/en\/wp-json\/wp\/v2\/product_cat?post=33443"},{"taxonomy":"product_tag","embeddable":true,"href":"https:\/\/www.libraria-occitana.org\/en\/wp-json\/wp\/v2\/product_tag?post=33443"}],"curies":[{"name":"wp","href":"https:\/\/api.w.org\/{rel}","templated":true}]}}