{"id":33491,"date":"2004-11-12T11:40:18","date_gmt":"2004-11-12T10:40:18","guid":{"rendered":"http:\/\/www.libraria-occitana.org\/?post_type=product&#038;p=33491\/"},"modified":"2026-04-29T06:21:29","modified_gmt":"2026-04-29T04:21:29","slug":"oc-ben-deuxieme-annee-doccitan-livre-de-leleve","status":"publish","type":"product","link":"https:\/\/www.libraria-occitana.org\/en\/product\/oc-ben-deuxieme-annee-doccitan-livre-de-leleve\/","title":{"rendered":"\u00d2c-ben ! deuxi\u00e8me ann\u00e9e d&#8217;occitan : Livre de l&#8217;\u00e9l\u00e8ve"},"content":{"rendered":"<p>Li\u00e9e \u00e0 dix si\u00e8cles de production litt\u00e9raire et d&#8217;histoire, la langue d&#8217;oc est un h\u00e9ritage vivant de valeur universelle. Elle est parl\u00e9e et largement comprise de Bordeaux \u00e0 Nice et du Massif Central aux Pyr\u00e9n\u00e9es, ainsi que dans les vall\u00e9es pi\u00e9montaises d&#8217;Italie et dans le Val d&#8217;Aran, en Espagne.<\/p>\n<p>La langue moderne comprend plusieurs grandes vari\u00e9t\u00e9s r\u00e9gionales : cette diversit\u00e9 fait sa richesse mais aussi sa complexit\u00e9. <em>\u00d2c-ben !<\/em> est le premier manuel \u00e0 proposer un apprentissage raisonn\u00e9 de la langue d&#8217;oc dans son unit\u00e9 et sa diversit\u00e9. Son originalit\u00e9 est de guider l&#8217;\u00e9l\u00e8ve dans la connaissance du parler dont il se sent le plus proche &#8211; gascon, languedocien, limousin, proven\u00e7al &#8211; tout en lui montrant que la relation entre les variantes est constitutive de la langue.<\/p>\n<p><em>\u00d2c-ben !<\/em> forme un ensemble p\u00e9dagogique couvrant deux ann\u00e9es. Il est destin\u00e9 aux \u00e9l\u00e8ves des coll\u00e8ges et des lyc\u00e9es. Chaque ann\u00e9e comprend : le livre de l&#8217;\u00e9l\u00e8ve, un quadruple CD-audio pour l&#8217;usage en classe, un cahier d&#8217;exercices avec CD-audio.<\/p>\n<p><em>\u00d2c-ben !<\/em> est conforme aux orientations officielles pour l&#8217;enseignement des langues vivantes.<\/p>\n<p><a href=\"http:\/\/www.libraria-occitana.org\/produit\/oc-ben-deuxieme-annee-doccitan-cahier-dexercices-libre-cd\/\"><em>\u00d2c-ben ! deuxi\u00e8me ann\u00e9e : Cahier d&#8217;exercices <\/em><\/a>(libre + CD)<em><br \/>\n<a href=\"http:\/\/www.libraria-occitana.org\/produit\/oc-ben-deuxieme-annee-doccitan-quadruple-cd-audio\/\">\u00d2c-ben ! deuxi\u00e8me ann\u00e9e : Quadruple CD-audio<\/a><br \/>\n<\/em><\/p>\n","protected":false},"excerpt":{"rendered":"<p>Li\u00e9e \u00e0 dix si\u00e8cles de production litt\u00e9raire et d&#8217;histoire, la langue d&#8217;oc est un h\u00e9ritage vivant de valeur universelle. Elle est parl\u00e9e et largement comprise de Bordeaux \u00e0 Nice et du Massif Central aux Pyr\u00e9n\u00e9es, ainsi que dans les vall\u00e9es pi\u00e9montaises d&#8217;Italie et dans le Val d&#8217;Aran, en Espagne. La langue moderne comprend plusieurs grandes [&hellip;]<\/p>\n","protected":false},"featured_media":36930,"template":"","meta":{"_acf_changed":false,"_genesis_hide_title":false,"_genesis_hide_breadcrumbs":false,"_genesis_hide_singular_image":false,"_genesis_hide_footer_widgets":false,"_genesis_custom_body_class":"","_genesis_custom_post_class":"","_genesis_layout":""},"product_brand":[],"product_cat":[7132,7142,7136],"product_tag":[],"class_list":{"0":"post-33491","1":"product","2":"type-product","3":"status-publish","4":"has-post-thumbnail","6":"product_cat-books","7":"product_cat-course-books-en","8":"product_cat-dictionaries-language-educational-en","9":"pa_auteur-collectiu-en-2","10":"pa_auteur-salles-loustau-joan-en","11":"pa_editeur-canope-editions-en","12":"pa_langue-occitan-francais-en","13":"entry","15":"first","16":"instock","17":"shipping-taxable","18":"purchasable","19":"product-type-simple"},"acf":[],"_links":{"self":[{"href":"https:\/\/www.libraria-occitana.org\/en\/wp-json\/wp\/v2\/product\/33491","targetHints":{"allow":["GET"]}}],"collection":[{"href":"https:\/\/www.libraria-occitana.org\/en\/wp-json\/wp\/v2\/product"}],"about":[{"href":"https:\/\/www.libraria-occitana.org\/en\/wp-json\/wp\/v2\/types\/product"}],"wp:featuredmedia":[{"embeddable":true,"href":"https:\/\/www.libraria-occitana.org\/en\/wp-json\/wp\/v2\/media\/36930"}],"wp:attachment":[{"href":"https:\/\/www.libraria-occitana.org\/en\/wp-json\/wp\/v2\/media?parent=33491"}],"wp:term":[{"taxonomy":"product_brand","embeddable":true,"href":"https:\/\/www.libraria-occitana.org\/en\/wp-json\/wp\/v2\/product_brand?post=33491"},{"taxonomy":"product_cat","embeddable":true,"href":"https:\/\/www.libraria-occitana.org\/en\/wp-json\/wp\/v2\/product_cat?post=33491"},{"taxonomy":"product_tag","embeddable":true,"href":"https:\/\/www.libraria-occitana.org\/en\/wp-json\/wp\/v2\/product_tag?post=33491"}],"curies":[{"name":"wp","href":"https:\/\/api.w.org\/{rel}","templated":true}]}}