{"id":33528,"date":"2008-10-28T11:05:34","date_gmt":"2008-10-28T10:05:34","guid":{"rendered":"http:\/\/www.libraria-occitana.org\/?post_type=product&#038;p=33528\/"},"modified":"2026-04-29T01:21:46","modified_gmt":"2026-04-28T23:21:46","slug":"nadals-doccitania-chants-de-noel-doccitanie","status":"publish","type":"product","link":"https:\/\/www.libraria-occitana.org\/en\/product\/nadals-doccitania-chants-de-noel-doccitanie\/","title":{"rendered":"Nadals d&#8217;Occit\u00e0nia &#8211; Chants de No\u00ebl d&#8217;Occitanie"},"content":{"rendered":"<p>La tradition des chants de No\u00ebl, encore tr\u00e8s vivace en Occitanie est extr\u00eamement ancienne et d\u00e9j\u00e0, au XIIe si\u00e8cle, on trouvait des <em>Nadals<\/em> en langue occitane.<br \/>\nCe recueil sans pr\u00e9c\u00e9dent r\u00e9unit pr\u00e8s de 100 chants collect\u00e9s dans une zone g\u00e9ographie englobant essentiellement l&#8217;Albigeois, le Quercy et le Rouergue et une partie du Bas-Languedoc. On y trouve outre la transcription et la traduction des textes, les partitions correspondantes et de nombreux commentaires.<\/p>\n<p>Cette publication peut \u00eatre compl\u00e9t\u00e9e par le double album : <a href=\"http:\/\/www.libraria-occitana.org\/produit\/nadals-doccitania-2-cd\/\"><em>Nadals d\u2019Occit\u00e0nia <\/em>(2 CD)<\/a>.<\/p>\n","protected":false},"excerpt":{"rendered":"<p>La tradition des chants de No\u00ebl, encore tr\u00e8s vivace en Occitanie est extr\u00eamement ancienne et d\u00e9j\u00e0, au XIIe si\u00e8cle, on trouvait des Nadals en langue occitane. Ce recueil sans pr\u00e9c\u00e9dent r\u00e9unit pr\u00e8s de 100 chants collect\u00e9s dans une zone g\u00e9ographie englobant essentiellement l&#8217;Albigeois, le Quercy et le Rouergue et une partie du Bas-Languedoc. On y [&hellip;]<\/p>\n","protected":false},"featured_media":52326,"template":"","meta":{"_acf_changed":false,"_genesis_hide_title":false,"_genesis_hide_breadcrumbs":false,"_genesis_hide_singular_image":false,"_genesis_hide_footer_widgets":false,"_genesis_custom_body_class":"","_genesis_custom_post_class":"","_genesis_layout":""},"product_brand":[],"product_cat":[7132,7190,7192],"product_tag":[],"class_list":{"0":"post-33528","1":"product","2":"type-product","3":"status-publish","4":"has-post-thumbnail","6":"product_cat-books","7":"product_cat-music-dances-en","8":"product_cat-scores-lyrics-en","9":"pa_auteur-cordae-la-talvera-fr-en","10":"pa_editeur-cordae-la-talvera-en","11":"pa_langue-occitan-lengadocian-en","12":"pa_langue-occitan-francais-en","13":"entry","15":"first","16":"instock","17":"shipping-taxable","18":"purchasable","19":"product-type-simple"},"acf":[],"_links":{"self":[{"href":"https:\/\/www.libraria-occitana.org\/en\/wp-json\/wp\/v2\/product\/33528","targetHints":{"allow":["GET"]}}],"collection":[{"href":"https:\/\/www.libraria-occitana.org\/en\/wp-json\/wp\/v2\/product"}],"about":[{"href":"https:\/\/www.libraria-occitana.org\/en\/wp-json\/wp\/v2\/types\/product"}],"wp:featuredmedia":[{"embeddable":true,"href":"https:\/\/www.libraria-occitana.org\/en\/wp-json\/wp\/v2\/media\/52326"}],"wp:attachment":[{"href":"https:\/\/www.libraria-occitana.org\/en\/wp-json\/wp\/v2\/media?parent=33528"}],"wp:term":[{"taxonomy":"product_brand","embeddable":true,"href":"https:\/\/www.libraria-occitana.org\/en\/wp-json\/wp\/v2\/product_brand?post=33528"},{"taxonomy":"product_cat","embeddable":true,"href":"https:\/\/www.libraria-occitana.org\/en\/wp-json\/wp\/v2\/product_cat?post=33528"},{"taxonomy":"product_tag","embeddable":true,"href":"https:\/\/www.libraria-occitana.org\/en\/wp-json\/wp\/v2\/product_tag?post=33528"}],"curies":[{"name":"wp","href":"https:\/\/api.w.org\/{rel}","templated":true}]}}