{"id":33621,"date":"2000-03-27T16:12:07","date_gmt":"2000-03-27T14:12:07","guid":{"rendered":"http:\/\/www.libraria-occitana.org\/?post_type=product&#038;p=33621\/"},"modified":"2026-04-29T01:21:21","modified_gmt":"2026-04-28T23:21:21","slug":"liquors-e-confiments-liqueurs-et-confitures-occitanes","status":"publish","type":"product","link":"https:\/\/www.libraria-occitana.org\/en\/product\/liquors-e-confiments-liqueurs-et-confitures-occitanes\/","title":{"rendered":"Liquors e confiments : Liqueurs et confitures occitanes"},"content":{"rendered":"<p>Cosina N\u00f2stra , une collection de recettes de cuisine occitanes.<\/p>\n<p>Les recettes, issues d&#8217;enqu\u00eates orales r\u00e9alis\u00e9es par l&#8217;association CORDAE \/ La Talvera, sont pr\u00e9sent\u00e9es en occitan et en fran\u00e7ais pour le plaisir des petits et grands gourmands.<\/p>\n","protected":false},"excerpt":{"rendered":"<p>Cosina N\u00f2stra , une collection de recettes de cuisine occitanes. Les recettes, issues d&#8217;enqu\u00eates orales r\u00e9alis\u00e9es par l&#8217;association CORDAE \/ La Talvera, sont pr\u00e9sent\u00e9es en occitan et en fran\u00e7ais pour le plaisir des petits et grands gourmands.<\/p>\n","protected":false},"featured_media":43200,"template":"","meta":{"_acf_changed":false,"_genesis_hide_title":false,"_genesis_hide_breadcrumbs":false,"_genesis_hide_singular_image":false,"_genesis_hide_footer_widgets":false,"_genesis_custom_body_class":"","_genesis_custom_post_class":"","_genesis_layout":""},"product_brand":[],"product_cat":[7132,7210,7206],"product_tag":[],"class_list":{"0":"post-33621","1":"product","2":"type-product","3":"status-publish","4":"has-post-thumbnail","6":"product_cat-books","7":"product_cat-cooking-cuisine-en","8":"product_cat-traditions-heritage-en","9":"pa_auteur-loddo-daniel-en","10":"pa_auteur-ricard-celine-en","11":"pa_editeur-cordae-la-talvera-en","12":"pa_langue-occitan-lengadocian-en","13":"pa_langue-occitan-francais-en","14":"entry","16":"first","17":"instock","18":"shipping-taxable","19":"purchasable","20":"product-type-simple"},"acf":[],"_links":{"self":[{"href":"https:\/\/www.libraria-occitana.org\/en\/wp-json\/wp\/v2\/product\/33621","targetHints":{"allow":["GET"]}}],"collection":[{"href":"https:\/\/www.libraria-occitana.org\/en\/wp-json\/wp\/v2\/product"}],"about":[{"href":"https:\/\/www.libraria-occitana.org\/en\/wp-json\/wp\/v2\/types\/product"}],"wp:featuredmedia":[{"embeddable":true,"href":"https:\/\/www.libraria-occitana.org\/en\/wp-json\/wp\/v2\/media\/43200"}],"wp:attachment":[{"href":"https:\/\/www.libraria-occitana.org\/en\/wp-json\/wp\/v2\/media?parent=33621"}],"wp:term":[{"taxonomy":"product_brand","embeddable":true,"href":"https:\/\/www.libraria-occitana.org\/en\/wp-json\/wp\/v2\/product_brand?post=33621"},{"taxonomy":"product_cat","embeddable":true,"href":"https:\/\/www.libraria-occitana.org\/en\/wp-json\/wp\/v2\/product_cat?post=33621"},{"taxonomy":"product_tag","embeddable":true,"href":"https:\/\/www.libraria-occitana.org\/en\/wp-json\/wp\/v2\/product_tag?post=33621"}],"curies":[{"name":"wp","href":"https:\/\/api.w.org\/{rel}","templated":true}]}}