{"id":33626,"date":"2012-05-13T11:17:25","date_gmt":"2012-05-13T09:17:25","guid":{"rendered":"http:\/\/www.libraria-occitana.org\/?post_type=product&#038;p=33626\/"},"modified":"2026-04-14T00:21:14","modified_gmt":"2026-04-13T22:21:14","slug":"limoges-souterrain-mythes-des-profondeurs","status":"publish","type":"product","link":"https:\/\/www.libraria-occitana.org\/en\/product\/limoges-souterrain-mythes-des-profondeurs\/","title":{"rendered":"Limoges souterrain : Mythes des profondeurs"},"content":{"rendered":"<p>Durant plus de deux mille ans, les habitants ont creus\u00e9 le sous-sol friable de la capitale limousine pour y am\u00e9nager aqueducs, caves et basses-caves, cryptes, tunnels et rues souterraines. Ce maillage repr\u00e9sente aujourd\u2019hui un patrimoine fragile et singulier, pr\u00e9cieux t\u00e9moignage de l\u2019histoire urbaine.<\/p>\n<p>Un voyage insoup\u00e7onn\u00e9 en images au c\u0153ur d\u2019un des plus vastes ensembles de cavit\u00e9s souterraines urbaines de France. Historiens et chercheurs d\u00e9voilent les myst\u00e8res et les mythes des lieux majeurs et m\u00e9connus d\u2019une ville double souterraine et compl\u00e8tent les choix esth\u00e9tiques du regard photographique.<\/p>\n","protected":false},"excerpt":{"rendered":"<p>Durant plus de deux mille ans, les habitants ont creus\u00e9 le sous-sol friable de la capitale limousine pour y am\u00e9nager aqueducs, caves et basses-caves, cryptes, tunnels et rues souterraines. Ce maillage repr\u00e9sente aujourd\u2019hui un patrimoine fragile et singulier, pr\u00e9cieux t\u00e9moignage de l\u2019histoire urbaine. Un voyage insoup\u00e7onn\u00e9 en images au c\u0153ur d\u2019un des plus vastes ensembles [&hellip;]<\/p>\n","protected":false},"featured_media":37914,"template":"","meta":{"_acf_changed":false,"_genesis_hide_title":false,"_genesis_hide_breadcrumbs":false,"_genesis_hide_singular_image":false,"_genesis_hide_footer_widgets":false,"_genesis_custom_body_class":"","_genesis_custom_post_class":"","_genesis_layout":""},"product_brand":[],"product_cat":[7132,7198,7196],"product_tag":[],"class_list":{"0":"post-33626","1":"product","2":"type-product","3":"status-publish","4":"has-post-thumbnail","6":"product_cat-books","7":"product_cat-guides-tourism-en","8":"product_cat-nature-tourism-en","9":"pa_auteur-bussereau-matthieu-fr-en","10":"pa_auteur-ferrer-jean-marc-en","11":"pa_editeur-les-ardents-editeurs-en","12":"pa_langue-francais-en","13":"entry","15":"first","16":"instock","17":"shipping-taxable","18":"purchasable","19":"product-type-simple"},"acf":[],"_links":{"self":[{"href":"https:\/\/www.libraria-occitana.org\/en\/wp-json\/wp\/v2\/product\/33626","targetHints":{"allow":["GET"]}}],"collection":[{"href":"https:\/\/www.libraria-occitana.org\/en\/wp-json\/wp\/v2\/product"}],"about":[{"href":"https:\/\/www.libraria-occitana.org\/en\/wp-json\/wp\/v2\/types\/product"}],"wp:featuredmedia":[{"embeddable":true,"href":"https:\/\/www.libraria-occitana.org\/en\/wp-json\/wp\/v2\/media\/37914"}],"wp:attachment":[{"href":"https:\/\/www.libraria-occitana.org\/en\/wp-json\/wp\/v2\/media?parent=33626"}],"wp:term":[{"taxonomy":"product_brand","embeddable":true,"href":"https:\/\/www.libraria-occitana.org\/en\/wp-json\/wp\/v2\/product_brand?post=33626"},{"taxonomy":"product_cat","embeddable":true,"href":"https:\/\/www.libraria-occitana.org\/en\/wp-json\/wp\/v2\/product_cat?post=33626"},{"taxonomy":"product_tag","embeddable":true,"href":"https:\/\/www.libraria-occitana.org\/en\/wp-json\/wp\/v2\/product_tag?post=33626"}],"curies":[{"name":"wp","href":"https:\/\/api.w.org\/{rel}","templated":true}]}}