{"id":33689,"date":"2010-09-23T18:59:59","date_gmt":"2010-09-23T16:59:59","guid":{"rendered":"http:\/\/www.libraria-occitana.org\/?post_type=product&#038;p=33689\/"},"modified":"2026-04-14T04:46:47","modified_gmt":"2026-04-14T02:46:47","slug":"les-reves-gigognes","status":"publish","type":"product","link":"https:\/\/www.libraria-occitana.org\/en\/product\/les-reves-gigognes\/","title":{"rendered":"Les r\u00eaves gigognes"},"content":{"rendered":"<p><strong>Joan-Pau-Verdier :<\/strong> Chant guitares rythmiques<br \/>\n<strong>Patrick Descamps :<\/strong> Basses, contrebasse, accord\u00e9on, guitares, \u00e9criture des Cordes<br \/>\n<strong>Didier Berguin :<\/strong> Guitares classiques et \u00e9lectriques, rythmiques et solos ch\u0153urs<br \/>\n<strong>Pascal Robert :<\/strong> Batterie, caj\u00f3n, percussions, ch\u0153urs<br \/>\n+<br \/>\nSaxophones et fl\u00fbte basse : Thierry R\u00e9ale<br \/>\nViolon alto : C\u00e9dric Mouli\u00e9<br \/>\nVioloncelle : Sophie Legris Caron<br \/>\nRebec, oud : Maurice Moncozet<\/p>\n<p>Un album de compositions originales qui m\u00ealent le fran\u00e7ais et l&#8217;occitan.<\/p>\n<p><strong>Titres :<\/strong><br \/>\n1. Les d\u00e9s de Mallarm\u00e9 (Pr\u00e9lude) 0&#8217;24<br \/>\n2. La r\u00e8gle du jeu &#8211; La regla del ju\u00f2c 3&#8217;59<br \/>\n3. Les d\u00e9s de Mallarm\u00e9 &#8211; Los dats de Mallarm\u00e9 4&#8217;02<br \/>\n4. Bradint Bradau e fau que brau &#8211; En d\u00e9sordre et vaille que vaille 3&#8217;52<br \/>\n5. Jour de Flemme &#8211; Jorn de fenha 4&#8217;27<br \/>\n6. Filh de lop (Pr\u00e9lude) 0&#8217;35<br \/>\n7. Filh de lop &#8211; Fils de loup 3&#8217;52<br \/>\n8. Mis\u00e9ricordes &#8211; Miseric\u00f2rdia 4&#8217;25<br \/>\n9. Anar liures &#8211; S&#8217;en aller libres 4&#8217;22<br \/>\n10. Capforcas (instru) &#8211; Crois\u00e9es de chemins 3&#8217;50<br \/>\n11. Chant de l&#8217;heure &#8211; Cant de l&#8217;ora 2&#8217;49<br \/>\n12. Qu\u00f2 fai pas res &#8211; \u00c7a ne fait rien 3&#8217;05<br \/>\n13. Pluie d&#8217;images &#8211; Plueja d&#8217;imatges 4&#8217;02<br \/>\n14. Nu\u00e8it de l&#8217;euse &#8211; Nuit de l&#8217;yeuse 4&#8217;21<br \/>\n15. Phalanst\u00e8res &#8211; Falanst\u00e8ris 3&#8217;33<br \/>\n16. En def\u00f2ra &#8211; En dehors 8&#8217;12<\/p>\n","protected":false},"excerpt":{"rendered":"<p>Joan-Pau-Verdier : Chant guitares rythmiques Patrick Descamps : Basses, contrebasse, accord\u00e9on, guitares, \u00e9criture des Cordes Didier Berguin : Guitares classiques et \u00e9lectriques, rythmiques et solos ch\u0153urs Pascal Robert : Batterie, caj\u00f3n, percussions, ch\u0153urs + Saxophones et fl\u00fbte basse : Thierry R\u00e9ale Violon alto : C\u00e9dric Mouli\u00e9 Violoncelle : Sophie Legris Caron Rebec, oud : Maurice [&hellip;]<\/p>\n","protected":false},"featured_media":52074,"template":"","meta":{"_acf_changed":false,"_genesis_hide_title":false,"_genesis_hide_breadcrumbs":false,"_genesis_hide_singular_image":false,"_genesis_hide_footer_widgets":false,"_genesis_custom_body_class":"","_genesis_custom_post_class":"","_genesis_layout":""},"product_brand":[],"product_cat":[7216,7218],"product_tag":[],"class_list":{"0":"post-33689","1":"product","2":"type-product","3":"status-publish","4":"has-post-thumbnail","6":"product_cat-music-en","7":"product_cat-voice-en","8":"pa_auteur-verdier-joan-pau-en","9":"pa_editeur-lyeuse-en","10":"pa_langue-francais-en","11":"pa_langue-occitan-en","12":"pa_langue-occitan-lemosin-en","13":"pa_langue-occitan-lengadocian-en","14":"entry","16":"first","17":"outofstock","18":"shipping-taxable","19":"purchasable","20":"product-type-simple"},"acf":[],"_links":{"self":[{"href":"https:\/\/www.libraria-occitana.org\/en\/wp-json\/wp\/v2\/product\/33689","targetHints":{"allow":["GET"]}}],"collection":[{"href":"https:\/\/www.libraria-occitana.org\/en\/wp-json\/wp\/v2\/product"}],"about":[{"href":"https:\/\/www.libraria-occitana.org\/en\/wp-json\/wp\/v2\/types\/product"}],"wp:featuredmedia":[{"embeddable":true,"href":"https:\/\/www.libraria-occitana.org\/en\/wp-json\/wp\/v2\/media\/52074"}],"wp:attachment":[{"href":"https:\/\/www.libraria-occitana.org\/en\/wp-json\/wp\/v2\/media?parent=33689"}],"wp:term":[{"taxonomy":"product_brand","embeddable":true,"href":"https:\/\/www.libraria-occitana.org\/en\/wp-json\/wp\/v2\/product_brand?post=33689"},{"taxonomy":"product_cat","embeddable":true,"href":"https:\/\/www.libraria-occitana.org\/en\/wp-json\/wp\/v2\/product_cat?post=33689"},{"taxonomy":"product_tag","embeddable":true,"href":"https:\/\/www.libraria-occitana.org\/en\/wp-json\/wp\/v2\/product_tag?post=33689"}],"curies":[{"name":"wp","href":"https:\/\/api.w.org\/{rel}","templated":true}]}}