{"id":33706,"date":"2009-02-01T15:37:53","date_gmt":"2009-02-01T14:37:53","guid":{"rendered":"http:\/\/www.libraria-occitana.org\/?post_type=product&#038;p=33706\/"},"modified":"2026-04-29T10:36:33","modified_gmt":"2026-04-29T08:36:33","slug":"les-eglises-du-causse-correzien","status":"publish","type":"product","link":"https:\/\/www.libraria-occitana.org\/en\/product\/les-eglises-du-causse-correzien\/","title":{"rendered":"Les \u00e9glises du Causse Corr\u00e9zien"},"content":{"rendered":"<p>\u00c0 travers cet ouvrage, partez \u00e0 la d\u00e9couverte du patrimoine religieux du Causse Corr\u00e9zien.<br \/>\nDouze \u00e9glises et une vierge sont tr\u00e8s pr\u00e9cis\u00e9ment d\u00e9crites par ordre alphab\u00e9tique afin que vous puissiez appr\u00e9cier leur architecture et leurs objets mobiliers en toute simplicit\u00e9.<\/p>\n<p>Pour une meilleure compr\u00e9hension et une visite guid\u00e9e de ces \u00e9difices, pr\u00e8s de trois cents photographies viennent illustrer les propos.<\/p>\n<p>Ainsi ce livre complet vous servira aussi bien de guide touristique que de livre de chevet.<\/p>\n<p>Laissez-vous charmer par ce patrimoine remarquable qui ne demande qu&#8217;\u00e0 \u00eatre mis en valeur !<\/p>\n","protected":false},"excerpt":{"rendered":"<p>\u00c0 travers cet ouvrage, partez \u00e0 la d\u00e9couverte du patrimoine religieux du Causse Corr\u00e9zien. Douze \u00e9glises et une vierge sont tr\u00e8s pr\u00e9cis\u00e9ment d\u00e9crites par ordre alphab\u00e9tique afin que vous puissiez appr\u00e9cier leur architecture et leurs objets mobiliers en toute simplicit\u00e9. Pour une meilleure compr\u00e9hension et une visite guid\u00e9e de ces \u00e9difices, pr\u00e8s de trois cents [&hellip;]<\/p>\n","protected":false},"featured_media":59173,"template":"","meta":{"_acf_changed":false,"_genesis_hide_title":false,"_genesis_hide_breadcrumbs":false,"_genesis_hide_singular_image":false,"_genesis_hide_footer_widgets":false,"_genesis_custom_body_class":"","_genesis_custom_post_class":"","_genesis_layout":""},"product_brand":[],"product_cat":[7132,7198,7196,7238],"product_tag":[],"class_list":{"0":"post-33706","1":"product","2":"type-product","3":"status-publish","4":"has-post-thumbnail","6":"product_cat-books","7":"product_cat-guides-tourism-en","8":"product_cat-nature-tourism-en","9":"product_cat-promotions-en","10":"pa_auteur-legouffe-valerie-en","11":"pa_editeur-geste-en","12":"pa_langue-francais-en","13":"entry","15":"first","16":"instock","17":"shipping-taxable","18":"purchasable","19":"product-type-simple"},"acf":[],"_links":{"self":[{"href":"https:\/\/www.libraria-occitana.org\/en\/wp-json\/wp\/v2\/product\/33706","targetHints":{"allow":["GET"]}}],"collection":[{"href":"https:\/\/www.libraria-occitana.org\/en\/wp-json\/wp\/v2\/product"}],"about":[{"href":"https:\/\/www.libraria-occitana.org\/en\/wp-json\/wp\/v2\/types\/product"}],"wp:featuredmedia":[{"embeddable":true,"href":"https:\/\/www.libraria-occitana.org\/en\/wp-json\/wp\/v2\/media\/59173"}],"wp:attachment":[{"href":"https:\/\/www.libraria-occitana.org\/en\/wp-json\/wp\/v2\/media?parent=33706"}],"wp:term":[{"taxonomy":"product_brand","embeddable":true,"href":"https:\/\/www.libraria-occitana.org\/en\/wp-json\/wp\/v2\/product_brand?post=33706"},{"taxonomy":"product_cat","embeddable":true,"href":"https:\/\/www.libraria-occitana.org\/en\/wp-json\/wp\/v2\/product_cat?post=33706"},{"taxonomy":"product_tag","embeddable":true,"href":"https:\/\/www.libraria-occitana.org\/en\/wp-json\/wp\/v2\/product_tag?post=33706"}],"curies":[{"name":"wp","href":"https:\/\/api.w.org\/{rel}","templated":true}]}}