{"id":33721,"date":"2007-05-24T13:43:12","date_gmt":"2007-05-24T11:43:12","guid":{"rendered":"http:\/\/www.libraria-occitana.org\/?post_type=product&#038;p=33721\/"},"modified":"2026-04-22T20:21:22","modified_gmt":"2026-04-22T18:21:22","slug":"les-paysans-du-languedoc","status":"publish","type":"product","link":"https:\/\/www.libraria-occitana.org\/en\/product\/les-paysans-du-languedoc\/","title":{"rendered":"Les paysans du Languedoc"},"content":{"rendered":"<p><em>Les Paysans du Languedoc<\/em> d\u00e9crivent l&#8217;\u00e9volution d&#8217;une soci\u00e9t\u00e9 rurale depuis la Renaissance jusqu&#8217;au XVIIe si\u00e8cle : le processus de naissance des richesses n&#8217;est pas alors engag\u00e9, l&#8217;essor d\u00e9mographique n&#8217;est pas accompagn\u00e9 de la croissance des ressources. Par bien des aspects, le Languedoc ancien pr\u00e9figure les nations sous-d\u00e9velopp\u00e9es d&#8217;aujourd&#8217;hui. Mais les mentalit\u00e9s changent.<\/p>\n<p>Le C\u00e9venol de 1500, paillard et gaillard, \u00e9pris de danse jusqu&#8217;\u00e0 la folie, papiste, superstitieux et sorcier, sombre dans la nuit de l&#8217;oubli et dans les profondeurs du subconscient. Un peuple nouveau na\u00eet, form\u00e9 par les huguenots : religion \u00e9pur\u00e9e des rites magiques, libido censur\u00e9e, \u00e9pargne bourgeoise et libert\u00e9 chr\u00e9tienne. Ce peuple est triste et libre : il survivra, tel qu&#8217;en lui-m\u00eame, bien au-del\u00e0 des camisards, jusqu&#8217;aux gestes paysannes d&#8217;Andr\u00e9 Chamson, jusqu&#8217;aux romans de Zola.<\/p>\n<p>Ce premier grand livre d&#8217;Emmanuel Le Roy Ladurie s&#8217;est impos\u00e9 d&#8217;embl\u00e9e comme un ouvrage classique.<\/p>\n","protected":false},"excerpt":{"rendered":"<p>Les Paysans du Languedoc d\u00e9crivent l&#8217;\u00e9volution d&#8217;une soci\u00e9t\u00e9 rurale depuis la Renaissance jusqu&#8217;au XVIIe si\u00e8cle : le processus de naissance des richesses n&#8217;est pas alors engag\u00e9, l&#8217;essor d\u00e9mographique n&#8217;est pas accompagn\u00e9 de la croissance des ressources. Par bien des aspects, le Languedoc ancien pr\u00e9figure les nations sous-d\u00e9velopp\u00e9es d&#8217;aujourd&#8217;hui. Mais les mentalit\u00e9s changent. Le C\u00e9venol de [&hellip;]<\/p>\n","protected":false},"featured_media":37144,"template":"","meta":{"_acf_changed":false,"_genesis_hide_title":false,"_genesis_hide_breadcrumbs":false,"_genesis_hide_singular_image":false,"_genesis_hide_footer_widgets":false,"_genesis_custom_body_class":"","_genesis_custom_post_class":"","_genesis_layout":""},"product_brand":[],"product_cat":[7132,7148,7158],"product_tag":[],"class_list":{"0":"post-33721","1":"product","2":"type-product","3":"status-publish","4":"has-post-thumbnail","6":"product_cat-books","7":"product_cat-history-geography-en","8":"product_cat-modern-and-contemporary-history-en","9":"pa_auteur-le-roy-ladurie-emmanuel-en","10":"pa_editeur-flammarion-en","11":"pa_langue-francais-en","12":"entry","14":"first","15":"outofstock","16":"shipping-taxable","17":"purchasable","18":"product-type-simple"},"acf":[],"_links":{"self":[{"href":"https:\/\/www.libraria-occitana.org\/en\/wp-json\/wp\/v2\/product\/33721","targetHints":{"allow":["GET"]}}],"collection":[{"href":"https:\/\/www.libraria-occitana.org\/en\/wp-json\/wp\/v2\/product"}],"about":[{"href":"https:\/\/www.libraria-occitana.org\/en\/wp-json\/wp\/v2\/types\/product"}],"wp:featuredmedia":[{"embeddable":true,"href":"https:\/\/www.libraria-occitana.org\/en\/wp-json\/wp\/v2\/media\/37144"}],"wp:attachment":[{"href":"https:\/\/www.libraria-occitana.org\/en\/wp-json\/wp\/v2\/media?parent=33721"}],"wp:term":[{"taxonomy":"product_brand","embeddable":true,"href":"https:\/\/www.libraria-occitana.org\/en\/wp-json\/wp\/v2\/product_brand?post=33721"},{"taxonomy":"product_cat","embeddable":true,"href":"https:\/\/www.libraria-occitana.org\/en\/wp-json\/wp\/v2\/product_cat?post=33721"},{"taxonomy":"product_tag","embeddable":true,"href":"https:\/\/www.libraria-occitana.org\/en\/wp-json\/wp\/v2\/product_tag?post=33721"}],"curies":[{"name":"wp","href":"https:\/\/api.w.org\/{rel}","templated":true}]}}