{"id":33756,"date":"2011-07-27T20:43:35","date_gmt":"2011-07-27T18:43:35","guid":{"rendered":"http:\/\/www.libraria-occitana.org\/?post_type=product&#038;p=33756\/"},"modified":"2026-04-29T10:13:17","modified_gmt":"2026-04-29T08:13:17","slug":"la-vannerie-sauvage-second-volume-pour-aller-plus-loin-libre-dvd","status":"publish","type":"product","link":"https:\/\/www.libraria-occitana.org\/en\/product\/la-vannerie-sauvage-second-volume-pour-aller-plus-loin-libre-dvd\/","title":{"rendered":"La vannerie sauvage : second volume, pour aller plus loin&#8230; (libre + DVD)"},"content":{"rendered":"<p>De nouveaux mod\u00e8les traditionnels, des cr\u00e9ations originales, des portraits de vanniers, de nouvelles techniques simples et \u00e0 la port\u00e9e de tous (\u00e9corce, tresses de paille, etc.), l&#8217;art de fabriquer ses propres outils, la pr\u00e9sentation de 10 nouveaux mat\u00e9riaux sauvages, compl\u00e9t\u00e9 par un DVD riche en sujets compl\u00e9mentaires aux propos du livre, le tout au service d&#8217;une philosophie du bien vivre avec notre nature de proximit\u00e9.<\/p>\n<p>Un ouvrage qui comblera \u00e0 la fois les amateurs de beaux objets mais aussi ceux de beaux livres&#8230; Pas besoin d&#8217;\u00eatre vannier pour appr\u00e9cier, pas besoin d&#8217;\u00eatre initi\u00e9 non plus, <em>La vannerie sauvage<\/em> s&#8217;adresse \u00e0 tous les publics, du d\u00e9butant au vannier confirm\u00e9 !<\/p>\n<p>Chacun trouvera dans ce volume tout ce dont il r\u00eavait d&#8217;apprendre sur un artisanat aussi vieux que l&#8217;Humanit\u00e9 elle-m\u00eame.<\/p>\n<p>Un DVD riche de 9 sujets principaux aborde et d\u00e9taille de tr\u00e8s nombreux points techniques pr\u00e9sent\u00e9s dans cet ouvrage. L&#8217;ensemble livre + DVD constitue une source irrempla\u00e7able d&#8217;informations pour bien r\u00e9ussir vos cr\u00e9ations \u00e0 venir.<\/p>\n<p><a href=\"http:\/\/www.libraria-occitana.org\/produit\/la-vannerie-sauvage-initiation-libre-dvd\/\"><em>La vannerie sauvage : initiation<\/em><\/a> (libre + DVD)<\/p>\n","protected":false},"excerpt":{"rendered":"<p>De nouveaux mod\u00e8les traditionnels, des cr\u00e9ations originales, des portraits de vanniers, de nouvelles techniques simples et \u00e0 la port\u00e9e de tous (\u00e9corce, tresses de paille, etc.), l&#8217;art de fabriquer ses propres outils, la pr\u00e9sentation de 10 nouveaux mat\u00e9riaux sauvages, compl\u00e9t\u00e9 par un DVD riche en sujets compl\u00e9mentaires aux propos du livre, le tout au service [&hellip;]<\/p>\n","protected":false},"featured_media":43206,"template":"","meta":{"_acf_changed":false,"_genesis_hide_title":false,"_genesis_hide_breadcrumbs":false,"_genesis_hide_singular_image":false,"_genesis_hide_footer_widgets":false,"_genesis_custom_body_class":"","_genesis_custom_post_class":"","_genesis_layout":""},"product_brand":[],"product_cat":[7132,7212,7206],"product_tag":[],"class_list":{"0":"post-33756","1":"product","2":"type-product","3":"status-publish","4":"has-post-thumbnail","6":"product_cat-books","7":"product_cat-traditional-skills-savoirs-faire-en","8":"product_cat-traditions-heritage-en","9":"pa_auteur-bertrand-bernard-en","10":"pa_editeur-editions-de-terran-en","11":"pa_langue-francais-en","12":"entry","14":"first","15":"outofstock","16":"shipping-taxable","17":"purchasable","18":"product-type-simple"},"acf":[],"_links":{"self":[{"href":"https:\/\/www.libraria-occitana.org\/en\/wp-json\/wp\/v2\/product\/33756","targetHints":{"allow":["GET"]}}],"collection":[{"href":"https:\/\/www.libraria-occitana.org\/en\/wp-json\/wp\/v2\/product"}],"about":[{"href":"https:\/\/www.libraria-occitana.org\/en\/wp-json\/wp\/v2\/types\/product"}],"wp:featuredmedia":[{"embeddable":true,"href":"https:\/\/www.libraria-occitana.org\/en\/wp-json\/wp\/v2\/media\/43206"}],"wp:attachment":[{"href":"https:\/\/www.libraria-occitana.org\/en\/wp-json\/wp\/v2\/media?parent=33756"}],"wp:term":[{"taxonomy":"product_brand","embeddable":true,"href":"https:\/\/www.libraria-occitana.org\/en\/wp-json\/wp\/v2\/product_brand?post=33756"},{"taxonomy":"product_cat","embeddable":true,"href":"https:\/\/www.libraria-occitana.org\/en\/wp-json\/wp\/v2\/product_cat?post=33756"},{"taxonomy":"product_tag","embeddable":true,"href":"https:\/\/www.libraria-occitana.org\/en\/wp-json\/wp\/v2\/product_tag?post=33756"}],"curies":[{"name":"wp","href":"https:\/\/api.w.org\/{rel}","templated":true}]}}