{"id":33769,"date":"2011-01-09T12:57:41","date_gmt":"2011-01-09T11:57:41","guid":{"rendered":"http:\/\/www.libraria-occitana.org\/?post_type=product&#038;p=33769\/"},"modified":"2026-04-03T04:26:09","modified_gmt":"2026-04-03T02:26:09","slug":"la-troba-anthologie-chantee-des-troubadours-xie-xiiie-siecles-5-5-cd","status":"publish","type":"product","link":"https:\/\/www.libraria-occitana.org\/en\/product\/la-troba-anthologie-chantee-des-troubadours-xie-xiiie-siecles-5-5-cd\/","title":{"rendered":"La Tr\u00f2ba : Anthologie chant\u00e9e des troubadours XIe-XIIIe si\u00e8cles 5 (5 CD)"},"content":{"rendered":"<p><strong>Troubadours Art Ensemble, dir. G\u00e9rard Zuchetto :<\/strong> Chant<\/p>\n<p><em>La Tr\u00f2ba : Anthologie chant\u00e9e des Troubadours XII\u00e8me et XIII\u00e8me si\u00e8cles<\/em>, ce sont 5 coffrets de 4 ou 6 CD repr\u00e9sentant une partie des 248 chansons du <em>trobar<\/em> entre 1100 et 1300.<\/p>\n<p>\u00c0 l&#8217;aube du XIIe si\u00e8cle, en Occitanie, na\u00eet la litt\u00e9rature moderne de l&#8217;Europe. Les troubadours chantent l&#8217;amour, joie et jeunesse, dans une savante alchimie des mots et des sons. Grands seigneurs ou modestes jongleurs, ces po\u00e8tes-musiciens, vont animer plus de deux cents ans de vie intellectuelle avec savoir et connaissance (<em>saber e coneissensa<\/em>). G\u00e9nie, humour, amour, chants et courtoisie embellissent leur art.<\/p>\n<p>Pendant deux si\u00e8cles, ces artistes de la parole libre s&#8217;inventent une esth\u00e9tique nouvelle, l&#8217;art de <em>trobar<\/em>. Pour comprendre et ressentir cet univers, d\u00e9lib\u00e9r\u00e9ment expos\u00e9 en <em> plana lenga romana<\/em>, en occitan, il faudra lire entre les lignes et cheminer dans l&#8217;enchev\u00eatrement m\u00e9trique et m\u00e9lodique des chants. Cet <em>entrebescamen<\/em> est autant artistique qu&#8217;amoureux. Trouver pour aimer, aimer pour trouver, cr\u00e9er, inventer et se d\u00e9passer. La <em>domna<\/em>, la dame, est plac\u00e9e au centre de la cr\u00e9ation lyrique. Cette grande anthologie chant\u00e9e, <em>La Tr\u00f2ba<\/em>\u00a0contient toutes les chansons des troubadours dont nous connaissons les m\u00e9lodies dans les manuscrits m\u00e9di\u00e9vaux. Leur interpr\u00e9tation est une cr\u00e9ation originale de Troubadours Art Ensemble sous la direction talentueuse de G\u00e9rard Zuchetto, salu\u00e9 unanimement par la critique.<\/p>\n<p>Livret avec les paroles en occitan m\u00e9di\u00e9val et leur traduction en fran\u00e7ais.<\/p>\n<ul>\n<li><a href=\"http:\/\/www.libraria-occitana.org\/produit\/la-troba-anthologie-chantee-des-troubadours-xie-xiiie-siecles-1-4-cd\/\"><em>La Tr\u00f2ba<\/em> 1<\/a> : Guilhem de Peiteus &#8211; Jaufre Rudel &#8211; Marcabru &#8211; Rigaut de Berbezilh &#8211; Berenguier de Palazol &#8211; Peire d\u2019Alvernha &#8211; Bernart de Ventadorn<\/li>\n<li><a href=\"http:\/\/www.libraria-occitana.org\/produit\/la-troba-anthologie-chantee-des-troubadours-xie-xiiie-siecles-2-4-cd\/\"><em>La Tr\u00f2ba<\/em> 2<\/a> : Raimbaut d\u2019Aurenga &#8211; Giraut de Bornelh &#8211; Guilhem de Sant Leidier &#8211; Raimon Jordan &#8211; Folquet de Marselha &#8211; Arnaut de Maruelh &#8211; Jordan Bonel &#8211; Bertran de Born &#8211; Gaucelm Faidit<\/li>\n<li><a href=\"http:\/\/www.libraria-occitana.org\/produit\/la-troba-anthologie-chantee-des-troubadours-xie-xiiie-siecles-3-5-cd\/\"><em>La Tr\u00f2ba<\/em> 3<\/a> : Comtessa de Dia &#8211; Raimbaut de Vaqueiras &#8211; Peire Vidal &#8211; Guilhem Magret &#8211; Peire Raimon de Tolosa &#8211; Perdigon &#8211; Aimeric de Peguilhan &#8211; Raimon de Miraval<\/li>\n<li><a href=\"http:\/\/www.libraria-occitana.org\/produit\/la-troba-anthologie-chantee-des-troubadours-xie-xiiie-siecles-4-4-cd\/\"><em>La Tr\u00f2ba<\/em> 4<\/a> : Gui d\u2019Ussel &#8211; Lo Monge de Montaudon &#8211; Guilhem Ademar &#8211; Peirol &#8211; Uc Brunenc &#8211; Albertet de Sisteron &#8211; Pistoleta &#8211; Guilhem Augier Novelas &#8211; Falquet de Romans &#8211; Cadenet &#8211; Pons de Capduelh &#8211; Blacasset &#8211; Aimeric de Belenoi Pons d\u2019Ortafa &#8211; Uc de Sant Circ &#8211; Peire Cardenal &#8211; Daude de Pradas<\/li>\n<li><em>La Tr\u00f2ba<\/em> 5 : Guiraut Riquier &#8211; Lo Monge (Jaufre) de Foix\u00e0 &#8211; Matfre Ermengaud<\/li>\n<li><a href=\"https:\/\/www.libraria-occitana.org\/produit\/la-troba-anthologie-chantee-des-troubadours-xiie-xiiie-siecles-vol-6-anonimes-libre-2-cd\/\"><em>La Tr\u00f2ba<\/em> 6<\/a> : Anonymes<\/li>\n<\/ul>\n","protected":false},"excerpt":{"rendered":"<p>Troubadours Art Ensemble, dir. G\u00e9rard Zuchetto : Chant La Tr\u00f2ba : Anthologie chant\u00e9e des Troubadours XII\u00e8me et XIII\u00e8me si\u00e8cles, ce sont 5 coffrets de 4 ou 6 CD repr\u00e9sentant une partie des 248 chansons du trobar entre 1100 et 1300. \u00c0 l&#8217;aube du XIIe si\u00e8cle, en Occitanie, na\u00eet la litt\u00e9rature moderne de l&#8217;Europe. Les troubadours [&hellip;]<\/p>\n","protected":false},"featured_media":55468,"template":"","meta":{"_acf_changed":false,"_genesis_hide_title":false,"_genesis_hide_breadcrumbs":false,"_genesis_hide_singular_image":false,"_genesis_hide_footer_widgets":false,"_genesis_custom_body_class":"","_genesis_custom_post_class":"","_genesis_layout":""},"product_brand":[],"product_cat":[7226,7216],"product_tag":[],"class_list":{"0":"post-33769","1":"product","2":"type-product","3":"status-publish","4":"has-post-thumbnail","6":"product_cat-classical-troubadours-en","7":"product_cat-music-en","8":"pa_auteur-troubadours-art-ensemble-en","9":"pa_auteur-zuchetto-gerard-en","10":"pa_editeur-troba-vox-en","11":"pa_langue-occitan-medievau-en","12":"pa_langue-occitan-francais-en","13":"entry","15":"first","16":"outofstock","17":"shipping-taxable","18":"purchasable","19":"product-type-simple"},"acf":[],"_links":{"self":[{"href":"https:\/\/www.libraria-occitana.org\/en\/wp-json\/wp\/v2\/product\/33769","targetHints":{"allow":["GET"]}}],"collection":[{"href":"https:\/\/www.libraria-occitana.org\/en\/wp-json\/wp\/v2\/product"}],"about":[{"href":"https:\/\/www.libraria-occitana.org\/en\/wp-json\/wp\/v2\/types\/product"}],"wp:featuredmedia":[{"embeddable":true,"href":"https:\/\/www.libraria-occitana.org\/en\/wp-json\/wp\/v2\/media\/55468"}],"wp:attachment":[{"href":"https:\/\/www.libraria-occitana.org\/en\/wp-json\/wp\/v2\/media?parent=33769"}],"wp:term":[{"taxonomy":"product_brand","embeddable":true,"href":"https:\/\/www.libraria-occitana.org\/en\/wp-json\/wp\/v2\/product_brand?post=33769"},{"taxonomy":"product_cat","embeddable":true,"href":"https:\/\/www.libraria-occitana.org\/en\/wp-json\/wp\/v2\/product_cat?post=33769"},{"taxonomy":"product_tag","embeddable":true,"href":"https:\/\/www.libraria-occitana.org\/en\/wp-json\/wp\/v2\/product_tag?post=33769"}],"curies":[{"name":"wp","href":"https:\/\/api.w.org\/{rel}","templated":true}]}}