{"id":33793,"date":"2013-06-28T12:17:39","date_gmt":"2013-06-28T10:17:39","guid":{"rendered":"http:\/\/www.libraria-occitana.org\/?post_type=product&#038;p=33793\/"},"modified":"2026-04-18T00:46:18","modified_gmt":"2026-04-17T22:46:18","slug":"la-photographie-dans-la-vallee-de-la-creuse-au-temps-de-limpressionnisme","status":"publish","type":"product","link":"https:\/\/www.libraria-occitana.org\/en\/product\/la-photographie-dans-la-vallee-de-la-creuse-au-temps-de-limpressionnisme\/","title":{"rendered":"La photographie dans la vall\u00e9e de la Creuse au temps de l&#8217;impressionnisme (1875-1920)"},"content":{"rendered":"<p>Le pr\u00e9sent ouvrage propose un nouveau regard sur la vall\u00e9e de la Creuse, connue jusqu&#8217;\u00e0 pr\u00e9sent comme une vall\u00e9e-atelier des peintres de plein air depuis le milieu du XIXe si\u00e8cle. La notori\u00e9t\u00e9 de cette vall\u00e9e, entre Berry et Limousin, s&#8217;est construite autour des personnalit\u00e9s de l&#8217;\u00e9crivain George Sand, du po\u00e8te-musicien Maurice Rollinat et des peintres impressionnistes Claude Monet et Armand Guillaumin.<\/p>\n<p>D\u00e8s 1875, les sites de la vall\u00e9e sont parcourus par des photographes professionnels ou armateurs avant que de grands noms de la photographie ne fassent de Crozant l&#8217;un des hauts lieux de cet art m\u00e9canique de la reproduction. Des personnalit\u00e9s adeptes du pictorialisme comme le comte Charles de Clugny ou Paul Burty Haviland inscrivent, au d\u00e9but du XXe si\u00e8cle, la photographie dans les probl\u00e9matiques artistiques de la vall\u00e9e au moment o\u00f9 les ma\u00eetres de la photographie couleur, tels Antonin Personnaz et Jules Gervais-Courtellemont reconnaissent dans ces sites \u00ab sauvages \u00bb un terrain id\u00e9al pour leurs exp\u00e9rimentations de nouvelles images dans le sillage des peintres.<\/p>\n<p>Cette \u00e9tude se veut une premi\u00e8re recension des praticiens de la photographie qui ont contribu\u00e9 \u00e0 la construction d&#8217;une m\u00e9moire visuelle collective de la vall\u00e9e de la Creuse et \u00e0 la perception artistique de ses paysages.<\/p>\n","protected":false},"excerpt":{"rendered":"<p>Le pr\u00e9sent ouvrage propose un nouveau regard sur la vall\u00e9e de la Creuse, connue jusqu&#8217;\u00e0 pr\u00e9sent comme une vall\u00e9e-atelier des peintres de plein air depuis le milieu du XIXe si\u00e8cle. La notori\u00e9t\u00e9 de cette vall\u00e9e, entre Berry et Limousin, s&#8217;est construite autour des personnalit\u00e9s de l&#8217;\u00e9crivain George Sand, du po\u00e8te-musicien Maurice Rollinat et des peintres [&hellip;]<\/p>\n","protected":false},"featured_media":37374,"template":"","meta":{"_acf_changed":false,"_genesis_hide_title":false,"_genesis_hide_breadcrumbs":false,"_genesis_hide_singular_image":false,"_genesis_hide_footer_widgets":false,"_genesis_custom_body_class":"","_genesis_custom_post_class":"","_genesis_layout":""},"product_brand":[],"product_cat":[7134,7132],"product_tag":[],"class_list":{"0":"post-33793","1":"product","2":"type-product","3":"status-publish","4":"has-post-thumbnail","6":"product_cat-arts-en","7":"product_cat-books","8":"pa_auteur-ferrer-jean-marc-en","9":"pa_editeur-les-ardents-editeurs-en","10":"pa_langue-francais-en","11":"entry","13":"first","14":"instock","15":"shipping-taxable","16":"purchasable","17":"product-type-simple"},"acf":[],"_links":{"self":[{"href":"https:\/\/www.libraria-occitana.org\/en\/wp-json\/wp\/v2\/product\/33793","targetHints":{"allow":["GET"]}}],"collection":[{"href":"https:\/\/www.libraria-occitana.org\/en\/wp-json\/wp\/v2\/product"}],"about":[{"href":"https:\/\/www.libraria-occitana.org\/en\/wp-json\/wp\/v2\/types\/product"}],"wp:featuredmedia":[{"embeddable":true,"href":"https:\/\/www.libraria-occitana.org\/en\/wp-json\/wp\/v2\/media\/37374"}],"wp:attachment":[{"href":"https:\/\/www.libraria-occitana.org\/en\/wp-json\/wp\/v2\/media?parent=33793"}],"wp:term":[{"taxonomy":"product_brand","embeddable":true,"href":"https:\/\/www.libraria-occitana.org\/en\/wp-json\/wp\/v2\/product_brand?post=33793"},{"taxonomy":"product_cat","embeddable":true,"href":"https:\/\/www.libraria-occitana.org\/en\/wp-json\/wp\/v2\/product_cat?post=33793"},{"taxonomy":"product_tag","embeddable":true,"href":"https:\/\/www.libraria-occitana.org\/en\/wp-json\/wp\/v2\/product_tag?post=33793"}],"curies":[{"name":"wp","href":"https:\/\/api.w.org\/{rel}","templated":true}]}}