{"id":33828,"date":"2025-06-17T19:04:41","date_gmt":"2025-06-17T17:04:41","guid":{"rendered":"http:\/\/www.libraria-occitana.org\/?post_type=product&#038;p=33828\/"},"modified":"2026-04-29T01:36:21","modified_gmt":"2026-04-28T23:36:21","slug":"la-lenga-del-trobar-precis-de-gramatica-doccitan-ancian","status":"publish","type":"product","link":"https:\/\/www.libraria-occitana.org\/en\/product\/la-lenga-del-trobar-precis-de-gramatica-doccitan-ancian\/","title":{"rendered":"La Lenga del Trobar : Prec\u00eds de gramatica d&#8217;occitan ancian"},"content":{"rendered":"<p><em>La Lenga del trobar<\/em> \u2013 grammaire de l\u2019ancien occitan \u2013 est de nouveau disponible dans une version revue et augment\u00e9e d\u2019une partie consacr\u00e9e \u00e0 la phon\u00e9tique historique. Elle reste l\u2019outil de travail indispensable pour aborder l\u2019\u00e9tude de cette langue.<\/p>\n<p>Ce pr\u00e9cis de grammaire d\u2019ancien occitan \u2014 phon\u00e9tique historique, morphologie nominale et verbale, syntaxe \u2014 rassemble ce qu\u2019il faut savoir de l\u2019ancien occitan pour lire les troubadours et les textes de la litt\u00e9rature occitane du Moyen \u00c2ge. Le changement le plus visible de cette nouvelle \u00e9dition (la quatri\u00e8me) de <em>La Lenga del trobar<\/em> est l\u2019emploi exclusif de la langue occitane dans sa vari\u00e9t\u00e9 languedocienne. Le changement majeur, cependant, est l\u2019ajout d\u2019une partie importante consacr\u00e9e \u00e0 la phon\u00e9tique historique ; dans une \u00e9tude minutieuse, rigoureuse et in\u00e9dite, Maurice Romieu \u00e9tudie le cheminement des phon\u00e8mes et leur \u00e9volution depuis le latin jusqu\u2019\u00e0 l\u2019ancien occitan. C\u2019est un ouvrage que les auteurs ont voulu p\u00e9dagogique, simple, clair et facile \u00e0 consulter pour que la d\u00e9couverte et l\u2019apprentissage de l\u2019ancien occitan soient plus agr\u00e9ables et plus efficaces.<\/p>\n","protected":false},"excerpt":{"rendered":"<p>La Lenga del trobar \u2013 grammaire de l\u2019ancien occitan \u2013 est de nouveau disponible dans une version revue et augment\u00e9e d\u2019une partie consacr\u00e9e \u00e0 la phon\u00e9tique historique. Elle reste l\u2019outil de travail indispensable pour aborder l\u2019\u00e9tude de cette langue. Ce pr\u00e9cis de grammaire d\u2019ancien occitan \u2014 phon\u00e9tique historique, morphologie nominale et verbale, syntaxe \u2014 rassemble [&hellip;]<\/p>\n","protected":false},"featured_media":61957,"template":"","meta":{"_acf_changed":false,"_genesis_hide_title":false,"_genesis_hide_breadcrumbs":false,"_genesis_hide_singular_image":false,"_genesis_hide_footer_widgets":false,"_genesis_custom_body_class":"","_genesis_custom_post_class":"","_genesis_layout":""},"product_brand":[],"product_cat":[7132,7138,7136],"product_tag":[],"class_list":{"0":"post-33828","1":"product","2":"type-product","3":"status-publish","4":"has-post-thumbnail","6":"product_cat-books","7":"product_cat-dictionaries-grammars-en","8":"product_cat-dictionaries-language-educational-en","9":"pa_auteur-bianchi-andrieu-en","10":"pa_auteur-romieu-maurici-en","11":"pa_editeur-pu-bordeaux-en","12":"pa_langue-occitan-en","13":"pa_langue-occitan-lengadocian-en","14":"entry","16":"first","17":"outofstock","18":"sold-individually","19":"shipping-taxable","20":"purchasable","21":"product-type-simple"},"acf":[],"_links":{"self":[{"href":"https:\/\/www.libraria-occitana.org\/en\/wp-json\/wp\/v2\/product\/33828","targetHints":{"allow":["GET"]}}],"collection":[{"href":"https:\/\/www.libraria-occitana.org\/en\/wp-json\/wp\/v2\/product"}],"about":[{"href":"https:\/\/www.libraria-occitana.org\/en\/wp-json\/wp\/v2\/types\/product"}],"wp:featuredmedia":[{"embeddable":true,"href":"https:\/\/www.libraria-occitana.org\/en\/wp-json\/wp\/v2\/media\/61957"}],"wp:attachment":[{"href":"https:\/\/www.libraria-occitana.org\/en\/wp-json\/wp\/v2\/media?parent=33828"}],"wp:term":[{"taxonomy":"product_brand","embeddable":true,"href":"https:\/\/www.libraria-occitana.org\/en\/wp-json\/wp\/v2\/product_brand?post=33828"},{"taxonomy":"product_cat","embeddable":true,"href":"https:\/\/www.libraria-occitana.org\/en\/wp-json\/wp\/v2\/product_cat?post=33828"},{"taxonomy":"product_tag","embeddable":true,"href":"https:\/\/www.libraria-occitana.org\/en\/wp-json\/wp\/v2\/product_tag?post=33828"}],"curies":[{"name":"wp","href":"https:\/\/api.w.org\/{rel}","templated":true}]}}