{"id":33839,"date":"1980-10-10T20:05:14","date_gmt":"1980-10-10T19:05:14","guid":{"rendered":"http:\/\/www.libraria-occitana.org\/?post_type=product&#038;p=33839\/"},"modified":"2026-04-20T20:22:06","modified_gmt":"2026-04-20T18:22:06","slug":"la-litterature-doc","status":"publish","type":"product","link":"https:\/\/www.libraria-occitana.org\/en\/product\/la-litterature-doc\/","title":{"rendered":"La litt\u00e9rature d&#8217;oc"},"content":{"rendered":"<p><strong>Somari<\/strong><\/p>\n<p>Introduction : Une \u00ab nouvelle \u00bb compr\u00e9hension de la litt\u00e9rature occitane.<\/p>\n<p>CHAPITRE PREMIER \u2013 Le Moyen \u00c2ge des troubadours<br \/>\nI. \u00ab Joi e jovent \u00bb : naissance de la po\u00e9sie<br \/>\nII. Les 3 formes du \u00ab trobar \u00bb (1130-1150)<br \/>\nIII. L\u2019\u00e2ge romanesque et la g\u00e9n\u00e9ration de 1180<br \/>\nIV. Le XIIIe si\u00e8cle : po\u00e9sie de la R\u00e9sistance de la Po\u00e9sie<br \/>\nV. Deux si\u00e8cles de survie<\/p>\n<p>CHAPITRE II \u2013 Renaissance et classicisme<br \/>\nI. La Renaissance gasconne et proven\u00e7ale<br \/>\nII. L\u2019\u00e2ge d\u2019or toulousain<br \/>\nIII. Tendances du classicisme occitan (1640-1700)<br \/>\nIV. Du classicisme au romantisme<\/p>\n<p>CHAPITRE III \u2013 Du romantisme \u00e0 nos jours<br \/>\nI. De la R\u00e9volution \u00e0 Mistral<br \/>\nII. L\u2019\u00e9cole d\u2019Avignon<br \/>\nIII. La rentr\u00e9e de Toulouse (1868-1892)<br \/>\nIV. Mistralisme et occitanisme<br \/>\nV. La prose d\u2019Oc<\/p>\n","protected":false},"excerpt":{"rendered":"<p>Somari Introduction : Une \u00ab nouvelle \u00bb compr\u00e9hension de la litt\u00e9rature occitane. CHAPITRE PREMIER \u2013 Le Moyen \u00c2ge des troubadours I. \u00ab Joi e jovent \u00bb : naissance de la po\u00e9sie II. Les 3 formes du \u00ab trobar \u00bb (1130-1150) III. L\u2019\u00e2ge romanesque et la g\u00e9n\u00e9ration de 1180 IV. Le XIIIe si\u00e8cle : po\u00e9sie de [&hellip;]<\/p>\n","protected":false},"featured_media":45304,"template":"","meta":{"_acf_changed":false,"_genesis_hide_title":false,"_genesis_hide_breadcrumbs":false,"_genesis_hide_singular_image":false,"_genesis_hide_footer_widgets":false,"_genesis_custom_body_class":"","_genesis_custom_post_class":"","_genesis_layout":""},"product_brand":[],"product_cat":[7188,7132,7174],"product_tag":[],"class_list":{"0":"post-33839","1":"product","2":"type-product","3":"status-publish","4":"has-post-thumbnail","6":"product_cat-arts-studies-en","7":"product_cat-books","8":"product_cat-literature-en","9":"pa_auteur-roqueta-larzac-joan-en","10":"pa_editeur-puf-en","11":"pa_langue-francais-en","12":"entry","14":"first","15":"instock","16":"shipping-taxable","17":"purchasable","18":"product-type-simple"},"acf":[],"_links":{"self":[{"href":"https:\/\/www.libraria-occitana.org\/en\/wp-json\/wp\/v2\/product\/33839","targetHints":{"allow":["GET"]}}],"collection":[{"href":"https:\/\/www.libraria-occitana.org\/en\/wp-json\/wp\/v2\/product"}],"about":[{"href":"https:\/\/www.libraria-occitana.org\/en\/wp-json\/wp\/v2\/types\/product"}],"wp:featuredmedia":[{"embeddable":true,"href":"https:\/\/www.libraria-occitana.org\/en\/wp-json\/wp\/v2\/media\/45304"}],"wp:attachment":[{"href":"https:\/\/www.libraria-occitana.org\/en\/wp-json\/wp\/v2\/media?parent=33839"}],"wp:term":[{"taxonomy":"product_brand","embeddable":true,"href":"https:\/\/www.libraria-occitana.org\/en\/wp-json\/wp\/v2\/product_brand?post=33839"},{"taxonomy":"product_cat","embeddable":true,"href":"https:\/\/www.libraria-occitana.org\/en\/wp-json\/wp\/v2\/product_cat?post=33839"},{"taxonomy":"product_tag","embeddable":true,"href":"https:\/\/www.libraria-occitana.org\/en\/wp-json\/wp\/v2\/product_tag?post=33839"}],"curies":[{"name":"wp","href":"https:\/\/api.w.org\/{rel}","templated":true}]}}