{"id":33879,"date":"1996-04-20T21:23:43","date_gmt":"1996-04-20T19:23:43","guid":{"rendered":"http:\/\/www.libraria-occitana.org\/?post_type=product&#038;p=33879\/"},"modified":"2026-04-03T02:56:08","modified_gmt":"2026-04-03T00:56:08","slug":"la-cornemuse-sens-et-histoire-de-ses-designations","status":"publish","type":"product","link":"https:\/\/www.libraria-occitana.org\/en\/product\/la-cornemuse-sens-et-histoire-de-ses-designations\/","title":{"rendered":"La cornemuse : Sens et histoire de ses d\u00e9signations"},"content":{"rendered":"<p>Cette enqu\u00eate sur la cornemuse et ses d\u00e9signations (quelque 200 termes plus ou moins diff\u00e9renci\u00e9s pour la seule Europe occidentale) repose sur une double piste de recherches : d&#8217;une part, une \u00e9tude linguistique, philologique et litt\u00e9raire \u00e0 travers l&#8217;espace et le temps, et d&#8217;autre part, parall\u00e8lement, en partant de ces m\u00eames d\u00e9signations, une approche organologique et ethnographique de l&#8217;instrument dans le cadre de ses diverses fonctions.<\/p>\n<p>L&#8217;\u00e9tude, m\u00eame si elle privil\u00e9gie par vocation le Moyen-\u00c2ge et la Renaissance, p\u00e9riode en g\u00e9n\u00e9ral de formation, de fixation et de g\u00e9n\u00e9ralisation des termes, n&#8217;en n\u00e9glige pas pour autant les d\u00e9nominations d&#8217;aujourd&#8217;hui qui en sont l&#8217;aboutissement.<\/p>\n<p>Mais ce qu&#8217;il y a de plus fascinant, c&#8217;est que derri\u00e8re ces d\u00e9signations plus ou moins transparentes, se cache un instrument aux multiples facettes correspondant \u00e0 ses diverses fonctions, qu&#8217;elles soient r\u00e9elles ou dues parfois \u00e0 de purs fantasmes de l&#8217;imaginaire, et dont rendent compte, \u00e0 travers le temps, les textes litt\u00e9raires. Instrument qui a fait danser et r\u00eaver, jou\u00e9 \u00e0 la cour des rois comme dans celle des fermes, instrument de &#8220;fou&#8221;, un peu \u00e9trange par sa forme et par ses sons, qui nous ensorcelle ou nous fait rire, mais aussi, parfois, nous inqui\u00e8te et nous d\u00e9range. De l\u00e0 son \u00e9trange fascination et peut-\u00eatre aussi, dans notre monde &#8220;d\u00e9folkloris\u00e9&#8221;, cette attirance insolite et de curieux revival d&#8217;aujourd&#8217;hui.<\/p>\n<p>L&#8217;ouvrage est accompagn\u00e9 d&#8217;une cinquantaine d&#8217;illustrations qui actualisent cette r\u00e9alit\u00e9 et cet imaginaire.<\/p>\n","protected":false},"excerpt":{"rendered":"<p>Cette enqu\u00eate sur la cornemuse et ses d\u00e9signations (quelque 200 termes plus ou moins diff\u00e9renci\u00e9s pour la seule Europe occidentale) repose sur une double piste de recherches : d&#8217;une part, une \u00e9tude linguistique, philologique et litt\u00e9raire \u00e0 travers l&#8217;espace et le temps, et d&#8217;autre part, parall\u00e8lement, en partant de ces m\u00eames d\u00e9signations, une approche organologique [&hellip;]<\/p>\n","protected":false},"featured_media":37127,"template":"","meta":{"_acf_changed":false,"_genesis_hide_title":false,"_genesis_hide_breadcrumbs":false,"_genesis_hide_singular_image":false,"_genesis_hide_footer_widgets":false,"_genesis_custom_body_class":"","_genesis_custom_post_class":"","_genesis_layout":""},"product_brand":[],"product_cat":[7132,7190,7194],"product_tag":[],"class_list":{"0":"post-33879","1":"product","2":"type-product","3":"status-publish","4":"has-post-thumbnail","6":"product_cat-books","7":"product_cat-music-dances-en","8":"product_cat-studies-en","9":"pa_auteur-bec-peire-en","10":"pa_editeur-conservatoire-occitan-en","11":"pa_langue-francais-en","12":"entry","14":"first","15":"outofstock","16":"shipping-taxable","17":"purchasable","18":"product-type-simple"},"acf":[],"_links":{"self":[{"href":"https:\/\/www.libraria-occitana.org\/en\/wp-json\/wp\/v2\/product\/33879","targetHints":{"allow":["GET"]}}],"collection":[{"href":"https:\/\/www.libraria-occitana.org\/en\/wp-json\/wp\/v2\/product"}],"about":[{"href":"https:\/\/www.libraria-occitana.org\/en\/wp-json\/wp\/v2\/types\/product"}],"wp:featuredmedia":[{"embeddable":true,"href":"https:\/\/www.libraria-occitana.org\/en\/wp-json\/wp\/v2\/media\/37127"}],"wp:attachment":[{"href":"https:\/\/www.libraria-occitana.org\/en\/wp-json\/wp\/v2\/media?parent=33879"}],"wp:term":[{"taxonomy":"product_brand","embeddable":true,"href":"https:\/\/www.libraria-occitana.org\/en\/wp-json\/wp\/v2\/product_brand?post=33879"},{"taxonomy":"product_cat","embeddable":true,"href":"https:\/\/www.libraria-occitana.org\/en\/wp-json\/wp\/v2\/product_cat?post=33879"},{"taxonomy":"product_tag","embeddable":true,"href":"https:\/\/www.libraria-occitana.org\/en\/wp-json\/wp\/v2\/product_tag?post=33879"}],"curies":[{"name":"wp","href":"https:\/\/api.w.org\/{rel}","templated":true}]}}