{"id":33946,"date":"2008-10-12T18:24:32","date_gmt":"2008-10-12T16:24:32","guid":{"rendered":"http:\/\/www.libraria-occitana.org\/?post_type=product&#038;p=33946\/"},"modified":"2026-04-13T00:26:19","modified_gmt":"2026-04-12T22:26:19","slug":"loccitan-de-viva-votz-metode-de-prononciacion-de-loccitan-lengadocian-libre-2-cd","status":"publish","type":"product","link":"https:\/\/www.libraria-occitana.org\/en\/product\/loccitan-de-viva-votz-metode-de-prononciacion-de-loccitan-lengadocian-libre-2-cd\/","title":{"rendered":"L&#8217;occitan de viva votz : met\u00f2de de prononciacion de l&#8217;occitan lengadocian (libre + 2 CD)"},"content":{"rendered":"<p>Voici <em>L\u2019occitan de viva votz<\/em>, une m\u00e9thode de prononciation con\u00e7ue par Joan Fulhet. C\u2019est la premi\u00e8re m\u00e9thode de phon\u00e9tique pour l\u2019occitan, un outil n\u00e9cessaire au moment o\u00f9 sa transmission d\u00e9pend principalement de son enseignement.<\/p>\n<p>C\u2019est une m\u00e9thode pr\u00e9cise et simple d\u2019utilisation qui s\u2019adresse \u00e0 la fois aux enseignants et formateurs d\u2019occitan qui ont des comp\u00e9tences en phon\u00e9tique, et \u00e0 tous les apprenants ou locuteurs gr\u00e2ce \u00e0 ses 2 CD, et qui en dix le\u00e7ons, permet \u00e0 tout un chacun de prononcer un occitan languedocien qui pr\u00e9serve son originalit\u00e9 sonore.<\/p>\n<p>Nous sommes persuad\u00e9s que <em>L\u2019occitan de viva votz<\/em> vous sera pr\u00e9cieux dans votre cheminement de r\u00e9appropriation de la langue occitane.<\/p>\n","protected":false},"excerpt":{"rendered":"<p>Voici L\u2019occitan de viva votz, une m\u00e9thode de prononciation con\u00e7ue par Joan Fulhet. C\u2019est la premi\u00e8re m\u00e9thode de phon\u00e9tique pour l\u2019occitan, un outil n\u00e9cessaire au moment o\u00f9 sa transmission d\u00e9pend principalement de son enseignement. C\u2019est une m\u00e9thode pr\u00e9cise et simple d\u2019utilisation qui s\u2019adresse \u00e0 la fois aux enseignants et formateurs d\u2019occitan qui ont des comp\u00e9tences [&hellip;]<\/p>\n","protected":false},"featured_media":54172,"template":"","meta":{"_acf_changed":false,"_genesis_hide_title":false,"_genesis_hide_breadcrumbs":false,"_genesis_hide_singular_image":false,"_genesis_hide_footer_widgets":false,"_genesis_custom_body_class":"","_genesis_custom_post_class":"","_genesis_layout":""},"product_brand":[],"product_cat":[7132,7142,7136],"product_tag":[],"class_list":{"0":"post-33946","1":"product","2":"type-product","3":"status-publish","4":"has-post-thumbnail","6":"product_cat-books","7":"product_cat-course-books-en","8":"product_cat-dictionaries-language-educational-en","9":"pa_auteur-fulhet-joan-en","10":"pa_editeur-ieo-31-en","11":"pa_langue-occitan-en","12":"pa_langue-occitan-lengadocian-en","13":"entry","15":"first","16":"instock","17":"shipping-taxable","18":"purchasable","19":"product-type-simple"},"acf":[],"_links":{"self":[{"href":"https:\/\/www.libraria-occitana.org\/en\/wp-json\/wp\/v2\/product\/33946","targetHints":{"allow":["GET"]}}],"collection":[{"href":"https:\/\/www.libraria-occitana.org\/en\/wp-json\/wp\/v2\/product"}],"about":[{"href":"https:\/\/www.libraria-occitana.org\/en\/wp-json\/wp\/v2\/types\/product"}],"wp:featuredmedia":[{"embeddable":true,"href":"https:\/\/www.libraria-occitana.org\/en\/wp-json\/wp\/v2\/media\/54172"}],"wp:attachment":[{"href":"https:\/\/www.libraria-occitana.org\/en\/wp-json\/wp\/v2\/media?parent=33946"}],"wp:term":[{"taxonomy":"product_brand","embeddable":true,"href":"https:\/\/www.libraria-occitana.org\/en\/wp-json\/wp\/v2\/product_brand?post=33946"},{"taxonomy":"product_cat","embeddable":true,"href":"https:\/\/www.libraria-occitana.org\/en\/wp-json\/wp\/v2\/product_cat?post=33946"},{"taxonomy":"product_tag","embeddable":true,"href":"https:\/\/www.libraria-occitana.org\/en\/wp-json\/wp\/v2\/product_tag?post=33946"}],"curies":[{"name":"wp","href":"https:\/\/api.w.org\/{rel}","templated":true}]}}