{"id":33959,"date":"2014-01-08T18:56:06","date_gmt":"2014-01-08T17:56:06","guid":{"rendered":"http:\/\/www.libraria-occitana.org\/?post_type=product&#038;p=33959\/"},"modified":"2026-04-25T22:31:10","modified_gmt":"2026-04-25T20:31:10","slug":"linspiration-occitane","status":"publish","type":"product","link":"https:\/\/www.libraria-occitana.org\/en\/product\/linspiration-occitane\/","title":{"rendered":"L&#8217;inspiration occitane"},"content":{"rendered":"<blockquote>\n<p>Une fois au cours de ces vingt-deux si\u00e8cles une civilisation m\u00e9diterran\u00e9enne a surgi qui peut-\u00eatre aurait atteint un degr\u00e9 de libert\u00e9 spirituelle et de f\u00e9condit\u00e9 aussi \u00e9lev\u00e9 que la Gr\u00e8ce antique, si on ne l&#8217;avait pas tu\u00e9e.<\/p>\n<\/blockquote>\n<p>Les deux \u00e9crits qui composent ce volume (<em>L&#8217;agonie d&#8217;une civilisation vue \u00e0 travers un po\u00e8me \u00e9pique<\/em> et <em>En quoi consiste l&#8217;inspiration occitanienne<\/em>) t\u00e9moignent de la d\u00e9couverte que Simone Weil fit de la civilisation d&#8217;oc et de son \u00e9pop\u00e9e, la <em>Chanson de la Croisade contre les Albigeois<\/em>, qu&#8217;elle compare \u00e0 l&#8217;<em>Iliade<\/em>. Non plus Troie, mais Toulouse ; non plus les Grecs, mais les Crois\u00e9s. La destruction de cette civilisation par la force brutale prend ici valeur de symbole. Publi\u00e9s en 1943 dans les <em>Cahiers du Sud<\/em>, au moment o\u00f9 Simone Weil s&#8217;appr\u00eate \u00e0 rejoindre Londres, ces textes d&#8217;une extraordinaire vigueur r\u00e9sonnent comme un appel \u00e0 la r\u00e9sistance.<\/p>\n","protected":false},"excerpt":{"rendered":"<p>Une fois au cours de ces vingt-deux si\u00e8cles une civilisation m\u00e9diterran\u00e9enne a surgi qui peut-\u00eatre aurait atteint un degr\u00e9 de libert\u00e9 spirituelle et de f\u00e9condit\u00e9 aussi \u00e9lev\u00e9 que la Gr\u00e8ce antique, si on ne l&#8217;avait pas tu\u00e9e. Les deux \u00e9crits qui composent ce volume (L&#8217;agonie d&#8217;une civilisation vue \u00e0 travers un po\u00e8me \u00e9pique et En [&hellip;]<\/p>\n","protected":false},"featured_media":44475,"template":"","meta":{"_acf_changed":false,"_genesis_hide_title":false,"_genesis_hide_breadcrumbs":false,"_genesis_hide_singular_image":false,"_genesis_hide_footer_widgets":false,"_genesis_custom_body_class":"","_genesis_custom_post_class":"","_genesis_layout":""},"product_brand":[],"product_cat":[7132,7202],"product_tag":[],"class_list":{"0":"post-33959","1":"product","2":"type-product","3":"status-publish","4":"has-post-thumbnail","6":"product_cat-books","7":"product_cat-politics-sociology-current-affairs-en","8":"pa_auteur-weil-simone-en","9":"pa_editeur-editions-de-leclat-en","10":"pa_langue-francais-en","11":"entry","13":"first","14":"instock","15":"shipping-taxable","16":"purchasable","17":"product-type-simple"},"acf":[],"_links":{"self":[{"href":"https:\/\/www.libraria-occitana.org\/en\/wp-json\/wp\/v2\/product\/33959","targetHints":{"allow":["GET"]}}],"collection":[{"href":"https:\/\/www.libraria-occitana.org\/en\/wp-json\/wp\/v2\/product"}],"about":[{"href":"https:\/\/www.libraria-occitana.org\/en\/wp-json\/wp\/v2\/types\/product"}],"wp:featuredmedia":[{"embeddable":true,"href":"https:\/\/www.libraria-occitana.org\/en\/wp-json\/wp\/v2\/media\/44475"}],"wp:attachment":[{"href":"https:\/\/www.libraria-occitana.org\/en\/wp-json\/wp\/v2\/media?parent=33959"}],"wp:term":[{"taxonomy":"product_brand","embeddable":true,"href":"https:\/\/www.libraria-occitana.org\/en\/wp-json\/wp\/v2\/product_brand?post=33959"},{"taxonomy":"product_cat","embeddable":true,"href":"https:\/\/www.libraria-occitana.org\/en\/wp-json\/wp\/v2\/product_cat?post=33959"},{"taxonomy":"product_tag","embeddable":true,"href":"https:\/\/www.libraria-occitana.org\/en\/wp-json\/wp\/v2\/product_tag?post=33959"}],"curies":[{"name":"wp","href":"https:\/\/api.w.org\/{rel}","templated":true}]}}