{"id":33999,"date":"2005-10-26T20:13:29","date_gmt":"2005-10-26T18:13:29","guid":{"rendered":"http:\/\/www.libraria-occitana.org\/?post_type=product&#038;p=33999\/"},"modified":"2026-04-16T05:26:14","modified_gmt":"2026-04-16T03:26:14","slug":"lart-des-chansonniers-e-canti-que-canti","status":"publish","type":"product","link":"https:\/\/www.libraria-occitana.org\/en\/product\/lart-des-chansonniers-e-canti-que-canti\/","title":{"rendered":"L&#8217;art des chansonniers : E canti que canti&#8230;"},"content":{"rendered":"<p>Qu&#8217;est-ce r\u00e9ellement qu&#8217;un chansonnier ? Engag\u00e9 dans son temps et sa culture, qui \u00e9tait-il, qui est-il aujourd&#8217;hui, quelle fonction occupe-t-il, quel est son statut au sein de la soci\u00e9t\u00e9 ? Autant de pistes de r\u00e9flexion que les participants \u00e0 ce colloque ont tent\u00e9 d&#8217;\u00e9clairer \u00e0 la lumi\u00e8re de leurs exp\u00e9riences de chercheurs, de collecteurs ou d&#8217;artistes.<\/p>\n<p>Cette rencontre, dont le pr\u00e9sent ouvrage regroupe l&#8217;ensemble des conf\u00e9rences, a laiss\u00e9 place \u00e0 une grande palette d&#8217;expressions, qu&#8217;il s&#8217;agisse des chansonniers ruraux et urbains ou des chansonniers de circonstance, improvisateurs, rappeurs, etc.<\/p>\n<p>Il a r\u00e9uni des chercheurs de diff\u00e9rentes r\u00e9gions dont les investigations portent non seulement sur le domaine fran\u00e7ais et occitan mais aussi sur la Corse, la Sardaigne, le Pays Basque, le Br\u00e9sil. Vous trouverez dans ces actes, \u00e0 c\u00f4t\u00e9 des communications proprement dites plusieurs t\u00e9moignages venant \u00e9galement \u00e9clairer la dimension anthropologique de l&#8217;art des chansonniers.<\/p>\n<p>Peut \u00eatre achet\u00e9 seul ou accompagn\u00e9 du CD <a href=\"http:\/\/www.libraria-occitana.org\/produit\/paraulas-de-canconiers-chansonniers-de-lalbigeois-du-quercy-et-du-rouergue\/\"><em>Paraulas de can\u00e7oni\u00e8rs<\/em><\/a>.<\/p>\n","protected":false},"excerpt":{"rendered":"<p>Qu&#8217;est-ce r\u00e9ellement qu&#8217;un chansonnier ? Engag\u00e9 dans son temps et sa culture, qui \u00e9tait-il, qui est-il aujourd&#8217;hui, quelle fonction occupe-t-il, quel est son statut au sein de la soci\u00e9t\u00e9 ? Autant de pistes de r\u00e9flexion que les participants \u00e0 ce colloque ont tent\u00e9 d&#8217;\u00e9clairer \u00e0 la lumi\u00e8re de leurs exp\u00e9riences de chercheurs, de collecteurs ou [&hellip;]<\/p>\n","protected":false},"featured_media":42993,"template":"","meta":{"_acf_changed":false,"_genesis_hide_title":false,"_genesis_hide_breadcrumbs":false,"_genesis_hide_singular_image":false,"_genesis_hide_footer_widgets":false,"_genesis_custom_body_class":"","_genesis_custom_post_class":"","_genesis_layout":""},"product_brand":[],"product_cat":[7132,7194,7190],"product_tag":[],"class_list":{"0":"post-33999","1":"product","2":"type-product","3":"status-publish","4":"has-post-thumbnail","6":"product_cat-books","7":"product_cat-studies-en","8":"product_cat-music-dances-en","9":"pa_auteur-collectiu-en-2","10":"pa_editeur-cordae-la-talvera-en","11":"pa_langue-francais-en","12":"entry","14":"first","15":"outofstock","16":"shipping-taxable","17":"purchasable","18":"product-type-simple"},"acf":[],"_links":{"self":[{"href":"https:\/\/www.libraria-occitana.org\/en\/wp-json\/wp\/v2\/product\/33999","targetHints":{"allow":["GET"]}}],"collection":[{"href":"https:\/\/www.libraria-occitana.org\/en\/wp-json\/wp\/v2\/product"}],"about":[{"href":"https:\/\/www.libraria-occitana.org\/en\/wp-json\/wp\/v2\/types\/product"}],"wp:featuredmedia":[{"embeddable":true,"href":"https:\/\/www.libraria-occitana.org\/en\/wp-json\/wp\/v2\/media\/42993"}],"wp:attachment":[{"href":"https:\/\/www.libraria-occitana.org\/en\/wp-json\/wp\/v2\/media?parent=33999"}],"wp:term":[{"taxonomy":"product_brand","embeddable":true,"href":"https:\/\/www.libraria-occitana.org\/en\/wp-json\/wp\/v2\/product_brand?post=33999"},{"taxonomy":"product_cat","embeddable":true,"href":"https:\/\/www.libraria-occitana.org\/en\/wp-json\/wp\/v2\/product_cat?post=33999"},{"taxonomy":"product_tag","embeddable":true,"href":"https:\/\/www.libraria-occitana.org\/en\/wp-json\/wp\/v2\/product_tag?post=33999"}],"curies":[{"name":"wp","href":"https:\/\/api.w.org\/{rel}","templated":true}]}}