{"id":34003,"date":"2013-06-22T12:32:19","date_gmt":"2013-06-22T10:32:19","guid":{"rendered":"http:\/\/www.libraria-occitana.org\/?post_type=product&#038;p=34003\/"},"modified":"2026-04-29T04:17:04","modified_gmt":"2026-04-29T02:17:04","slug":"lancien-confolentais-charente-limousine-les-mots-pour-le-dire","status":"publish","type":"product","link":"https:\/\/www.libraria-occitana.org\/en\/product\/lancien-confolentais-charente-limousine-les-mots-pour-le-dire\/","title":{"rendered":"L&#8217;ancien Confolentais (Charente limousine) : Les mots pour le dire"},"content":{"rendered":"<p>En d\u00e9pouillant de fa\u00e7on la plus exhaustive possible des centaines de documents (actes notari\u00e9s, archives des justices seigneuriales, fonds eccl\u00e9siastiques, etc\u2026) l&#8217;auteur a relev\u00e9 tous les termes et expressions qui sont devenus obsol\u00e8tes \u00e0 l&#8217;heure actuelle et qui se rapportent \u00e0 l&#8217;ancien mode de vie rural, \u00e0 peu pr\u00e8s compl\u00e8tement disparu de nos jours. Il propose donc un v\u00e9ritable tableau de la vie quotidienne d&#8217;autrefois avec des listes de noms se rapportant \u00e0 l&#8217;outillage, aux cultures, \u00e0 l&#8217;\u00e9levage, \u00e0 la vie sauvage, \u00e0 l&#8217;habitation et aux techniques artisanales d&#8217;autrefois.<\/p>\n<p>Y sont \u00e9galement expos\u00e9es des \u00e9tapes de l&#8217;existence vie humaine comme le mariage, les fun\u00e9railles ainsi que le d\u00e9cor de ces vies \u00e9voqu\u00e9es par ces multiples documents (v\u00eatements, mobilier, habitat\u2026).<\/p>\n<p>C&#8217;est donc un tableau le plus complet possible de ces existences dont les archives gardent le lointain souvenir.<\/p>\n","protected":false},"excerpt":{"rendered":"<p>En d\u00e9pouillant de fa\u00e7on la plus exhaustive possible des centaines de documents (actes notari\u00e9s, archives des justices seigneuriales, fonds eccl\u00e9siastiques, etc\u2026) l&#8217;auteur a relev\u00e9 tous les termes et expressions qui sont devenus obsol\u00e8tes \u00e0 l&#8217;heure actuelle et qui se rapportent \u00e0 l&#8217;ancien mode de vie rural, \u00e0 peu pr\u00e8s compl\u00e8tement disparu de nos jours. Il [&hellip;]<\/p>\n","protected":false},"featured_media":43124,"template":"","meta":{"_acf_changed":false,"_genesis_hide_title":false,"_genesis_hide_breadcrumbs":false,"_genesis_hide_singular_image":false,"_genesis_hide_footer_widgets":false,"_genesis_custom_body_class":"","_genesis_custom_post_class":"","_genesis_layout":""},"product_brand":[],"product_cat":[7132,7212,7206],"product_tag":[],"class_list":{"0":"post-34003","1":"product","2":"type-product","3":"status-publish","4":"has-post-thumbnail","6":"product_cat-books","7":"product_cat-traditional-skills-savoirs-faire-en","8":"product_cat-traditions-heritage-en","9":"pa_auteur-boulanger-pierre-en","10":"pa_editeur-pierre-boulanger-en","11":"pa_langue-francais-en","12":"entry","14":"first","15":"outofstock","16":"shipping-taxable","17":"purchasable","18":"product-type-simple"},"acf":[],"_links":{"self":[{"href":"https:\/\/www.libraria-occitana.org\/en\/wp-json\/wp\/v2\/product\/34003","targetHints":{"allow":["GET"]}}],"collection":[{"href":"https:\/\/www.libraria-occitana.org\/en\/wp-json\/wp\/v2\/product"}],"about":[{"href":"https:\/\/www.libraria-occitana.org\/en\/wp-json\/wp\/v2\/types\/product"}],"wp:featuredmedia":[{"embeddable":true,"href":"https:\/\/www.libraria-occitana.org\/en\/wp-json\/wp\/v2\/media\/43124"}],"wp:attachment":[{"href":"https:\/\/www.libraria-occitana.org\/en\/wp-json\/wp\/v2\/media?parent=34003"}],"wp:term":[{"taxonomy":"product_brand","embeddable":true,"href":"https:\/\/www.libraria-occitana.org\/en\/wp-json\/wp\/v2\/product_brand?post=34003"},{"taxonomy":"product_cat","embeddable":true,"href":"https:\/\/www.libraria-occitana.org\/en\/wp-json\/wp\/v2\/product_cat?post=34003"},{"taxonomy":"product_tag","embeddable":true,"href":"https:\/\/www.libraria-occitana.org\/en\/wp-json\/wp\/v2\/product_tag?post=34003"}],"curies":[{"name":"wp","href":"https:\/\/api.w.org\/{rel}","templated":true}]}}