{"id":34009,"date":"1987-10-25T15:18:12","date_gmt":"1987-10-25T14:18:12","guid":{"rendered":"http:\/\/www.libraria-occitana.org\/?post_type=product&#038;p=34009\/"},"modified":"2026-04-29T03:31:37","modified_gmt":"2026-04-29T01:31:37","slug":"lanneau-magique-nouveaux-contes-licencieux-de-laquitaine-2","status":"publish","type":"product","link":"https:\/\/www.libraria-occitana.org\/en\/product\/lanneau-magique-nouveaux-contes-licencieux-de-laquitaine-2\/","title":{"rendered":"L&#8217;anneau magique : Nouveaux contes licencieux de l&#8217;Aquitaine 2"},"content":{"rendered":"<p>\u00c0 l\u2019ordinaire manifestation spectaculaire de la d\u00e9rision ou de la joie, le rire est parfois condamn\u00e9 \u00e0 la discr\u00e9tion de petits cercles voire au clair-obscur de la solitude domestique. Les r\u00e9cits licencieux semblent vou\u00e9s \u00e0 ce destin marginal : la na\u00efvet\u00e9 des pratiques sexuelles de h\u00e9ros sans panache, les man\u0153uvres de la s\u00e9duction sans f\u00e9erie ou les rudes jeux de mots leur interdisant de se voir attribuer la dignit\u00e9 de contes. \u00c9cart\u00e9s des collectes traditionnelles et des recueils classiques, ils n\u2019en offrent pas moins, dans leur verdeur, un t\u00e9moignage fondamental sur la vie priv\u00e9e et les figures de l\u2019imaginaire auquel, depuis la fin du XIXe si\u00e8cle, ont \u00e9t\u00e9 sensibles les ethnographes les plus avis\u00e9s.<\/p>\n<p>Ainsi, interrogeant son entourage, faisant appel \u00e0 ses amis et correspondants languedociens et gascons, d\u00e9pouillant almanachs patois et gazettes locales, le grand po\u00e8te Antonin Perbosc rassembla dans les ann\u00e9es 1900-1912 le plus important recueil d\u2019Occitanie.<\/p>\n<p>Organis\u00e9 autour de personnages types \u2013 cur\u00e9s, cocus, niais, nouveaux mari\u00e9s \u2013 un premier recueil de ces r\u00e9cits fut publi\u00e9, quasi secr\u00e8tement, en 1907, et r\u00e9imprim\u00e9 par le GARAE en 1984. C\u2019est le second volume, totalement in\u00e9dit, que pr\u00e9sente aujourd\u2019 hui Josiane Bru sous le titre <em>L\u2019anneau magique<\/em>.<\/p>\n<p>Une pr\u00e9face situe l\u2019auteur et les conditions de production de la collecte ; une bibliographie, un index portant sur les deux volumes et un essai de classification replacent ces r\u00e9cits dans leur temps et dans la culture dont ils t\u00e9moignent avec toute la force de l\u2019 humour.<\/p>\n<p>Premi\u00e8re partie : <em><a href=\"http:\/\/www.libraria-occitana.org\/produit\/contes-licencieux-de-laquitaine-contribution-au-folklore-erotique-1\/\">Contes licencieux de l&#8217;Aquitaine : Contribution au folklore \u00e9rotique I<\/a><\/em><\/p>\n","protected":false},"excerpt":{"rendered":"<p>\u00c0 l\u2019ordinaire manifestation spectaculaire de la d\u00e9rision ou de la joie, le rire est parfois condamn\u00e9 \u00e0 la discr\u00e9tion de petits cercles voire au clair-obscur de la solitude domestique. Les r\u00e9cits licencieux semblent vou\u00e9s \u00e0 ce destin marginal : la na\u00efvet\u00e9 des pratiques sexuelles de h\u00e9ros sans panache, les man\u0153uvres de la s\u00e9duction sans f\u00e9erie [&hellip;]<\/p>\n","protected":false},"featured_media":42882,"template":"","meta":{"_acf_changed":false,"_genesis_hide_title":false,"_genesis_hide_breadcrumbs":false,"_genesis_hide_singular_image":false,"_genesis_hide_footer_widgets":false,"_genesis_custom_body_class":"","_genesis_custom_post_class":"","_genesis_layout":""},"product_brand":[],"product_cat":[7132,7174,7176],"product_tag":[],"class_list":{"0":"post-34009","1":"product","2":"type-product","3":"status-publish","4":"has-post-thumbnail","6":"product_cat-books","7":"product_cat-literature-en","8":"product_cat-tales-fables-en","9":"pa_auteur-perbosc-antonin-en","10":"pa_editeur-garae-hesiode-en","11":"pa_illustrateur-bru-josiana-bru-josiane-en","12":"pa_langue-francais-en","13":"entry","15":"first","16":"instock","17":"shipping-taxable","18":"purchasable","19":"product-type-simple"},"acf":[],"_links":{"self":[{"href":"https:\/\/www.libraria-occitana.org\/en\/wp-json\/wp\/v2\/product\/34009","targetHints":{"allow":["GET"]}}],"collection":[{"href":"https:\/\/www.libraria-occitana.org\/en\/wp-json\/wp\/v2\/product"}],"about":[{"href":"https:\/\/www.libraria-occitana.org\/en\/wp-json\/wp\/v2\/types\/product"}],"wp:featuredmedia":[{"embeddable":true,"href":"https:\/\/www.libraria-occitana.org\/en\/wp-json\/wp\/v2\/media\/42882"}],"wp:attachment":[{"href":"https:\/\/www.libraria-occitana.org\/en\/wp-json\/wp\/v2\/media?parent=34009"}],"wp:term":[{"taxonomy":"product_brand","embeddable":true,"href":"https:\/\/www.libraria-occitana.org\/en\/wp-json\/wp\/v2\/product_brand?post=34009"},{"taxonomy":"product_cat","embeddable":true,"href":"https:\/\/www.libraria-occitana.org\/en\/wp-json\/wp\/v2\/product_cat?post=34009"},{"taxonomy":"product_tag","embeddable":true,"href":"https:\/\/www.libraria-occitana.org\/en\/wp-json\/wp\/v2\/product_tag?post=34009"}],"curies":[{"name":"wp","href":"https:\/\/api.w.org\/{rel}","templated":true}]}}