{"id":34018,"date":"2012-10-19T19:36:45","date_gmt":"2012-10-19T17:36:45","guid":{"rendered":"http:\/\/www.libraria-occitana.org\/?post_type=product&#038;p=34018\/"},"modified":"2026-04-29T10:33:31","modified_gmt":"2026-04-29T08:33:31","slug":"laccordeon-quelle-histoire","status":"publish","type":"product","link":"https:\/\/www.libraria-occitana.org\/en\/product\/laccordeon-quelle-histoire\/","title":{"rendered":"L&#8217;Accord\u00e9on : Quelle histoire !"},"content":{"rendered":"<p>Le mythique \u00ab piano \u00e0 bretelles \u00bb, cr\u00e9\u00e9 pour imiter la voix humaine, a fait danser plus d&#8217;un couple et tourner plus d&#8217;une t\u00eate. Mais qui sait aujourd&#8217;hui que l&#8217;accord\u00e9on a grandi dans les bras de demoiselles en crinolines au XIXe si\u00e8cle, pour continuer sa carri\u00e8re aux mains d&#8217;immigr\u00e9s italiens, inventant avec les Auvergnats la valse musette ? Qui sait encore qu&#8217;il s&#8217;est install\u00e9 en territoire zoulou ou qu&#8217;il est parti \u00e0 la conqu\u00eate de l&#8217;Ouest ? Pendant ce temps, son cousin le bandon\u00e9on, n\u00e9 en Allemagne, devenait la voix du tango en Argentine&#8230;<\/p>\n","protected":false},"excerpt":{"rendered":"<p>Le mythique \u00ab piano \u00e0 bretelles \u00bb, cr\u00e9\u00e9 pour imiter la voix humaine, a fait danser plus d&#8217;un couple et tourner plus d&#8217;une t\u00eate. Mais qui sait aujourd&#8217;hui que l&#8217;accord\u00e9on a grandi dans les bras de demoiselles en crinolines au XIXe si\u00e8cle, pour continuer sa carri\u00e8re aux mains d&#8217;immigr\u00e9s italiens, inventant avec les Auvergnats la [&hellip;]<\/p>\n","protected":false},"featured_media":44977,"template":"","meta":{"_acf_changed":false,"_genesis_hide_title":false,"_genesis_hide_breadcrumbs":false,"_genesis_hide_singular_image":false,"_genesis_hide_footer_widgets":false,"_genesis_custom_body_class":"","_genesis_custom_post_class":"","_genesis_layout":""},"product_brand":[],"product_cat":[7132,7194,7190],"product_tag":[],"class_list":{"0":"post-34018","1":"product","2":"type-product","3":"status-publish","4":"has-post-thumbnail","6":"product_cat-books","7":"product_cat-studies-en","8":"product_cat-music-dances-en","9":"pa_auteur-krumm-philippe-en","10":"pa_editeur-parigramme-en","11":"pa_langue-francais-en","12":"entry","14":"first","15":"instock","16":"shipping-taxable","17":"purchasable","18":"product-type-simple"},"acf":[],"_links":{"self":[{"href":"https:\/\/www.libraria-occitana.org\/en\/wp-json\/wp\/v2\/product\/34018","targetHints":{"allow":["GET"]}}],"collection":[{"href":"https:\/\/www.libraria-occitana.org\/en\/wp-json\/wp\/v2\/product"}],"about":[{"href":"https:\/\/www.libraria-occitana.org\/en\/wp-json\/wp\/v2\/types\/product"}],"wp:featuredmedia":[{"embeddable":true,"href":"https:\/\/www.libraria-occitana.org\/en\/wp-json\/wp\/v2\/media\/44977"}],"wp:attachment":[{"href":"https:\/\/www.libraria-occitana.org\/en\/wp-json\/wp\/v2\/media?parent=34018"}],"wp:term":[{"taxonomy":"product_brand","embeddable":true,"href":"https:\/\/www.libraria-occitana.org\/en\/wp-json\/wp\/v2\/product_brand?post=34018"},{"taxonomy":"product_cat","embeddable":true,"href":"https:\/\/www.libraria-occitana.org\/en\/wp-json\/wp\/v2\/product_cat?post=34018"},{"taxonomy":"product_tag","embeddable":true,"href":"https:\/\/www.libraria-occitana.org\/en\/wp-json\/wp\/v2\/product_tag?post=34018"}],"curies":[{"name":"wp","href":"https:\/\/api.w.org\/{rel}","templated":true}]}}