{"id":34026,"date":"1993-01-27T19:59:45","date_gmt":"1993-01-27T18:59:45","guid":{"rendered":"http:\/\/www.libraria-occitana.org\/?post_type=product&#038;p=34026\/"},"modified":"2026-04-14T22:56:39","modified_gmt":"2026-04-14T20:56:39","slug":"letreinte-des-mots-flamenca-entre-poesie-et-roman","status":"publish","type":"product","link":"https:\/\/www.libraria-occitana.org\/en\/product\/letreinte-des-mots-flamenca-entre-poesie-et-roman\/","title":{"rendered":"L&#8217;\u00e9treinte des mots : Flamenca, entre po\u00e9sie et roman"},"content":{"rendered":"<p>Depuis le XIXe si\u00e8cle, m\u00e9di\u00e9vistes ou non, tous les lecteurs s&#8217;accordent pour reconna\u00eetre en <em>Flamenca<\/em> un chef-d&#8217;\u0153uvre. Cependant ce roman resta confidentiel \u00e0 l&#8217;\u00e9poque m\u00e9di\u00e9vale, sans doute parce qu&#8217;il s&#8217;enchantait des charmes de l&#8217;h\u00e9donisme courtois r\u00e9volu dans la seconde moiti\u00e9 du XIIIe si\u00e8cle occitan marqu\u00e9e par une plus grande rigueur morale et religieuse. <em>Flamenca<\/em> fut surtout victime de l&#8217;ambition de son projet litt\u00e9raire et de sa volont\u00e9 d&#8217;offrir une synth\u00e8se de la culture occitane en renouvelant la lyrique et l&#8217;\u00e9rotique des troubadours par le roman dans une soci\u00e9t\u00e9 o\u00f9 l&#8217;expression romanesque restait minoritaire. Paradoxalement, la capacit\u00e9 \u00e0 mettre en fiction avec l\u00e9g\u00e8ret\u00e9 une r\u00e9flexion exigeante sur l&#8217;\u00e9criture po\u00e9tique, qui rendait <em>Flamenca<\/em> \u00ab illisible \u00bb \u00e0 l&#8217;\u00e9poque m\u00e9di\u00e9vale, en fait une \u0153uvre \u00e9minemment moderne.<\/p>\n","protected":false},"excerpt":{"rendered":"<p>Depuis le XIXe si\u00e8cle, m\u00e9di\u00e9vistes ou non, tous les lecteurs s&#8217;accordent pour reconna\u00eetre en Flamenca un chef-d&#8217;\u0153uvre. Cependant ce roman resta confidentiel \u00e0 l&#8217;\u00e9poque m\u00e9di\u00e9vale, sans doute parce qu&#8217;il s&#8217;enchantait des charmes de l&#8217;h\u00e9donisme courtois r\u00e9volu dans la seconde moiti\u00e9 du XIIIe si\u00e8cle occitan marqu\u00e9e par une plus grande rigueur morale et religieuse. Flamenca fut [&hellip;]<\/p>\n","protected":false},"featured_media":37348,"template":"","meta":{"_acf_changed":false,"_genesis_hide_title":false,"_genesis_hide_breadcrumbs":false,"_genesis_hide_singular_image":false,"_genesis_hide_footer_widgets":false,"_genesis_custom_body_class":"","_genesis_custom_post_class":"","_genesis_layout":""},"product_brand":[],"product_cat":[7188,7132,7174],"product_tag":[],"class_list":{"0":"post-34026","1":"product","2":"type-product","3":"status-publish","4":"has-post-thumbnail","6":"product_cat-arts-studies-en","7":"product_cat-books","8":"product_cat-literature-en","9":"pa_auteur-huchet-jean-charles-en","10":"pa_editeur-paradigme-en","11":"pa_langue-francais-en","12":"entry","14":"first","15":"outofstock","16":"shipping-taxable","17":"purchasable","18":"product-type-simple"},"acf":[],"_links":{"self":[{"href":"https:\/\/www.libraria-occitana.org\/en\/wp-json\/wp\/v2\/product\/34026","targetHints":{"allow":["GET"]}}],"collection":[{"href":"https:\/\/www.libraria-occitana.org\/en\/wp-json\/wp\/v2\/product"}],"about":[{"href":"https:\/\/www.libraria-occitana.org\/en\/wp-json\/wp\/v2\/types\/product"}],"wp:featuredmedia":[{"embeddable":true,"href":"https:\/\/www.libraria-occitana.org\/en\/wp-json\/wp\/v2\/media\/37348"}],"wp:attachment":[{"href":"https:\/\/www.libraria-occitana.org\/en\/wp-json\/wp\/v2\/media?parent=34026"}],"wp:term":[{"taxonomy":"product_brand","embeddable":true,"href":"https:\/\/www.libraria-occitana.org\/en\/wp-json\/wp\/v2\/product_brand?post=34026"},{"taxonomy":"product_cat","embeddable":true,"href":"https:\/\/www.libraria-occitana.org\/en\/wp-json\/wp\/v2\/product_cat?post=34026"},{"taxonomy":"product_tag","embeddable":true,"href":"https:\/\/www.libraria-occitana.org\/en\/wp-json\/wp\/v2\/product_tag?post=34026"}],"curies":[{"name":"wp","href":"https:\/\/api.w.org\/{rel}","templated":true}]}}