{"id":34031,"date":"2021-10-06T18:40:54","date_gmt":"2021-10-06T16:40:54","guid":{"rendered":"http:\/\/www.libraria-occitana.org\/?post_type=product&#038;p=34031\/"},"modified":"2026-04-29T10:55:07","modified_gmt":"2026-04-29T08:55:07","slug":"lorra-istoera-dun-hilh-de-gelos","status":"publish","type":"product","link":"https:\/\/www.libraria-occitana.org\/en\/product\/lorra-istoera-dun-hilh-de-gelos\/","title":{"rendered":"L&#8217;\u00f2rra isto\u00e8ra d&#8217;un hilh de Gel\u00f2s"},"content":{"rendered":"<blockquote>\n<p>Visen\u00e7 Labaisha n&#8217;a pas nada circonst\u00e0ncia atenuanta, \u00e7\u00f2 qui s&#8217;ap\u00e8ra nada, e qu&#8217;aqueths especialistas de las malaudias deu topin ne\u2019ns viengan pas avejar dab las lors rant\u00f2inas. Qu&#8217;a h\u00e8it de maishanteria. qu&#8217;ei anat dinc au cap d&#8217;aqueras tristas ideas qui daunejan en la societat desempuish annadas, segon las quaus un pair e ua mair n&#8217;an pas nat dret suus lors mainatges, e se&#8217;n v\u00f3len aver, aquestes quan lo dret de s&#8217;arrevendir, qu\u2019an lo dever de s&#8217;arrevendir. \u00c7\u00f3 de mau non p\u00f3t har bona fin, e puishque Visen\u00e7 Labaisha a volut seguir aquera trista m\u00f2da, tamp\u00eds per eth, jo ne\u2019u vau pas anar pl\u00e0nher, ni pensi guaire de monde a Gel\u00f2s. A Visen\u00e7 Labaisha que l&#8217;aur\u00e9n devut deishar au gave.<\/p>\n<\/blockquote>\n<p>Premier roman d&#8217;\u00c9ric Gonzales, qui obtint le prix Jean Boudou en 1997. Pour cette nouvelle \u00e9dition, l&#8217;auteur a modifi\u00e9 le style et chang\u00e9 des mots pour apporter plus de pr\u00e9cision et de rythme. C&#8217;est donc un livre nouveau qu&#8217;il vous propose.<\/p>\n<p>Une double tentative de meurtre et la mort de Vinsen\u00e7, coupable pr\u00e9sum\u00e9, servent de toile de fond. Pourtant, il ne s\u2019agit pas d\u2019un roman policier. Ce sont en fait sept r\u00e9cits, sept regards port\u00e9s sur le protagoniste par son entourage. Il s\u2019agit de la peinture d\u2019une soci\u00e9t\u00e9, d\u2019un quartier populaire, d\u2019une banlieue. Peut-\u00eatre aussi est-ce la description d\u2019un adolescent qui se d\u00e9bat et cherche son destin.<\/p>\n","protected":false},"excerpt":{"rendered":"<p>Visen\u00e7 Labaisha n&#8217;a pas nada circonst\u00e0ncia atenuanta, \u00e7\u00f2 qui s&#8217;ap\u00e8ra nada, e qu&#8217;aqueths especialistas de las malaudias deu topin ne\u2019ns viengan pas avejar dab las lors rant\u00f2inas. Qu&#8217;a h\u00e8it de maishanteria. qu&#8217;ei anat dinc au cap d&#8217;aqueras tristas ideas qui daunejan en la societat desempuish annadas, segon las quaus un pair e ua mair n&#8217;an [&hellip;]<\/p>\n","protected":false},"featured_media":54994,"template":"","meta":{"_acf_changed":false,"_genesis_hide_title":false,"_genesis_hide_breadcrumbs":false,"_genesis_hide_singular_image":false,"_genesis_hide_footer_widgets":false,"_genesis_custom_body_class":"","_genesis_custom_post_class":"","_genesis_layout":""},"product_brand":[],"product_cat":[7132,7174,7182],"product_tag":[],"class_list":{"0":"post-34031","1":"product","2":"type-product","3":"status-publish","4":"has-post-thumbnail","6":"product_cat-books","7":"product_cat-literature-en","8":"product_cat-novels-short-stories-en","9":"pa_auteur-gonzales-eric-en","10":"pa_editeur-reclams-en","11":"pa_langue-occitan-en","12":"pa_langue-occitan-gascon-en","13":"entry","15":"first","16":"instock","17":"shipping-taxable","18":"purchasable","19":"product-type-simple"},"acf":[],"_links":{"self":[{"href":"https:\/\/www.libraria-occitana.org\/en\/wp-json\/wp\/v2\/product\/34031","targetHints":{"allow":["GET"]}}],"collection":[{"href":"https:\/\/www.libraria-occitana.org\/en\/wp-json\/wp\/v2\/product"}],"about":[{"href":"https:\/\/www.libraria-occitana.org\/en\/wp-json\/wp\/v2\/types\/product"}],"wp:featuredmedia":[{"embeddable":true,"href":"https:\/\/www.libraria-occitana.org\/en\/wp-json\/wp\/v2\/media\/54994"}],"wp:attachment":[{"href":"https:\/\/www.libraria-occitana.org\/en\/wp-json\/wp\/v2\/media?parent=34031"}],"wp:term":[{"taxonomy":"product_brand","embeddable":true,"href":"https:\/\/www.libraria-occitana.org\/en\/wp-json\/wp\/v2\/product_brand?post=34031"},{"taxonomy":"product_cat","embeddable":true,"href":"https:\/\/www.libraria-occitana.org\/en\/wp-json\/wp\/v2\/product_cat?post=34031"},{"taxonomy":"product_tag","embeddable":true,"href":"https:\/\/www.libraria-occitana.org\/en\/wp-json\/wp\/v2\/product_tag?post=34031"}],"curies":[{"name":"wp","href":"https:\/\/api.w.org\/{rel}","templated":true}]}}