{"id":34033,"date":"2011-09-01T08:15:01","date_gmt":"2011-09-01T06:15:01","guid":{"rendered":"http:\/\/www.libraria-occitana.org\/?post_type=product&#038;p=34033\/"},"modified":"2026-04-17T22:56:07","modified_gmt":"2026-04-17T20:56:07","slug":"lome-que-plantava-darbres","status":"publish","type":"product","link":"https:\/\/www.libraria-occitana.org\/en\/product\/lome-que-plantava-darbres\/","title":{"rendered":"L&#8217;\u00f2me que plantava d&#8217;arbres"},"content":{"rendered":"<p>Traduit en occitan languedocien par J\u00f2rdi Blanc. Illustrations de Fr\u00e9d\u00e9ric Back.<\/p>\n<p>\u00c0 l&#8217;occasion d&#8217;une longue promenade \u00e0 pied dans un coin recul\u00e9 et d\u00e9sertique de Haute Provence, l&#8217;auteur rencontre un berger solitaire qui plantait des arbres, des milliers d&#8217;arbres.<br \/>\nPaisible et pacifique, sur des terres qui ne lui appartiennent m\u00eame pas, confiant dans sa t\u00e2che, les deux guerres mondiales et l&#8217;\u00e2ge, ni ne le perturbent ni ne l&#8217;interrompent.<br \/>\nAinsi, au fil des ann\u00e9es, il rend \u00e0 la vie une terre aride et \u00e0 un pays d\u00e9sol\u00e9.<\/p>\n<blockquote>\n<p>Lo pastre, que fumava pas, an\u00e8t cercar un sacon e vog\u00e8t sus la taula un molon d\u2019aglans. Se met\u00e8t a los espelucar, un pu\u00e8i l\u2019autre, menimosament, e a destriar los bons dels marrits. Tiravi sus la pipa. Me propaus\u00e8ri per l\u2019ajudar. Me digu\u00e8t qu\u2019aqu\u00f2\u2019s \u00e8ra son afar. Aqu\u00f2 rai : vist coss\u00ed i permejava, i torn\u00e8ri pas. Aqu\u00ed tota n\u00f2stra parlicada.<\/p>\n<\/blockquote>\n","protected":false},"excerpt":{"rendered":"<p>Traduit en occitan languedocien par J\u00f2rdi Blanc. Illustrations de Fr\u00e9d\u00e9ric Back. \u00c0 l&#8217;occasion d&#8217;une longue promenade \u00e0 pied dans un coin recul\u00e9 et d\u00e9sertique de Haute Provence, l&#8217;auteur rencontre un berger solitaire qui plantait des arbres, des milliers d&#8217;arbres. Paisible et pacifique, sur des terres qui ne lui appartiennent m\u00eame pas, confiant dans sa t\u00e2che, [&hellip;]<\/p>\n","protected":false},"featured_media":61862,"template":"","meta":{"_acf_changed":false,"_genesis_hide_title":false,"_genesis_hide_breadcrumbs":false,"_genesis_hide_singular_image":false,"_genesis_hide_footer_widgets":false,"_genesis_custom_body_class":"","_genesis_custom_post_class":"","_genesis_layout":""},"product_brand":[],"product_cat":[7132,7164,7166],"product_tag":[],"class_list":{"0":"post-34033","1":"product","2":"type-product","3":"status-publish","4":"has-post-thumbnail","6":"product_cat-books","7":"product_cat-juvenile-and-teen-comics-humour-en","8":"product_cat-teen-en","9":"pa_auteur-giono-jean-en","10":"pa_editeur-vent-terral-en","11":"pa_illustrateur-back-frederic-en","12":"pa_illustrateur-blanc-jordi-1-en","13":"pa_langue-occitan-en","14":"pa_langue-occitan-lengadocian-en","15":"entry","17":"first","18":"instock","19":"sold-individually","20":"shipping-taxable","21":"purchasable","22":"product-type-simple"},"acf":[],"_links":{"self":[{"href":"https:\/\/www.libraria-occitana.org\/en\/wp-json\/wp\/v2\/product\/34033","targetHints":{"allow":["GET"]}}],"collection":[{"href":"https:\/\/www.libraria-occitana.org\/en\/wp-json\/wp\/v2\/product"}],"about":[{"href":"https:\/\/www.libraria-occitana.org\/en\/wp-json\/wp\/v2\/types\/product"}],"wp:featuredmedia":[{"embeddable":true,"href":"https:\/\/www.libraria-occitana.org\/en\/wp-json\/wp\/v2\/media\/61862"}],"wp:attachment":[{"href":"https:\/\/www.libraria-occitana.org\/en\/wp-json\/wp\/v2\/media?parent=34033"}],"wp:term":[{"taxonomy":"product_brand","embeddable":true,"href":"https:\/\/www.libraria-occitana.org\/en\/wp-json\/wp\/v2\/product_brand?post=34033"},{"taxonomy":"product_cat","embeddable":true,"href":"https:\/\/www.libraria-occitana.org\/en\/wp-json\/wp\/v2\/product_cat?post=34033"},{"taxonomy":"product_tag","embeddable":true,"href":"https:\/\/www.libraria-occitana.org\/en\/wp-json\/wp\/v2\/product_tag?post=34033"}],"curies":[{"name":"wp","href":"https:\/\/api.w.org\/{rel}","templated":true}]}}