{"id":34071,"date":"2010-04-18T15:45:51","date_gmt":"2010-04-18T13:45:51","guid":{"rendered":"http:\/\/www.libraria-occitana.org\/?post_type=product&#038;p=34071\/"},"modified":"2026-04-21T23:01:32","modified_gmt":"2026-04-21T21:01:32","slug":"joan-bodon-jean-boudou-lhomme-lecrivain","status":"publish","type":"product","link":"https:\/\/www.libraria-occitana.org\/en\/product\/joan-bodon-jean-boudou-lhomme-lecrivain\/","title":{"rendered":"Joan Bodon &#8211; Jean Boudou : L&#8217;homme &#038; l&#8217;\u00e9crivain"},"content":{"rendered":"<p>L\u2019Ostal Joan Bodon, install\u00e9 dans la maison natale de l\u2019\u00e9crivain \u00e0 Crespin (12) propose ici une biographie de l\u2019auteur enrichie de nombreuses photographies. Le tout est accompagn\u00e9 de plusieurs extraits en occitan et traduits en fran\u00e7ais.<\/p>\n<p><strong>Pages extraites de :<\/strong><br \/>\n&#8211; Contes del meu ostal (Contes de ma maison)<br \/>\n&#8211; L\u2019Ostal n\u00f2stre, po\u00e8ma (Notre maison, po\u00e8me)<br \/>\n&#8211; Lo Libre dels grands jorns (Le Livre des grands jours)<br \/>\n&#8211; Letra de Joan Bodon a Enric Molin (Lettre de Jean Boudou \u00e0 Henri Mouly).<\/p>\n","protected":false},"excerpt":{"rendered":"<p>L\u2019Ostal Joan Bodon, install\u00e9 dans la maison natale de l\u2019\u00e9crivain \u00e0 Crespin (12) propose ici une biographie de l\u2019auteur enrichie de nombreuses photographies. Le tout est accompagn\u00e9 de plusieurs extraits en occitan et traduits en fran\u00e7ais. Pages extraites de : &#8211; Contes del meu ostal (Contes de ma maison) &#8211; L\u2019Ostal n\u00f2stre, po\u00e8ma (Notre maison, [&hellip;]<\/p>\n","protected":false},"featured_media":53029,"template":"","meta":{"_acf_changed":false,"_genesis_hide_title":false,"_genesis_hide_breadcrumbs":false,"_genesis_hide_singular_image":false,"_genesis_hide_footer_widgets":false,"_genesis_custom_body_class":"","_genesis_custom_post_class":"","_genesis_layout":""},"product_brand":[],"product_cat":[7188,7132,7174],"product_tag":[],"class_list":{"0":"post-34071","1":"product","2":"type-product","3":"status-publish","4":"has-post-thumbnail","6":"product_cat-arts-studies-en","7":"product_cat-books","8":"product_cat-literature-en","9":"pa_auteur-ostal-joan-bodon-en","10":"pa_editeur-ieo-fr-en","11":"pa_langue-francais-en","12":"entry","14":"first","15":"instock","16":"shipping-taxable","17":"purchasable","18":"product-type-simple"},"acf":[],"_links":{"self":[{"href":"https:\/\/www.libraria-occitana.org\/en\/wp-json\/wp\/v2\/product\/34071","targetHints":{"allow":["GET"]}}],"collection":[{"href":"https:\/\/www.libraria-occitana.org\/en\/wp-json\/wp\/v2\/product"}],"about":[{"href":"https:\/\/www.libraria-occitana.org\/en\/wp-json\/wp\/v2\/types\/product"}],"wp:featuredmedia":[{"embeddable":true,"href":"https:\/\/www.libraria-occitana.org\/en\/wp-json\/wp\/v2\/media\/53029"}],"wp:attachment":[{"href":"https:\/\/www.libraria-occitana.org\/en\/wp-json\/wp\/v2\/media?parent=34071"}],"wp:term":[{"taxonomy":"product_brand","embeddable":true,"href":"https:\/\/www.libraria-occitana.org\/en\/wp-json\/wp\/v2\/product_brand?post=34071"},{"taxonomy":"product_cat","embeddable":true,"href":"https:\/\/www.libraria-occitana.org\/en\/wp-json\/wp\/v2\/product_cat?post=34071"},{"taxonomy":"product_tag","embeddable":true,"href":"https:\/\/www.libraria-occitana.org\/en\/wp-json\/wp\/v2\/product_tag?post=34071"}],"curies":[{"name":"wp","href":"https:\/\/api.w.org\/{rel}","templated":true}]}}