{"id":34109,"date":"2006-05-01T18:51:38","date_gmt":"2006-05-01T16:51:38","guid":{"rendered":"http:\/\/www.libraria-occitana.org\/?post_type=product&#038;p=34109\/"},"modified":"2026-04-24T23:31:11","modified_gmt":"2026-04-24T21:31:11","slug":"iniciacion-a-loccitan-ancian-detz-e-nou-textes-de-ledat-mejana-comentats","status":"publish","type":"product","link":"https:\/\/www.libraria-occitana.org\/en\/product\/iniciacion-a-loccitan-ancian-detz-e-nou-textes-de-ledat-mejana-comentats\/","title":{"rendered":"Iniciacion a l&#8217;occitan ancian : D\u00e8tz e n\u00f2u t\u00e8xtes de l&#8217;Edat Mejana comentats"},"content":{"rendered":"<p>L\u2019<em>Iniciacion a l\u2019occitan ancian<\/em> est un manuel pratique qui pr\u00e9sente en dix-neuf le\u00e7ons, \u00e0 partir d\u2019un choix de textes, ce qu\u2019il faut conna\u00eetre au sujet de l\u2019ancien occitan (morphologie nominale et verbale, syntaxe\u2026) pour lire les textes litt\u00e9raires du Moyen \u00c2ge sans passer par les traductions fran\u00e7aises.<br \/>\nIl est le prolongement et le compl\u00e9ment indispensable de <em>La Lenga del Trobar, prec\u00eds de gramatica d\u2019occitan ancian<\/em>, publi\u00e9 en 1999. L\u2019<em>Iniciacion a l\u2019occitan ancian<\/em> s\u2019adresse bien s\u00fbr aux \u00e9tudiants mais aussi aux curieux qui, par go\u00fbt personnel, veulent d\u00e9couvrir seuls l\u2019ancien occitan ou en approfondir la connaissance.<\/p>\n","protected":false},"excerpt":{"rendered":"<p>L\u2019Iniciacion a l\u2019occitan ancian est un manuel pratique qui pr\u00e9sente en dix-neuf le\u00e7ons, \u00e0 partir d\u2019un choix de textes, ce qu\u2019il faut conna\u00eetre au sujet de l\u2019ancien occitan (morphologie nominale et verbale, syntaxe\u2026) pour lire les textes litt\u00e9raires du Moyen \u00c2ge sans passer par les traductions fran\u00e7aises. Il est le prolongement et le compl\u00e9ment indispensable [&hellip;]<\/p>\n","protected":false},"featured_media":42496,"template":"","meta":{"_acf_changed":false,"_genesis_hide_title":false,"_genesis_hide_breadcrumbs":false,"_genesis_hide_singular_image":false,"_genesis_hide_footer_widgets":false,"_genesis_custom_body_class":"","_genesis_custom_post_class":"","_genesis_layout":""},"product_brand":[],"product_cat":[7132,7138,7136],"product_tag":[],"class_list":{"0":"post-34109","1":"product","2":"type-product","3":"status-publish","4":"has-post-thumbnail","6":"product_cat-books","7":"product_cat-dictionaries-grammars-en","8":"product_cat-dictionaries-language-educational-en","9":"pa_auteur-bianchi-andrieu-en","10":"pa_auteur-romieu-maurici-en","11":"pa_editeur-pu-bordeaux-en","12":"pa_langue-occitan-lengadocian-en","13":"pa_langue-occitan-medievau-en","14":"pa_langue-occitan-francais-en","15":"entry","17":"first","18":"outofstock","19":"sold-individually","20":"shipping-taxable","21":"purchasable","22":"product-type-simple"},"acf":[],"_links":{"self":[{"href":"https:\/\/www.libraria-occitana.org\/en\/wp-json\/wp\/v2\/product\/34109","targetHints":{"allow":["GET"]}}],"collection":[{"href":"https:\/\/www.libraria-occitana.org\/en\/wp-json\/wp\/v2\/product"}],"about":[{"href":"https:\/\/www.libraria-occitana.org\/en\/wp-json\/wp\/v2\/types\/product"}],"wp:featuredmedia":[{"embeddable":true,"href":"https:\/\/www.libraria-occitana.org\/en\/wp-json\/wp\/v2\/media\/42496"}],"wp:attachment":[{"href":"https:\/\/www.libraria-occitana.org\/en\/wp-json\/wp\/v2\/media?parent=34109"}],"wp:term":[{"taxonomy":"product_brand","embeddable":true,"href":"https:\/\/www.libraria-occitana.org\/en\/wp-json\/wp\/v2\/product_brand?post=34109"},{"taxonomy":"product_cat","embeddable":true,"href":"https:\/\/www.libraria-occitana.org\/en\/wp-json\/wp\/v2\/product_cat?post=34109"},{"taxonomy":"product_tag","embeddable":true,"href":"https:\/\/www.libraria-occitana.org\/en\/wp-json\/wp\/v2\/product_tag?post=34109"}],"curies":[{"name":"wp","href":"https:\/\/api.w.org\/{rel}","templated":true}]}}