{"id":34139,"date":"1997-05-21T18:43:55","date_gmt":"1997-05-21T16:43:55","guid":{"rendered":"http:\/\/www.libraria-occitana.org\/?post_type=product&#038;p=34139\/"},"modified":"2026-04-15T22:31:21","modified_gmt":"2026-04-15T20:31:21","slug":"histoire-et-anthologie-de-la-litterature-occitane-ii-lage-baroque-1520-1789","status":"publish","type":"product","link":"https:\/\/www.libraria-occitana.org\/en\/product\/histoire-et-anthologie-de-la-litterature-occitane-ii-lage-baroque-1520-1789\/","title":{"rendered":"Histoire et anthologie de la litt\u00e9rature occitane II : L&#8217;\u00e2ge baroque 1520-1789"},"content":{"rendered":"<p>Une anthologie historique de la litt\u00e9rature occitane. Cet ouvrage monumental rassemble une somme de textes bilingues introduits par des notices historiques et critiques permettant de les replacer dans l&#8217;\u00e9volution g\u00e9n\u00e9rale de la langue et de la litt\u00e9rature d&#8217;oc depuis mille ans.<\/p>\n<p>Ce deuxi\u00e8me tome, l&#8217;\u00e2ge du baroque, constitue, apr\u00e8s l&#8217;\u00e2ge classique des troubadours, le deuxi\u00e8me grand moment de la litt\u00e9rature occitane : \u00e0 partir du milieu du XVIe si\u00e8cle, autour des villes pionni\u00e8res comme Toulouse, Marseille ou Aix, appara\u00eet une \u00ab nouvelle\u00a0\u00bb vague d&#8217;\u0153uvres et d&#8217;\u00e9crivains dont le retentissement, au del\u00e0 de la riche flamb\u00e9e des ann\u00e9es 1600 (Garros, Bellaud, Ader, Larade, Godolin &#8230;), se prolonge et se diversifie jusqu&#8217;au seuil de la p\u00e9riode r\u00e9volutionnaire.<\/p>\n<p>On trouvera dans ce volume une \u00e9vocation des \u00e9crivains les plus marquants de cette p\u00e9riode et un parcours des grandes aventures esth\u00e9tiques (la tentation baroque, le mani\u00e9risme po\u00e9tique, la parodie, le burlesque, etc.). On d\u00e9couvrira, chemin faisant, des courants d&#8217;\u00e9criture moins facilement classables, mais tout aussi caract\u00e9ristiques : le th\u00e9\u00e2tre d&#8217;oc des XVIIe et XVIIIe si\u00e8cles (et, en particulier, le \u00ab th\u00e9\u00e2tre de B\u00e9ziers\u00a0\u00bb qui marqua profond\u00e9ment Moli\u00e8re), la litt\u00e9rature religieuse ou encore, \u00e0 la fin de la p\u00e9riode, l&#8217;\u0153uvre fascinante de Jean-Baptiste Fabre qui se situe autour de Montpellier.<\/p>\n<p>T\u00e9moin de l&#8217;\u00e9volution des soci\u00e9t\u00e9s, villageoise et rurale, ou effet de leur imaginaire, la litt\u00e9rature occitane de l&#8217;\u00e2ge du baroque appara\u00eet comme un continent dont l&#8217;exploration, entre le temps des troubadours et celui de Mistral, r\u00e9serve de nombreuses surprises.<\/p>\n<p><a href=\"http:\/\/www.libraria-occitana.org\/produit\/histoire-et-anthologie-de-la-litterature-occitane-i-lage-classique-1000-1520\/\">Histoire et anthologie de la litt\u00e9rature occitane I : L\u2019\u00e2ge classique 1000-1520<\/a><\/p>\n","protected":false},"excerpt":{"rendered":"<p>Une anthologie historique de la litt\u00e9rature occitane. Cet ouvrage monumental rassemble une somme de textes bilingues introduits par des notices historiques et critiques permettant de les replacer dans l&#8217;\u00e9volution g\u00e9n\u00e9rale de la langue et de la litt\u00e9rature d&#8217;oc depuis mille ans. Ce deuxi\u00e8me tome, l&#8217;\u00e2ge du baroque, constitue, apr\u00e8s l&#8217;\u00e2ge classique des troubadours, le deuxi\u00e8me [&hellip;]<\/p>\n","protected":false},"featured_media":38645,"template":"","meta":{"_acf_changed":false,"_genesis_hide_title":false,"_genesis_hide_breadcrumbs":false,"_genesis_hide_singular_image":false,"_genesis_hide_footer_widgets":false,"_genesis_custom_body_class":"","_genesis_custom_post_class":"","_genesis_layout":""},"product_brand":[],"product_cat":[7188,7132,7174],"product_tag":[],"class_list":{"0":"post-34139","1":"product","2":"type-product","3":"status-publish","4":"has-post-thumbnail","6":"product_cat-arts-studies-en","7":"product_cat-books","8":"product_cat-literature-en","9":"pa_editeur-les-presses-du-languedoc-en","10":"pa_illustrateur-lafont-robert-en","11":"pa_langue-francais-en","12":"entry","14":"first","15":"outofstock","16":"sold-individually","17":"shipping-taxable","18":"purchasable","19":"product-type-simple"},"acf":[],"_links":{"self":[{"href":"https:\/\/www.libraria-occitana.org\/en\/wp-json\/wp\/v2\/product\/34139","targetHints":{"allow":["GET"]}}],"collection":[{"href":"https:\/\/www.libraria-occitana.org\/en\/wp-json\/wp\/v2\/product"}],"about":[{"href":"https:\/\/www.libraria-occitana.org\/en\/wp-json\/wp\/v2\/types\/product"}],"wp:featuredmedia":[{"embeddable":true,"href":"https:\/\/www.libraria-occitana.org\/en\/wp-json\/wp\/v2\/media\/38645"}],"wp:attachment":[{"href":"https:\/\/www.libraria-occitana.org\/en\/wp-json\/wp\/v2\/media?parent=34139"}],"wp:term":[{"taxonomy":"product_brand","embeddable":true,"href":"https:\/\/www.libraria-occitana.org\/en\/wp-json\/wp\/v2\/product_brand?post=34139"},{"taxonomy":"product_cat","embeddable":true,"href":"https:\/\/www.libraria-occitana.org\/en\/wp-json\/wp\/v2\/product_cat?post=34139"},{"taxonomy":"product_tag","embeddable":true,"href":"https:\/\/www.libraria-occitana.org\/en\/wp-json\/wp\/v2\/product_tag?post=34139"}],"curies":[{"name":"wp","href":"https:\/\/api.w.org\/{rel}","templated":true}]}}